{"id":464280,"date":"2024-02-28T20:57:42","date_gmt":"2024-02-28T19:57:42","guid":{"rendered":"https:\/\/lucacastelli.com\/prodotto\/akku-rucksack-spruhgerat-basisgerat-m18bpfph-401\/"},"modified":"2024-02-28T20:57:42","modified_gmt":"2024-02-28T19:57:42","slug":"akku-rucksack-spruhgerat-basisgerat-m18bpfph-401","status":"publish","type":"product","link":"https:\/\/lucacastelli.com\/en\/product\/akku-rucksack-spruhgerat-basisgerat-m18bpfph-401\/","title":{"rendered":"Akku-Rucksack-Spr\u00fchger\u00e4t &#8211; Basisger\u00e4t M18BPFPH-401"},"content":{"rendered":"<p>SWITCH TANK TM Modular design: One base can be used with several tanks due to its versatility.<br \/>\nWith adjustable pressure selector disc to best suit the user&#8217;s needs<br \/>\nAdditional, interchangeable tank assembly to avoid chemical contamination<br \/>\nInterchangeable tank assembly reduces operating costs<br \/>\nInstantaneous, constant and adjustable pressure for maximum control<br \/>\n5-mode pressure adjustment knob adjusts pressure between 20 and 120 PSI, allowing you to perform a wide range of applications<br \/>\nUp to 120 PSI (8.3 bar) and 25&#8221; spray distance<br \/>\nAutonomy: up to 12 tanks per charge with M18\u2122 REDLITHIUM\u2122 XC3.0 battery<br \/>\nCritical seals: Viton\u00ae for increased chemical resistance<br \/>\nDouble diaphragm pump: for longer pump life<br \/>\nLarge neck opening and filter: for easier and waste-free pouring<br \/>\nWide straps for greater comfort during longer work cycles<br \/>\nCarrying handle for convenient transport and storage<br \/>\nReplaceable tanks, without manual pumping<\/p>\n<p>Technical data:<br \/>\nLength: 25 cm<br \/>\nWidth: 33 cm<br \/>\nM18<br \/>\nbattery system Weight: 7.4 kg<br \/>\nHeight: 55 cm<br \/>\nBattery powered<\/p>\n<p>Scope of<br \/>\ndelivery Cordless backpack sprayer &#8211; basic<br \/>\nunit 1x 4Ah 18V<br \/>\nbattery charger M12-18 C<br \/>\nATTENTION: without tank<\/p>\n","protected":false},"excerpt":{"rendered":"<p>SWITCH TANK TM Modular design: One base can be used with several tanks due to its versatility. With adjustable pressure<\/p>\n","protected":false},"featured_media":57744,"template":"","meta":{"_seopress_robots_primary_cat":"","_seopress_titles_title":"","_seopress_titles_desc":"","_seopress_robots_index":""},"product_brand":[3407],"product_cat":[29,499,534],"product_tag":[],"class_list":{"0":"post-464280","1":"product","2":"type-product","3":"status-publish","4":"has-post-thumbnail","6":"product_brand-milwaukee","7":"product_cat-macchinari","8":"product_cat-atomizzatori-e-irroratori","9":"product_cat-irroratori-atomizzatori-e-irroratori","11":"first","12":"onbackorder","13":"shipping-taxable","14":"purchasable","15":"product-type-simple"},"_links":{"self":[{"href":"https:\/\/lucacastelli.com\/en\/wp-json\/wp\/v2\/product\/464280","targetHints":{"allow":["GET"]}}],"collection":[{"href":"https:\/\/lucacastelli.com\/en\/wp-json\/wp\/v2\/product"}],"about":[{"href":"https:\/\/lucacastelli.com\/en\/wp-json\/wp\/v2\/types\/product"}],"wp:featuredmedia":[{"embeddable":true,"href":"https:\/\/lucacastelli.com\/en\/wp-json\/wp\/v2\/media\/57744"}],"wp:attachment":[{"href":"https:\/\/lucacastelli.com\/en\/wp-json\/wp\/v2\/media?parent=464280"}],"wp:term":[{"taxonomy":"product_brand","embeddable":true,"href":"https:\/\/lucacastelli.com\/en\/wp-json\/wp\/v2\/product_brand?post=464280"},{"taxonomy":"product_cat","embeddable":true,"href":"https:\/\/lucacastelli.com\/en\/wp-json\/wp\/v2\/product_cat?post=464280"},{"taxonomy":"product_tag","embeddable":true,"href":"https:\/\/lucacastelli.com\/en\/wp-json\/wp\/v2\/product_tag?post=464280"}],"curies":[{"name":"wp","href":"https:\/\/api.w.org\/{rel}","templated":true}]}}