{"id":417201,"date":"2025-02-24T15:07:04","date_gmt":"2025-02-24T14:07:04","guid":{"rendered":"https:\/\/lucacastelli.com\/prodotto\/spillseilwinde-eder-winch-500eder\/"},"modified":"2025-06-28T22:34:32","modified_gmt":"2025-06-28T20:34:32","slug":"spillseilwinde-eder-winch-500eder","status":"publish","type":"product","link":"https:\/\/lucacastelli.com\/en\/product\/spillseilwinde-eder-winch-500eder\/","title":{"rendered":"Spillseilwinde EDER Winch 500eder"},"content":{"rendered":"","protected":false},"excerpt":{"rendered":"<p>Die Spillseilwinde EDER Winch 500 ist ein wahres Fliegengewicht und \u00fcberzeugt durch extreme Leichtigkeit und hohe Laufruhe.<br \/>\nAngetrieben wird die Spillwinde von einem Honda 4 Takt Motor, der in jeder Position arbeiten kann. Eingesetzt wird ein leichtes Kunst Windenseil 9-10mm mit beliebiger L\u00e4nge. Das Seil wir auf die Spilltrommel gewickelt. Durch leichtes zeihen am Seil kann der Ben\u00fctzer aus sicherer Distanz die Seilwinde steuern. Sobald das Seil l\u00f6sgelassen wird, wird dieses in der Seilklemme verankert. So ist die Last gegen ein Wegrutschen gesichert.     <\/p>\n<p>500 kg Zugkraft im direkten Zug; Zuggeschwindigkeit 12 m\/min<br \/>\nGewicht: 8 kg<\/p>\n<p>&nbsp;<\/p>\n<p>&nbsp;<\/p>\n<h3 class=\"fusion-woocommerce-tab-title fusion-responsive-typography-calculated\" data-fontsize=\"16\" data-lineheight=\"24px\">Beschreibung<\/h3>\n<p>Die Spillseilwinde EDER Winch 500 ist ein wahres Fliegengewicht und \u00fcberzeugt durch extreme Leichtigkeit und hohe Laufruhe.<\/p>\n","protected":false},"featured_media":102729,"template":"","meta":{"_seopress_robots_primary_cat":"","_seopress_titles_title":"","_seopress_titles_desc":"","_seopress_robots_index":""},"product_brand":[3417],"product_cat":[29,268,269],"product_tag":[],"class_list":{"0":"post-417201","1":"product","2":"type-product","3":"status-publish","4":"has-post-thumbnail","6":"product_brand-eder","7":"product_cat-macchinari","8":"product_cat-motoseghe","9":"product_cat-accessori-e-materiale-di-consumo-tosasiepi-e-potatori","10":"sws-gruppo-macchinari","11":"sws-categoria-sito","12":"sws-conto-ricavi-merci-rivendita-macchinari","13":"sws-gruppo-iva-iva81","15":"first","16":"instock","17":"sale","18":"shipping-taxable","19":"purchasable","20":"product-type-simple"},"_links":{"self":[{"href":"https:\/\/lucacastelli.com\/en\/wp-json\/wp\/v2\/product\/417201","targetHints":{"allow":["GET"]}}],"collection":[{"href":"https:\/\/lucacastelli.com\/en\/wp-json\/wp\/v2\/product"}],"about":[{"href":"https:\/\/lucacastelli.com\/en\/wp-json\/wp\/v2\/types\/product"}],"wp:featuredmedia":[{"embeddable":true,"href":"https:\/\/lucacastelli.com\/en\/wp-json\/wp\/v2\/media\/102729"}],"wp:attachment":[{"href":"https:\/\/lucacastelli.com\/en\/wp-json\/wp\/v2\/media?parent=417201"}],"wp:term":[{"taxonomy":"product_brand","embeddable":true,"href":"https:\/\/lucacastelli.com\/en\/wp-json\/wp\/v2\/product_brand?post=417201"},{"taxonomy":"product_cat","embeddable":true,"href":"https:\/\/lucacastelli.com\/en\/wp-json\/wp\/v2\/product_cat?post=417201"},{"taxonomy":"product_tag","embeddable":true,"href":"https:\/\/lucacastelli.com\/en\/wp-json\/wp\/v2\/product_tag?post=417201"}],"curies":[{"name":"wp","href":"https:\/\/api.w.org\/{rel}","templated":true}]}}