{"id":414835,"date":"2024-11-13T10:05:00","date_gmt":"2024-11-13T09:05:00","guid":{"rendered":"https:\/\/lucacastelli.com\/prodotto\/milwaukee-sagekette-30cm-fur-m18-fthchs30-sagekette-325lp-x-305-x-1-1\/"},"modified":"2025-06-29T08:06:21","modified_gmt":"2025-06-29T06:06:21","slug":"milwaukee-sagekette-30cm-fur-m18-fthchs30-sagekette-325lp-x-305-x-1-1","status":"publish","type":"product","link":"https:\/\/lucacastelli.com\/en\/product\/milwaukee-sagekette-30cm-fur-m18-fthchs30-sagekette-325lp-x-305-x-1-1\/","title":{"rendered":"Milwaukee S\u00e4gekette 30cm f\u00fcr M18 FTHCHS30 S\u00e4gekette 325LP x 305 x 1.1"},"content":{"rendered":"<p>Replacement chain for M18\u2122 chainsaw FTHCHS30<\/p>\n<p>Technical Data:<br \/>\nLENGTH 30 cm<br \/>\nPitch 0.325 inch<br \/>\nFITS FRAME<br \/>\nSAW TABLE CONTENTS 1<\/p>\n","protected":false},"excerpt":{"rendered":"<p>Replacement chain for M18\u2122 chainsaw FTHCHS30 Technical Data: LENGTH 30 cm Pitch 0.325 inch FITS FRAME SAW TABLE CONTENTS 1<\/p>\n","protected":false},"featured_media":58249,"template":"","meta":{"_seopress_robots_primary_cat":"","_seopress_titles_title":"","_seopress_titles_desc":"","_seopress_robots_index":""},"product_brand":[3657],"product_cat":[165,1596,1597,1679],"product_tag":[],"class_list":{"0":"post-414835","1":"product","2":"type-product","3":"status-publish","4":"has-post-thumbnail","6":"product_brand-milwaukee-en","7":"product_cat-machinery","8":"product_cat-chainsaws","9":"product_cat-accessories-and-consumables-en-4","10":"product_cat-hedge-trimmers-and-pruners","12":"first","13":"instock","14":"shipping-taxable","15":"purchasable","16":"product-type-simple"},"_links":{"self":[{"href":"https:\/\/lucacastelli.com\/en\/wp-json\/wp\/v2\/product\/414835","targetHints":{"allow":["GET"]}}],"collection":[{"href":"https:\/\/lucacastelli.com\/en\/wp-json\/wp\/v2\/product"}],"about":[{"href":"https:\/\/lucacastelli.com\/en\/wp-json\/wp\/v2\/types\/product"}],"wp:featuredmedia":[{"embeddable":true,"href":"https:\/\/lucacastelli.com\/en\/wp-json\/wp\/v2\/media\/58249"}],"wp:attachment":[{"href":"https:\/\/lucacastelli.com\/en\/wp-json\/wp\/v2\/media?parent=414835"}],"wp:term":[{"taxonomy":"product_brand","embeddable":true,"href":"https:\/\/lucacastelli.com\/en\/wp-json\/wp\/v2\/product_brand?post=414835"},{"taxonomy":"product_cat","embeddable":true,"href":"https:\/\/lucacastelli.com\/en\/wp-json\/wp\/v2\/product_cat?post=414835"},{"taxonomy":"product_tag","embeddable":true,"href":"https:\/\/lucacastelli.com\/en\/wp-json\/wp\/v2\/product_tag?post=414835"}],"curies":[{"name":"wp","href":"https:\/\/api.w.org\/{rel}","templated":true}]}}