{"id":414833,"date":"2024-11-13T09:52:26","date_gmt":"2024-11-13T08:52:26","guid":{"rendered":"https:\/\/lucacastelli.com\/prodotto\/milwaukee-flach-und-rundduesen-kit-fuer-geblaese\/"},"modified":"2025-06-29T08:06:05","modified_gmt":"2025-06-29T06:06:05","slug":"milwaukee-flach-und-rundduesen-kit-fuer-geblaese","status":"publish","type":"product","link":"https:\/\/lucacastelli.com\/en\/product\/milwaukee-flach-und-rundduesen-kit-fuer-geblaese\/","title":{"rendered":"Milwaukee Flach- und Rundd\u00fcsen Kit f\u00fcr Gebl\u00e4se"},"content":{"rendered":"<p>Compatible with all blowers, including QUIK-LOKs\u2122.<br \/>\nContains: 1x flat nozzle, 1x round nozzle<\/p>\n","protected":false},"excerpt":{"rendered":"<p>Compatible with all blowers, including QUIK-LOKs\u2122. Contains: 1x flat nozzle, 1x round nozzle<\/p>\n","protected":false},"featured_media":58239,"template":"","meta":{"_seopress_robots_primary_cat":"","_seopress_titles_title":"","_seopress_titles_desc":"","_seopress_robots_index":""},"product_brand":[3657],"product_cat":[1646,1637,165],"product_tag":[],"class_list":{"0":"post-414833","1":"product","2":"type-product","3":"status-publish","4":"has-post-thumbnail","6":"product_brand-milwaukee-en","7":"product_cat-accessories-and-consumables-en-6","8":"product_cat-blowers-and-vacuum-cleaners","9":"product_cat-machinery","11":"first","12":"instock","13":"shipping-taxable","14":"purchasable","15":"product-type-simple"},"_links":{"self":[{"href":"https:\/\/lucacastelli.com\/en\/wp-json\/wp\/v2\/product\/414833","targetHints":{"allow":["GET"]}}],"collection":[{"href":"https:\/\/lucacastelli.com\/en\/wp-json\/wp\/v2\/product"}],"about":[{"href":"https:\/\/lucacastelli.com\/en\/wp-json\/wp\/v2\/types\/product"}],"wp:featuredmedia":[{"embeddable":true,"href":"https:\/\/lucacastelli.com\/en\/wp-json\/wp\/v2\/media\/58239"}],"wp:attachment":[{"href":"https:\/\/lucacastelli.com\/en\/wp-json\/wp\/v2\/media?parent=414833"}],"wp:term":[{"taxonomy":"product_brand","embeddable":true,"href":"https:\/\/lucacastelli.com\/en\/wp-json\/wp\/v2\/product_brand?post=414833"},{"taxonomy":"product_cat","embeddable":true,"href":"https:\/\/lucacastelli.com\/en\/wp-json\/wp\/v2\/product_cat?post=414833"},{"taxonomy":"product_tag","embeddable":true,"href":"https:\/\/lucacastelli.com\/en\/wp-json\/wp\/v2\/product_tag?post=414833"}],"curies":[{"name":"wp","href":"https:\/\/api.w.org\/{rel}","templated":true}]}}