{"id":841995,"date":"2026-05-12T21:32:23","date_gmt":"2026-05-12T19:32:23","guid":{"rendered":"https:\/\/lucacastelli.com\/prodotto\/helly-hansen-alna-2-0-wattierte-warnschutz-winterlatzhose-klasse-1\/"},"modified":"2026-05-12T21:32:23","modified_gmt":"2026-05-12T19:32:23","slug":"helly-hansen-alna-2-0-wattierte-warnschutz-winterlatzhose-klasse-1","status":"publish","type":"product","link":"https:\/\/lucacastelli.com\/de\/produkt\/helly-hansen-alna-2-0-wattierte-warnschutz-winterlatzhose-klasse-1\/","title":{"rendered":"HELLY HANSEN Alna 2.0 Wattierte Warnschutz-Winterlatzhose Klasse 1"},"content":{"rendered":"<p>Die Alna 2.0 Winterhose Klasse 1 bietet eine perfekte Passform, innovative Taschenl\u00f6sungen und reflektierende W\u00e4rme\u00fcbertragungselemente, um Komfort und Sichtbarkeit bei der Arbeit an kalten und dunklen Wintertagen zu gew\u00e4hrleisten.<\/p>\n<p>&nbsp;<\/p>\n<p>Faserzusammensetzung:<\/p>\n<div class=\"richtext_wrapper__Niu8c blocks_root__vE_15\">\n<p>Hauptgewebe: 100 % Polyester \u2013 215 g\/m\u00b2<br \/>\nZweitgewebe: 100 % Polyamid \u2013 235 g\/m\u00b2<br \/>\nFutter: 100 % Polyamid<br \/>\nIsolierung: 100 % recycelter Polyester<\/p>\n<\/div>\n<div class=\"richtext_wrapper__Niu8c blocks_root__vE_15\"><\/div>\n<div><\/div>\n<div>\n<ul>\n<li>\n<p class=\"body_default__RaVMl body_style--basic__YZ4a6\">EN ISO 20471:2013: 1<\/p>\n<\/li>\n<li>\n<p class=\"body_default__RaVMl body_style--basic__YZ4a6\">EN ISO 20471:2013: Max. 20 W\u00e4schen<\/p>\n<\/li>\n<li>\n<p class=\"body_default__RaVMl body_style--basic__YZ4a6\">EN 343:2019: 3, 1, X<\/p>\n<\/li>\n<li>\n<p class=\"body_default__RaVMl body_style--basic__YZ4a6\">EN 342:2017: Icler 0,324 m\u00b2K\/W (B), 3, WP: kombiniert mit 71392, 71393<\/p>\n<\/li>\n<li>\n<p class=\"body_default__RaVMl body_style--basic__YZ4a6\">HELLY TECH\u00ae PROFESSIONAL<\/p>\n<\/li>\n<li>\n<p class=\"body_default__RaVMl body_style--basic__YZ4a6\">PrimaLoft\u00ae BLACK<\/p>\n<\/li>\n<li>\n<p class=\"body_default__RaVMl body_style--basic__YZ4a6\">YKK\u00ae-Rei\u00dfverschluss<\/p>\n<\/li>\n<li>\n<p class=\"body_default__RaVMl body_style--basic__YZ4a6\">Heften mit AMANN Garnen<\/p>\n<\/li>\n<li>\n<p class=\"body_default__RaVMl body_style--basic__YZ4a6\">Vollst\u00e4ndig verschweisste N\u00e4hte<\/p>\n<\/li>\n<li>\n<p class=\"body_default__RaVMl body_style--basic__YZ4a6\">Abnehmbare elastische Hosentr\u00e4ger<\/p>\n<\/li>\n<li>\n<p class=\"body_default__RaVMl body_style--basic__YZ4a6\">Breite G\u00fcrtelschlaufe hinten in der Mitte f\u00fcr optimale Stabilit\u00e4t und Belastbarkeit<\/p>\n<\/li>\n<li>\n<p class=\"body_default__RaVMl body_style--basic__YZ4a6\">Oberschenkeltasche mit Klettverschluss<\/p>\n<\/li>\n<li>\n<p class=\"body_default__RaVMl body_style--basic__YZ4a6\">Zollstocktasche<\/p>\n<\/li>\n<li>\n<p class=\"body_default__RaVMl body_style--basic__YZ4a6\">Kniehoher Stiefelreissverschluss mit Windschutzleiste und Klettverschluss<\/p>\n<\/li>\n<li>\n<p class=\"body_default__RaVMl body_style--basic__YZ4a6\">Die Position der Kniepolster kann f\u00fcr optimale Bewegungsfreiheit um 5 cm angepasst werden<\/p>\n<\/li>\n<li>\n<p class=\"body_default__RaVMl body_style--basic__YZ4a6\">Gamaschen mit Haken<\/p>\n<\/li>\n<li>\n<p class=\"body_default__RaVMl body_style--basic__YZ4a6\">Optionale Beinverl\u00e4ngerung um 5 cm<\/p>\n<\/li>\n<li>\n<p class=\"body_default__RaVMl body_style--basic__YZ4a6\">Reflektierende Designdetails<\/p>\n<\/li>\n<\/ul>\n<\/div>\n","protected":false},"excerpt":{"rendered":"<p>Die Alna 2.0 Winterhose Klasse 1 bietet eine perfekte Passform, innovative Taschenl\u00f6sungen und reflektierende W\u00e4rme\u00fcbertragungselemente, um Komfort und Sichtbarkeit bei<\/p>\n","protected":false},"featured_media":841992,"template":"","meta":{"_seopress_robots_primary_cat":"","_seopress_titles_title":"","_seopress_titles_desc":"","_seopress_robots_index":""},"product_brand":[4686],"product_cat":[82,1382],"product_tag":[],"class_list":{"0":"post-841995","1":"product","2":"type-product","3":"status-publish","4":"has-post-thumbnail","6":"product_brand-helly-hansen-workwear-de","7":"product_cat-kleidung","8":"product_cat-arbeitskleidung","9":"sws-gruppo-abb-libero-de","10":"sws-conto-ricavi-merci-rivendita-abbigliamento-de","11":"sws-gruppo-iva-iva81-de","13":"first","14":"instock","15":"sale","16":"shipping-taxable","17":"purchasable","18":"product-type-variable","19":"has-default-attributes"},"_links":{"self":[{"href":"https:\/\/lucacastelli.com\/de\/wp-json\/wp\/v2\/product\/841995","targetHints":{"allow":["GET"]}}],"collection":[{"href":"https:\/\/lucacastelli.com\/de\/wp-json\/wp\/v2\/product"}],"about":[{"href":"https:\/\/lucacastelli.com\/de\/wp-json\/wp\/v2\/types\/product"}],"wp:featuredmedia":[{"embeddable":true,"href":"https:\/\/lucacastelli.com\/de\/wp-json\/wp\/v2\/media\/841992"}],"wp:attachment":[{"href":"https:\/\/lucacastelli.com\/de\/wp-json\/wp\/v2\/media?parent=841995"}],"wp:term":[{"taxonomy":"product_brand","embeddable":true,"href":"https:\/\/lucacastelli.com\/de\/wp-json\/wp\/v2\/product_brand?post=841995"},{"taxonomy":"product_cat","embeddable":true,"href":"https:\/\/lucacastelli.com\/de\/wp-json\/wp\/v2\/product_cat?post=841995"},{"taxonomy":"product_tag","embeddable":true,"href":"https:\/\/lucacastelli.com\/de\/wp-json\/wp\/v2\/product_tag?post=841995"}],"curies":[{"name":"wp","href":"https:\/\/api.w.org\/{rel}","templated":true}]}}