{"id":841971,"date":"2026-05-12T21:14:07","date_gmt":"2026-05-12T19:14:07","guid":{"rendered":"https:\/\/lucacastelli.com\/?post_type=product&#038;p=841971"},"modified":"2026-05-12T21:35:22","modified_gmt":"2026-05-12T19:35:22","slug":"schwellen-aus-natur-aus-eiche-10x20-cm-copia","status":"publish","type":"product","link":"https:\/\/lucacastelli.com\/de\/produkt\/schwellen-aus-natur-aus-eiche-10x20-cm-copia\/","title":{"rendered":"EISENBAHNSCHWELLEN AUS NAT\u00dcRLICHER EICHE QUERSCHNITT 15&#215;26 cm (Qualit\u00e4t 1A)"},"content":{"rendered":"<p><span class=\"text_a1\">Neue Eisenbahnschwellen aus Eiche, unbehandelt, f\u00fcr vielseitige Verwendung. Dank ihres enormen Gewichts ist die Verlegung einfach und erfordert wenig Arbeit. Sie sind die besten Freunde des G\u00e4rtners. Sie k\u00f6nnen aber auch im Innenbereich verwendet werden, beispielsweise als Esstisch oder andere rustikale M\u00f6bel.   <\/span><\/p>\n<p>&nbsp;<\/p>\n<p><span class=\"text_a1\">Sie k\u00f6nnen auch verwendet werden f\u00fcr:<\/span><\/p>\n<ul>\n<li><span class=\"text_a1\">Hochbeete gef\u00fcllt mit Erde und Pflanzen&#8230;<\/span><\/li>\n<li><span class=\"text_a1\">Stufen, Spielpl\u00e4tze, Sandk\u00e4sten, L\u00e4rmschutzw\u00e4nde, Parkpl\u00e4tze, Dressurpl\u00e4tze&#8230;<\/span><\/li>\n<li><span class=\"text_a1\">Einen ganzen Weg gepflastert mit Eichenschwellen anstelle von Steinplatten, Kies oder Asphalt&#8230;<\/span><\/li>\n<li><span class=\"text_a1\">Gartenb\u00e4nke, abgegrenzte Sitzpl\u00e4tze, Sitze und Tische&#8230;<\/span><\/li>\n<li><span class=\"text_a1\">Stabile Umz\u00e4unung. Als Alternative zu einer niedrigen Ziegelmauer im Garten. Zaun- und Barrierepfosten, Torpfosten&#8230;  <\/span><\/li>\n<li><span class=\"text_a1\">Sie eignen sich f\u00fcr M\u00f6bel (z. B. Tische, B\u00e4nke&#8230;), Sturz, St\u00fctzmauern und andere Landschaftsbauprojekte&#8230;<\/span><\/li>\n<li><span class=\"text_a1\">Pergola, Terrassen&#8230;<\/span><\/li>\n<li><span class=\"text_a1\">Eingangsportale und -tore&#8230;<\/span><\/li>\n<\/ul>\n<p>&nbsp;<\/p>\n<p><span class=\"text_a1\">Unsere zus\u00e4tzlichen Dienstleistungen:<\/span><\/p>\n<ul>\n<li><span class=\"text_a1\">Kostenloses Verladen Ihrer Schwellen<\/span><\/li>\n<li><span class=\"text_a1\">Schnitte und Bohrungen auf Anfrage<\/span><\/li>\n<\/ul>\n<p>&nbsp;<\/p>\n<p><span class=\"text_a1\">Die neuen Eichenschwellen sind sehr beliebt, sehr widerstandsf\u00e4hig auch wenn unbehandelt.<\/span><\/p>\n<p><span class=\"text_a1\">Unsere Eichenschwellen bieten Ihnen kreative L\u00f6sungen, um Ihre G\u00e4rten individuell zu gestalten und ihnen eine einzigartige Note zu verleihen.<\/span><\/p>\n<p>&nbsp;<\/p>\n<p>St\u00fcckgewicht ca. 95 kg.<\/p>\n","protected":false},"excerpt":{"rendered":"<p>Neue Eisenbahnschwellen aus Eiche, unbehandelt, f\u00fcr vielseitige Verwendung. Dank ihres enormen Gewichts ist die Verlegung einfach und erfordert wenig Arbeit.<\/p>\n","protected":false},"featured_media":405573,"template":"","meta":{"_seopress_robots_primary_cat":"none","_seopress_titles_title":"","_seopress_titles_desc":"","_seopress_robots_index":""},"product_brand":[3651],"product_cat":[1830,1854],"product_tag":[],"class_list":{"0":"post-841971","1":"product","2":"type-product","3":"status-publish","4":"has-post-thumbnail","6":"product_brand-luca-castelli-legnami-de","7":"product_cat-holz-granit","8":"product_cat-traversine-de","9":"sws-gruppo-no-gruppo-de","10":"sws-conto-ricavi-merci-rivendita-legname-de","11":"sws-gruppo-iva-iva81-de","13":"first","14":"instock","15":"shipping-taxable","16":"purchasable","17":"product-type-variable"},"_links":{"self":[{"href":"https:\/\/lucacastelli.com\/de\/wp-json\/wp\/v2\/product\/841971","targetHints":{"allow":["GET"]}}],"collection":[{"href":"https:\/\/lucacastelli.com\/de\/wp-json\/wp\/v2\/product"}],"about":[{"href":"https:\/\/lucacastelli.com\/de\/wp-json\/wp\/v2\/types\/product"}],"wp:featuredmedia":[{"embeddable":true,"href":"https:\/\/lucacastelli.com\/de\/wp-json\/wp\/v2\/media\/405573"}],"wp:attachment":[{"href":"https:\/\/lucacastelli.com\/de\/wp-json\/wp\/v2\/media?parent=841971"}],"wp:term":[{"taxonomy":"product_brand","embeddable":true,"href":"https:\/\/lucacastelli.com\/de\/wp-json\/wp\/v2\/product_brand?post=841971"},{"taxonomy":"product_cat","embeddable":true,"href":"https:\/\/lucacastelli.com\/de\/wp-json\/wp\/v2\/product_cat?post=841971"},{"taxonomy":"product_tag","embeddable":true,"href":"https:\/\/lucacastelli.com\/de\/wp-json\/wp\/v2\/product_tag?post=841971"}],"curies":[{"name":"wp","href":"https:\/\/api.w.org\/{rel}","templated":true}]}}