{"id":841852,"date":"2026-05-10T20:58:06","date_gmt":"2026-05-10T18:58:06","guid":{"rendered":"https:\/\/lucacastelli.com\/prodotto\/ortovox-120-cool-tec-mtn-sun-ts\/"},"modified":"2026-05-10T20:58:06","modified_gmt":"2026-05-10T18:58:06","slug":"ortovox-120-cool-tec-mtn-sun-ts","status":"publish","type":"product","link":"https:\/\/lucacastelli.com\/de\/produkt\/ortovox-120-cool-tec-mtn-sun-ts\/","title":{"rendered":"ORTOVOX 120 COOL TEC MTN SUN TS"},"content":{"rendered":"<p>K\u00dcHL UND LEICHT, F\u00dcR EIN STETS TROCKENES HAUTGEF\u00dcHL.<br \/>\nLeichtes und schnelltrocknendes T-Shirt mit Merinowolle<\/p>\n<p>Highlights<br \/>\nLeicht und schnelltrocknend<br \/>\nOptimale Temperaturregulierung dank Merinowolle<br \/>\nTENCEL\u2122 Lyocell-Fasern: nat\u00fcrliches trockenes Gef\u00fchl durch Feuchtigkeitsregulierung<br \/>\nDie leichten T-Shirts der 120 COOL TEC Linie wurden f\u00fcr anspruchsvolle Hochtouren entwickelt und sind ideal f\u00fcr hei\u00dfe Tage am Berg und intensive Aktivit\u00e4ten.<\/p>\n<p>Die weiche Merinowolle wirkt nat\u00fcrlich temperaturregulierend, w\u00e4hrend die TENCEL\u2122 Lyocell-Zellulosefasern Schwei\u00df effektiv absorbieren und so Feuchtigkeit und Ger\u00fcche reduzieren. Dank der Corespun-Technologie, einem Herstellungsverfahren, bei dem Merino- und TENCEL\u2122-Fasern um einen Kern aus Polyamidfilamenten gesponnen werden, ist das Material noch robuster. Das Ergebnis ist ein Garn mit weichen Naturfasern an der Au\u00dfenseite und einem widerstandsf\u00e4higen Kern, der f\u00fcr dauerhafte Formstabilit\u00e4t sorgt.  <\/p>\n<p>&nbsp;<\/p>\n<p>52 % Schurwolle (MERINO) + 33 % Lyocell (TENCEL\u2122) + 15 % Polyamid<br \/>\nLeicht und schnelltrocknend, Corespun-Technologie by S\u00fcdwolle Group: f\u00fcr mehr Stabilit\u00e4t, TENCEL\u2122 Lyocell-Faser: nat\u00fcrliches trockenes Gef\u00fchl durch Feuchtigkeitsregulierung, Merinowolle: Temperatur- und Feuchtigkeitsregulierung<\/p>\n","protected":false},"excerpt":{"rendered":"<p>K\u00dcHL UND LEICHT, F\u00dcR EIN STETS TROCKENES HAUTGEF\u00dcHL. Leichtes und schnelltrocknendes T-Shirt mit Merinowolle Highlights Leicht und schnelltrocknend Optimale Temperaturregulierung<\/p>\n","protected":false},"featured_media":841845,"template":"","meta":{"_seopress_robots_primary_cat":"none","_seopress_titles_title":"","_seopress_titles_desc":"","_seopress_robots_index":""},"product_brand":[3663],"product_cat":[974,975,82],"product_tag":[],"class_list":{"0":"post-841852","1":"product","2":"type-product","3":"status-publish","4":"has-post-thumbnail","6":"product_brand-ortovox-de","7":"product_cat-freizeitkleidung","8":"product_cat-herrenbekleidung","9":"product_cat-kleidung","10":"sws-gruppo-abb-libero-de","11":"sws-conto-ricavi-merci-rivendita-abbigliamento-de","12":"sws-gruppo-iva-iva81-de","14":"first","15":"instock","16":"shipping-taxable","17":"purchasable","18":"product-type-variable","19":"has-default-attributes"},"_links":{"self":[{"href":"https:\/\/lucacastelli.com\/de\/wp-json\/wp\/v2\/product\/841852","targetHints":{"allow":["GET"]}}],"collection":[{"href":"https:\/\/lucacastelli.com\/de\/wp-json\/wp\/v2\/product"}],"about":[{"href":"https:\/\/lucacastelli.com\/de\/wp-json\/wp\/v2\/types\/product"}],"wp:featuredmedia":[{"embeddable":true,"href":"https:\/\/lucacastelli.com\/de\/wp-json\/wp\/v2\/media\/841845"}],"wp:attachment":[{"href":"https:\/\/lucacastelli.com\/de\/wp-json\/wp\/v2\/media?parent=841852"}],"wp:term":[{"taxonomy":"product_brand","embeddable":true,"href":"https:\/\/lucacastelli.com\/de\/wp-json\/wp\/v2\/product_brand?post=841852"},{"taxonomy":"product_cat","embeddable":true,"href":"https:\/\/lucacastelli.com\/de\/wp-json\/wp\/v2\/product_cat?post=841852"},{"taxonomy":"product_tag","embeddable":true,"href":"https:\/\/lucacastelli.com\/de\/wp-json\/wp\/v2\/product_tag?post=841852"}],"curies":[{"name":"wp","href":"https:\/\/api.w.org\/{rel}","templated":true}]}}