{"id":841766,"date":"2026-05-08T20:59:59","date_gmt":"2026-05-08T18:59:59","guid":{"rendered":"https:\/\/lucacastelli.com\/prodotto\/crazy-shirt-joker-2\/"},"modified":"2026-05-08T20:59:59","modified_gmt":"2026-05-08T18:59:59","slug":"crazy-shirt-joker-2","status":"publish","type":"product","link":"https:\/\/lucacastelli.com\/de\/produkt\/crazy-shirt-joker-2\/","title":{"rendered":"CRAZY SHIRT JOKER"},"content":{"rendered":"<p>T-Shirt Crazy Concept \u2013 Nat\u00fcrlicher Komfort und exklusiver Stil<\/p>\n<p>Das Concept T-Shirt von Crazy ist f\u00fcr alle, die ein vielseitiges, komfortables Kleidungsst\u00fcck mit unverwechselbarem Look suchen. Ideal f\u00fcr die Freizeit, kombiniert es nat\u00fcrliche Materialien und originelle Details f\u00fcr ein modernes und authentisches Ergebnis. <\/p>\n<p>Hergestellt aus Gewebe mit Naturhanf, bietet es ein angenehmes Hautgef\u00fchl und idealen Komfort den ganzen Tag \u00fcber. Jede Variante ist mit einem bedruckten Patch mit exklusiven Designs versehen, ein Detail, das dieses Shirt einzigartig und unverwechselbar macht. <\/p>\n<p>Hauptmerkmale<br \/>\nGewebe mit Naturhanf<br \/>\nWeich, leicht und komfortabel<br \/>\nPatch mit exklusiven Grafiken<br \/>\nIdeal f\u00fcr Freizeit und t\u00e4glichen Gebrauch<br \/>\nOriginelles Design von Crazy<br \/>\nProduktmerkmale<br \/>\nMarke: Crazy<br \/>\nVerwendung: Freizeit<br \/>\nMaterial: Gewebe mit Naturhanf<br \/>\nPassform: Comfort Fit<\/p>\n","protected":false},"excerpt":{"rendered":"<p>T-Shirt Crazy Concept \u2013 Nat\u00fcrlicher Komfort und exklusiver Stil Das Concept T-Shirt von Crazy ist f\u00fcr alle, die ein vielseitiges,<\/p>\n","protected":false},"featured_media":841637,"template":"","meta":{"_seopress_robots_primary_cat":"","_seopress_titles_title":"","_seopress_titles_desc":"","_seopress_robots_index":""},"product_brand":[3614],"product_cat":[974,975,82],"product_tag":[],"class_list":{"0":"post-841766","1":"product","2":"type-product","3":"status-publish","4":"has-post-thumbnail","6":"product_brand-crazy-de","7":"product_cat-freizeitkleidung","8":"product_cat-herrenbekleidung","9":"product_cat-kleidung","10":"sws-gruppo-abb-libero","11":"sws-conto-ricavi-merci-rivendita-abbigliamento","12":"sws-gruppo-iva-iva81","14":"first","15":"instock","16":"shipping-taxable","17":"purchasable","18":"product-type-variable","19":"has-default-attributes"},"_links":{"self":[{"href":"https:\/\/lucacastelli.com\/de\/wp-json\/wp\/v2\/product\/841766","targetHints":{"allow":["GET"]}}],"collection":[{"href":"https:\/\/lucacastelli.com\/de\/wp-json\/wp\/v2\/product"}],"about":[{"href":"https:\/\/lucacastelli.com\/de\/wp-json\/wp\/v2\/types\/product"}],"wp:featuredmedia":[{"embeddable":true,"href":"https:\/\/lucacastelli.com\/de\/wp-json\/wp\/v2\/media\/841637"}],"wp:attachment":[{"href":"https:\/\/lucacastelli.com\/de\/wp-json\/wp\/v2\/media?parent=841766"}],"wp:term":[{"taxonomy":"product_brand","embeddable":true,"href":"https:\/\/lucacastelli.com\/de\/wp-json\/wp\/v2\/product_brand?post=841766"},{"taxonomy":"product_cat","embeddable":true,"href":"https:\/\/lucacastelli.com\/de\/wp-json\/wp\/v2\/product_cat?post=841766"},{"taxonomy":"product_tag","embeddable":true,"href":"https:\/\/lucacastelli.com\/de\/wp-json\/wp\/v2\/product_tag?post=841766"}],"curies":[{"name":"wp","href":"https:\/\/api.w.org\/{rel}","templated":true}]}}