{"id":839760,"date":"2026-05-08T12:50:09","date_gmt":"2026-05-08T10:50:09","guid":{"rendered":"https:\/\/lucacastelli.com\/prodotto\/geraetehaus-panorama-silber\/"},"modified":"2026-05-08T12:50:09","modified_gmt":"2026-05-08T10:50:09","slug":"geraetehaus-panorama-silber","status":"publish","type":"product","link":"https:\/\/lucacastelli.com\/de\/produkt\/geraetehaus-panorama-silber\/","title":{"rendered":"Ger\u00e4tehaus Panorama Silber"},"content":{"rendered":"<p>Ger\u00e4tehaus Panorama Gr. silber-metallic <\/p>\n<p>Das ideale Ger\u00e4tehaus f\u00fcr jeden Garten \u2013 Panorama<\/p>\n","protected":false},"excerpt":{"rendered":"<p>Ger\u00e4tehaus Panorama Gr. silber-metallic Das ideale Ger\u00e4tehaus f\u00fcr jeden Garten \u2013 Panorama<\/p>\n","protected":false},"featured_media":834828,"template":"","meta":{"_seopress_robots_primary_cat":"none","_seopress_titles_title":"","_seopress_titles_desc":"","_seopress_robots_index":""},"product_brand":[7429],"product_cat":[7491,7492],"product_tag":[],"class_list":{"0":"post-839760","1":"product","2":"type-product","3":"status-publish","4":"has-post-thumbnail","6":"product_brand-biohort","7":"product_cat-biohort-welt","8":"product_cat-metallgeratehauser","9":"sws-gruppo-no-gruppo-de","10":"sws-categoria-sito-de","11":"sws-conto-ricavi-merci-rivendita-macchinari-de","12":"sws-gruppo-iva-iva81-de","14":"first","15":"instock","16":"shipping-taxable","17":"product-type-variable","18":"has-default-attributes"},"_links":{"self":[{"href":"https:\/\/lucacastelli.com\/de\/wp-json\/wp\/v2\/product\/839760","targetHints":{"allow":["GET"]}}],"collection":[{"href":"https:\/\/lucacastelli.com\/de\/wp-json\/wp\/v2\/product"}],"about":[{"href":"https:\/\/lucacastelli.com\/de\/wp-json\/wp\/v2\/types\/product"}],"wp:featuredmedia":[{"embeddable":true,"href":"https:\/\/lucacastelli.com\/de\/wp-json\/wp\/v2\/media\/834828"}],"wp:attachment":[{"href":"https:\/\/lucacastelli.com\/de\/wp-json\/wp\/v2\/media?parent=839760"}],"wp:term":[{"taxonomy":"product_brand","embeddable":true,"href":"https:\/\/lucacastelli.com\/de\/wp-json\/wp\/v2\/product_brand?post=839760"},{"taxonomy":"product_cat","embeddable":true,"href":"https:\/\/lucacastelli.com\/de\/wp-json\/wp\/v2\/product_cat?post=839760"},{"taxonomy":"product_tag","embeddable":true,"href":"https:\/\/lucacastelli.com\/de\/wp-json\/wp\/v2\/product_tag?post=839760"}],"curies":[{"name":"wp","href":"https:\/\/api.w.org\/{rel}","templated":true}]}}