{"id":839581,"date":"2026-05-08T09:10:06","date_gmt":"2026-05-08T07:10:06","guid":{"rendered":"https:\/\/lucacastelli.com\/?post_type=product&#038;p=839581"},"modified":"2026-05-08T09:18:57","modified_gmt":"2026-05-08T07:18:57","slug":"stihl-ap-500-s-copia","status":"publish","type":"product","link":"https:\/\/lucacastelli.com\/de\/produkt\/stihl-ap-500-s-copia\/","title":{"rendered":"STIHL 2 Stk. AP 500 S Akkus"},"content":{"rendered":"<p>Unser neuer AP 500 S ist nicht nur der leistungsst\u00e4rkste AP-Akku von STIHL, sondern \u00fcberzeugt auch mit der doppelten Lebensdauer und der doppelten Anzahl m\u00f6glicher Ladezyklen im Vergleich zum bisher leistungsst\u00e4rksten AP 300 S. Er verf\u00fcgt \u00fcber eine integrierte Bluetooth\u00ae-Schnittstelle und kann, genau wie unsere R\u00fcckentrageakkus AR L, in das STIHL connected System eingebunden und wie ein Ger\u00e4t verwaltet werden.<br \/>\n886661754502 <\/p>\n<p>Nennspannung 36,0<br \/>\nAkkuzellentechnologie Akkuzellentechnologie<\/p>\n<p>Akkugewicht Akkugewicht<br \/>\nEnergieinhalt 337,00<br \/>\nNennkapazit\u00e4t nach IEC 61960 8,80<\/p>\n<p>Set bestehend aus:<\/p>\n<p>2 Stk. STIHL AP 500 S Akku<\/p>\n","protected":false},"excerpt":{"rendered":"<p>AP 500 S Akku<\/p>\n","protected":false},"featured_media":839585,"template":"","meta":{"_seopress_robots_primary_cat":"none","_seopress_titles_title":"","_seopress_titles_desc":"","_seopress_robots_index":""},"product_brand":[3554],"product_cat":[1449,169],"product_tag":[3266],"class_list":{"0":"post-839581","1":"product","2":"type-product","3":"status-publish","4":"has-post-thumbnail","6":"product_brand-stihl-de","7":"product_cat-batteriesysteme-zubehor","8":"product_cat-maschinen","9":"product_tag-import-stihl-de","10":"sws-gruppo-macchinari","11":"sws-conto-ricavi-merci-rivendita-macchinari","12":"sws-gruppo-iva-iva81","14":"first","15":"instock","16":"sale","17":"purchasable","18":"product-type-simple"},"_links":{"self":[{"href":"https:\/\/lucacastelli.com\/de\/wp-json\/wp\/v2\/product\/839581","targetHints":{"allow":["GET"]}}],"collection":[{"href":"https:\/\/lucacastelli.com\/de\/wp-json\/wp\/v2\/product"}],"about":[{"href":"https:\/\/lucacastelli.com\/de\/wp-json\/wp\/v2\/types\/product"}],"wp:featuredmedia":[{"embeddable":true,"href":"https:\/\/lucacastelli.com\/de\/wp-json\/wp\/v2\/media\/839585"}],"wp:attachment":[{"href":"https:\/\/lucacastelli.com\/de\/wp-json\/wp\/v2\/media?parent=839581"}],"wp:term":[{"taxonomy":"product_brand","embeddable":true,"href":"https:\/\/lucacastelli.com\/de\/wp-json\/wp\/v2\/product_brand?post=839581"},{"taxonomy":"product_cat","embeddable":true,"href":"https:\/\/lucacastelli.com\/de\/wp-json\/wp\/v2\/product_cat?post=839581"},{"taxonomy":"product_tag","embeddable":true,"href":"https:\/\/lucacastelli.com\/de\/wp-json\/wp\/v2\/product_tag?post=839581"}],"curies":[{"name":"wp","href":"https:\/\/api.w.org\/{rel}","templated":true}]}}