{"id":839537,"date":"2026-05-07T09:53:07","date_gmt":"2026-05-07T07:53:07","guid":{"rendered":"https:\/\/lucacastelli.com\/prodotto\/stihl-re-90-plus-hochdruckreiniger\/"},"modified":"2026-05-07T09:53:07","modified_gmt":"2026-05-07T07:53:07","slug":"stihl-re-90-plus-hochdruckreiniger","status":"publish","type":"product","link":"https:\/\/lucacastelli.com\/de\/produkt\/stihl-re-90-plus-hochdruckreiniger\/","title":{"rendered":"STIHL RE 90 PLUS Hochdruckreiniger"},"content":{"rendered":"<p>Mit durchdachten Details und hochwertiger Ausstattung<br \/>\nLeichter und kompakter Hochdruckreiniger mit Aluminium-Hochdruckpumpe, Rotord\u00fcse, einstellbarer Flachstrahld\u00fcse und Reinigungsmittel-Spr\u00fchtset. Parkposition zum Abstellen der Lanze in Arbeitspausen sowie zur sicheren und platzsparenden Aufbewahrung des Zubeh\u00f6rs direkt am Ger\u00e4t. Schnellkupplung f\u00fcr den einfachen Anschluss des Hochdruckschlauchs an Hochdruckreiniger und Pistole. Schlauchtrommel mit F\u00fchrung f\u00fcr einfache Aufbewahrung und leichte Handhabung des 6 m langen Hochdruckschlauchs.   <\/p>\n<p>&nbsp;<\/p>\n<p>&nbsp;<\/p>\n<table data-test-id=\"pdp-spec-tech-table\">\n<tbody>\n<tr>\n<td>Nennspannung<\/td>\n<td>220-230 V<\/td>\n<\/tr>\n<tr>\n<td>Phasenanzahl<\/td>\n<td>1<\/td>\n<\/tr>\n<tr>\n<td>Leistungsaufnahme<\/td>\n<td>2,10 kW<\/td>\n<\/tr>\n<tr>\n<td>Drehzahl<\/td>\n<td>21.000 U\/min<\/td>\n<\/tr>\n<tr>\n<td>Gewicht des Ger\u00e4ts ohne Kabel<\/td>\n<td>9 kg<\/td>\n<\/tr>\n<tr>\n<td>Arbeitsdruck<\/td>\n<td>100 bar<\/td>\n<\/tr>\n<tr>\n<td>Max. Druck<\/td>\n<td>130 bar<\/td>\n<\/tr>\n<tr>\n<td>Min. Wasserdurchsatz<\/td>\n<td>350 l\/h<\/td>\n<\/tr>\n<tr>\n<td>Max. Wasserdurchsatz<\/td>\n<td>440 l\/h<\/td>\n<\/tr>\n<tr>\n<td>Max. Zulauftemperatur Wasser<\/td>\n<td>40 \u00b0C<\/td>\n<\/tr>\n<tr>\n<td>Max. Zulauftemperatur Wasser<\/td>\n<td>104 \u00b0F<\/td>\n<\/tr>\n<tr>\n<td>Frequenz<\/td>\n<td>50-60 Hz<\/td>\n<\/tr>\n<tr>\n<td>Hochdruckschlauchl\u00e4nge<\/td>\n<td>6 m<\/td>\n<\/tr>\n<tr>\n<td>Kabell\u00e4nge<\/td>\n<td>5 m<\/td>\n<\/tr>\n<tr>\n<td>Schalldruckpegel<\/td>\n<td>80 dB(A)<\/td>\n<\/tr>\n<tr>\n<td>Schallleistungspegel<\/td>\n<td>90 dB(A)<\/td>\n<\/tr>\n<tr>\n<td>K-Wert (Schalldruckpegel)<\/td>\n<td>2 dB(A)<\/td>\n<\/tr>\n<tr>\n<td>K-Wert (Schallleistungspegel)<\/td>\n<td>2 dB(A)<\/td>\n<\/tr>\n<tr>\n<td>Vibrationswert links<\/td>\n<td>2,5 m\/s\u00b2<\/td>\n<\/tr>\n<tr>\n<td>Vibrationswert rechts<\/td>\n<td>2,5 m\/s\u00b2<\/td>\n<\/tr>\n<\/tbody>\n<\/table>\n","protected":false},"excerpt":{"rendered":"<p>Mit durchdachten Details und hochwertiger Ausstattung Leichter und kompakter Hochdruckreiniger mit Aluminium-Hochdruckpumpe, Rotord\u00fcse, einstellbarer Flachstrahld\u00fcse und Reinigungsmittel-Spr\u00fchtset. Parkposition zum Abstellen<\/p>\n","protected":false},"featured_media":839535,"template":"","meta":{"_seopress_robots_primary_cat":"none","_seopress_titles_title":"","_seopress_titles_desc":"","_seopress_robots_index":""},"product_brand":[3554],"product_cat":[1454,1512,169],"product_tag":[],"class_list":{"0":"post-839537","1":"product","2":"type-product","3":"status-publish","4":"has-post-thumbnail","6":"product_brand-stihl-de","7":"product_cat-andere-gerate","8":"product_cat-hochdruckreiniger","9":"product_cat-maschinen","10":"sws-gruppo-macchinari-de","11":"sws-conto-ricavi-merci-rivendita-macchinari-de","12":"sws-gruppo-iva-iva81-de","14":"first","15":"instock","16":"sale","17":"shipping-taxable","18":"purchasable","19":"product-type-simple"},"_links":{"self":[{"href":"https:\/\/lucacastelli.com\/de\/wp-json\/wp\/v2\/product\/839537","targetHints":{"allow":["GET"]}}],"collection":[{"href":"https:\/\/lucacastelli.com\/de\/wp-json\/wp\/v2\/product"}],"about":[{"href":"https:\/\/lucacastelli.com\/de\/wp-json\/wp\/v2\/types\/product"}],"wp:featuredmedia":[{"embeddable":true,"href":"https:\/\/lucacastelli.com\/de\/wp-json\/wp\/v2\/media\/839535"}],"wp:attachment":[{"href":"https:\/\/lucacastelli.com\/de\/wp-json\/wp\/v2\/media?parent=839537"}],"wp:term":[{"taxonomy":"product_brand","embeddable":true,"href":"https:\/\/lucacastelli.com\/de\/wp-json\/wp\/v2\/product_brand?post=839537"},{"taxonomy":"product_cat","embeddable":true,"href":"https:\/\/lucacastelli.com\/de\/wp-json\/wp\/v2\/product_cat?post=839537"},{"taxonomy":"product_tag","embeddable":true,"href":"https:\/\/lucacastelli.com\/de\/wp-json\/wp\/v2\/product_tag?post=839537"}],"curies":[{"name":"wp","href":"https:\/\/api.w.org\/{rel}","templated":true}]}}