{"id":839347,"date":"2026-05-04T20:26:51","date_gmt":"2026-05-04T18:26:51","guid":{"rendered":"https:\/\/lucacastelli.com\/prodotto\/bison-sappie-1879-600-g-80-cm\/"},"modified":"2026-05-04T20:26:51","modified_gmt":"2026-05-04T18:26:51","slug":"bison-sappie-1879-600-g-80-cm","status":"publish","type":"product","link":"https:\/\/lucacastelli.com\/de\/produkt\/bison-sappie-1879-600-g-80-cm\/","title":{"rendered":"Bison Sappie 1879 600 g 80 cm"},"content":{"rendered":"<p>Nach alter Handwerkskunst von Hand geschmiedetes Sappie aus hochwertigem Stahl. Der unverzichtbar praktische Helfer beim Heben, Ziehen, Stapeln und Aufarbeiten von Kurzholz. Die geschmiedete und geh\u00e4rtete Spitze hat eine spezielle Formgebung mit hoher Stabilit\u00e4t. Das Einschlagen wird erleichtert, die Spitze h\u00e4lt sicher im Holz und der spezielle Facettenschliff erm\u00f6glicht ein einfaches Entfernen. Schneide scharf geschliffen. Kopfgewicht 600 g, mit Hickorystiel, gefirnisst.     <\/p>\n","protected":false},"excerpt":{"rendered":"<p>Nach alter Handwerkskunst von Hand geschmiedetes Sappie aus hochwertigem Stahl. Der unverzichtbar praktische Helfer beim Heben, Ziehen, Stapeln und Aufarbeiten<\/p>\n","protected":false},"featured_media":839304,"template":"","meta":{"_seopress_robots_primary_cat":"none","_seopress_titles_title":"","_seopress_titles_desc":"","_seopress_robots_index":""},"product_brand":[7650],"product_cat":[1700,150,1396,1494],"product_tag":[],"class_list":{"0":"post-839347","1":"product","2":"type-product","3":"status-publish","4":"has-post-thumbnail","6":"product_brand-bison-1879","7":"product_cat-forstwirtschaftliche-werkzeuge-und-zubehor","8":"product_cat-ausrustung","9":"product_cat-arbeitsausrustung","10":"product_cat-sonstige-arbeitsausrustung","11":"sws-gruppo-macchinari-de","12":"sws-conto-ricavi-merci-rivendita-macchinari-de","13":"sws-gruppo-iva-iva81-de","15":"first","16":"instock","17":"shipping-taxable","18":"purchasable","19":"product-type-simple"},"_links":{"self":[{"href":"https:\/\/lucacastelli.com\/de\/wp-json\/wp\/v2\/product\/839347","targetHints":{"allow":["GET"]}}],"collection":[{"href":"https:\/\/lucacastelli.com\/de\/wp-json\/wp\/v2\/product"}],"about":[{"href":"https:\/\/lucacastelli.com\/de\/wp-json\/wp\/v2\/types\/product"}],"wp:featuredmedia":[{"embeddable":true,"href":"https:\/\/lucacastelli.com\/de\/wp-json\/wp\/v2\/media\/839304"}],"wp:attachment":[{"href":"https:\/\/lucacastelli.com\/de\/wp-json\/wp\/v2\/media?parent=839347"}],"wp:term":[{"taxonomy":"product_brand","embeddable":true,"href":"https:\/\/lucacastelli.com\/de\/wp-json\/wp\/v2\/product_brand?post=839347"},{"taxonomy":"product_cat","embeddable":true,"href":"https:\/\/lucacastelli.com\/de\/wp-json\/wp\/v2\/product_cat?post=839347"},{"taxonomy":"product_tag","embeddable":true,"href":"https:\/\/lucacastelli.com\/de\/wp-json\/wp\/v2\/product_tag?post=839347"}],"curies":[{"name":"wp","href":"https:\/\/api.w.org\/{rel}","templated":true}]}}