{"id":838433,"date":"2026-04-27T20:23:07","date_gmt":"2026-04-27T18:23:07","guid":{"rendered":"https:\/\/lucacastelli.com\/prodotto\/ortovox-120-cool-tec-mtn-stripe-ts\/"},"modified":"2026-04-27T20:23:07","modified_gmt":"2026-04-27T18:23:07","slug":"ortovox-120-cool-tec-mtn-stripe-ts","status":"publish","type":"product","link":"https:\/\/lucacastelli.com\/de\/produkt\/ortovox-120-cool-tec-mtn-stripe-ts\/","title":{"rendered":"ORTOVOX 120 COOL TEC MTN STRIPE TS"},"content":{"rendered":"<p>FRISCH UND LEICHT<br \/>\nLeichtes und schnelltrocknendes Shirt mit Merinowolle<\/p>\n<p>Highlights<br \/>\n\u2022 Optimale Klimaregulierung dank Merinowolle<br \/>\n\u2022 K\u00fchlender Effekt dank TENCEL\u2122 Lyocell<br \/>\n\u2022 Stabilit\u00e4t dank innovativem Herstellungsverfahren<\/p>\n<p>Mit der 120 MERINO COOL TEC Linie meistern Sie jede H\u00f6he: Das leichte T-SHIRT 120 COOL TEC MTN STRIPE f\u00fcr Herren ist ideal f\u00fcr heisse Tage in den Bergen und f\u00fcr Aktivit\u00e4ten mit hoher Bewegungsintensit\u00e4t.<\/p>\n<p>DAS MATERIAL 120 MERINO COOL TEC steht f\u00fcr pure Funktionalit\u00e4t: Die Kombination aus hochwertigen Merinowollfasern und pflanzlichen Zellulosefasern wirkt k\u00fchlend und trocknet schnell. Die CORESPUN-TECHNOLOGIE sorgt f\u00fcr mehr Stabilit\u00e4t: Dabei handelt es sich um ein Herstellungsverfahren, bei dem die hochwertigen Merino- und TENCELTM Lyocell-Fasern um einen Kern aus Polyamidf\u00e4den gewebt werden. Das strapazierf\u00e4hige Material aus diesem Garn kombiniert die Vorteile von Merinowolle und TENCELTM Lyocell und garantiert Frische und Leichtigkeit auch bei den anspruchsvollsten Aufstiegen.  <\/p>\n<p>Von der Natur inspiriert, f\u00fcr den Bergsport entwickelt.<\/p>\n<p>&nbsp;<\/p>\n<p>52% Schurwolle (MERINO OWP) + 33% Lyocell (TENCEL\u2122) + 15% Polyamid<br \/>\n120 MERINO COOL TEC: leicht, schnelltrocknend, TENCEL\u2122 Lyocell (nachhaltig hergestellte Naturfaser), Merinowolle (Temperatur- und Feuchtigkeitsregulierung), CORESPUN-Technologie by \u00a9 S\u00fcdwolle Group (f\u00fcr mehr Stabilit\u00e4t), langlebig<\/p>\n<p>&nbsp;<\/p>\n<p>&nbsp;<\/p>\n","protected":false},"excerpt":{"rendered":"<p>FRISCH UND LEICHT Leichtes und schnelltrocknendes Shirt mit Merinowolle Highlights \u2022 Optimale Klimaregulierung dank Merinowolle \u2022 K\u00fchlender Effekt dank TENCEL\u2122<\/p>\n","protected":false},"featured_media":838426,"template":"","meta":{"_seopress_robots_primary_cat":"","_seopress_titles_title":"","_seopress_titles_desc":"","_seopress_robots_index":""},"product_brand":[3663],"product_cat":[82,974,975],"product_tag":[],"class_list":{"0":"post-838433","1":"product","2":"type-product","3":"status-publish","4":"has-post-thumbnail","6":"product_brand-ortovox-de","7":"product_cat-kleidung","8":"product_cat-freizeitkleidung","9":"product_cat-herrenbekleidung","10":"sws-gruppo-abb-libero-de","11":"sws-conto-ricavi-merci-rivendita-abbigliamento-de","12":"sws-gruppo-iva-iva81-de","14":"first","15":"instock","16":"shipping-taxable","17":"purchasable","18":"product-type-simple"},"_links":{"self":[{"href":"https:\/\/lucacastelli.com\/de\/wp-json\/wp\/v2\/product\/838433","targetHints":{"allow":["GET"]}}],"collection":[{"href":"https:\/\/lucacastelli.com\/de\/wp-json\/wp\/v2\/product"}],"about":[{"href":"https:\/\/lucacastelli.com\/de\/wp-json\/wp\/v2\/types\/product"}],"wp:featuredmedia":[{"embeddable":true,"href":"https:\/\/lucacastelli.com\/de\/wp-json\/wp\/v2\/media\/838426"}],"wp:attachment":[{"href":"https:\/\/lucacastelli.com\/de\/wp-json\/wp\/v2\/media?parent=838433"}],"wp:term":[{"taxonomy":"product_brand","embeddable":true,"href":"https:\/\/lucacastelli.com\/de\/wp-json\/wp\/v2\/product_brand?post=838433"},{"taxonomy":"product_cat","embeddable":true,"href":"https:\/\/lucacastelli.com\/de\/wp-json\/wp\/v2\/product_cat?post=838433"},{"taxonomy":"product_tag","embeddable":true,"href":"https:\/\/lucacastelli.com\/de\/wp-json\/wp\/v2\/product_tag?post=838433"}],"curies":[{"name":"wp","href":"https:\/\/api.w.org\/{rel}","templated":true}]}}