{"id":834790,"date":"2026-04-23T18:59:19","date_gmt":"2026-04-23T16:59:19","guid":{"rendered":"https:\/\/lucacastelli.com\/prodotto\/stihl-hta-140-b-ap-system-akku-hochentaster\/"},"modified":"2026-04-23T18:59:19","modified_gmt":"2026-04-23T16:59:19","slug":"stihl-hta-140-b-ap-system-akku-hochentaster","status":"publish","type":"product","link":"https:\/\/lucacastelli.com\/de\/produkt\/stihl-hta-140-b-ap-system-akku-hochentaster\/","title":{"rendered":"STIHL HTA 140 B &#8211; AP-System Akku-Hochentaster"},"content":{"rendered":"<p>Akku-Hochentaster HTA 140 B: leistungsstark f\u00fcr h\u00f6here Effizienz in der professionellen Baumpflege und im Obstbau<br \/>\nDer STIHL Akku-Hochentaster HTA 140 B ist leicht und robust, ideal f\u00fcr Baumpflege, Obstbau und kommunale Arbeiten wie Schnitt, Totholzentfernung und Sturmschadenbeseitigung. Auch geeignet f\u00fcr landwirtschaftliche Betriebe und die Pflege von G\u00e4rten mit hohen B\u00e4umen. <\/p>\n<p>Der verstellbare Teleskopstiel von 285 bis 405 cm erm\u00f6glicht pr\u00e4zise Schnitte auch in der H\u00f6he, bis ca. 5 m. Verwendbar mit STIHL-Ketten 3\/8&#8243; P und 1\/4&#8243; P f\u00fcr verschiedene Schnittarbeiten. <\/p>\n<p>Leiser und vibrationsarmer EC-Motor, Multifunktionsgriff mit digitaler Steuerung und variablem Gashebel f\u00fcr hohe Pr\u00e4zision. Ausgestattet mit HMI ADVANCE PLUS Modul mit Smart Connector f\u00fcr Daten\u00fcbertragung. IPX4-Zertifizierung f\u00fcr den Einsatz bei Regen.  <\/p>\n<p>&nbsp;<\/p>\n<p>&nbsp;<\/p>\n<table data-test-id=\"pdp-spec-tech-table\">\n<tbody>\n<tr>\n<td>Nennspannung<\/td>\n<td>36 V<\/td>\n<\/tr>\n<tr>\n<td>Max. Spannung<\/td>\n<td>40 V<\/td>\n<\/tr>\n<tr>\n<td>Leistungsaufnahme<\/td>\n<td>1,50 kW<\/td>\n<\/tr>\n<tr>\n<td>Leistung<\/td>\n<td>1,20 kW<\/td>\n<\/tr>\n<tr>\n<td>Akkusystem<\/td>\n<td>AP<\/td>\n<\/tr>\n<tr>\n<td>Empfohlener Akku<\/td>\n<td>AP 300 S<\/td>\n<\/tr>\n<tr>\n<td>Gewicht des Ger\u00e4ts ohne Akku<\/td>\n<td>6,7 kg<\/td>\n<\/tr>\n<tr>\n<td>Schnittl\u00e4nge<\/td>\n<td>30 cm<\/td>\n<\/tr>\n<tr>\n<td>Nutbreite<\/td>\n<td>1,10 mm<\/td>\n<\/tr>\n<tr>\n<td>Kettenteilung<\/td>\n<td>1\/4&#8221; P<\/td>\n<\/tr>\n<tr>\n<td>Maximale Betriebszeit mit Akku AP 100<\/td>\n<td>18 min<\/td>\n<\/tr>\n<tr>\n<td>Maximale Betriebszeit mit Akku AP 200<\/td>\n<td>36 min<\/td>\n<\/tr>\n<tr>\n<td>Maximale Betriebszeit mit Akku AP 200 S<\/td>\n<td>36 min<\/td>\n<\/tr>\n<tr>\n<td>Maximale Betriebszeit mit Akku AP 300<\/td>\n<td>43 min<\/td>\n<\/tr>\n<tr>\n<td>Maximale Betriebszeit mit Akku AP 300 S<\/td>\n<td>54 min<\/td>\n<\/tr>\n<tr>\n<td>Maximale Betriebszeit mit Akku AP 500 S<\/td>\n<td>70 min<\/td>\n<\/tr>\n<tr>\n<td>Maximale Betriebszeit mit Akku AR 2000 L<\/td>\n<td>254 min<\/td>\n<\/tr>\n<tr>\n<td>Maximale Betriebszeit mit Akku AR 3000 L<\/td>\n<td>277 min<\/td>\n<\/tr>\n<tr>\n<td>Minimale Ger\u00e4tl\u00e4nge mit Werkzeug<\/td>\n<td>285 cm<\/td>\n<\/tr>\n<tr>\n<td>Maximale Ger\u00e4tl\u00e4nge mit Werkzeug<\/td>\n<td>405 cm<\/td>\n<\/tr>\n<tr>\n<td>Schalldruckpegel<\/td>\n<td>84 dB(A)<\/td>\n<\/tr>\n<tr>\n<td>Schallleistungspegel<\/td>\n<td>96 dB(A)<\/td>\n<\/tr>\n<tr>\n<td>Vibrationswert links<\/td>\n<td>3,2 m\/s\u00b2<\/td>\n<\/tr>\n<tr>\n<td>Vibrationswert rechts<\/td>\n<td>2,9 m\/s\u00b2<\/td>\n<\/tr>\n<\/tbody>\n<\/table>\n","protected":false},"excerpt":{"rendered":"<p>Akku-Hochentaster HTA 140 B: leistungsstark f\u00fcr h\u00f6here Effizienz in der professionellen Baumpflege und im Obstbau Der STIHL Akku-Hochentaster HTA 140<\/p>\n","protected":false},"featured_media":834709,"template":"","meta":{"_seopress_robots_primary_cat":"none","_seopress_titles_title":"","_seopress_titles_desc":"","_seopress_robots_index":""},"product_brand":[3554],"product_cat":[169,1612,1615,1629,1695],"product_tag":[],"class_list":{"0":"post-834790","1":"product","2":"type-product","3":"status-publish","4":"has-post-thumbnail","6":"product_brand-stihl-de","7":"product_cat-maschinen","8":"product_cat-kettensagen","9":"product_cat-akku-kettensagen","10":"product_cat-akku-heckenscheren-und-astscheren","11":"product_cat-heckenscheren-und-astscheren","12":"sws-gruppo-macchinari-de","13":"sws-conto-ricavi-merci-rivendita-macchinari-de","14":"sws-gruppo-iva-iva81-de","16":"first","17":"instock","18":"shipping-taxable","19":"purchasable","20":"product-type-simple"},"_links":{"self":[{"href":"https:\/\/lucacastelli.com\/de\/wp-json\/wp\/v2\/product\/834790","targetHints":{"allow":["GET"]}}],"collection":[{"href":"https:\/\/lucacastelli.com\/de\/wp-json\/wp\/v2\/product"}],"about":[{"href":"https:\/\/lucacastelli.com\/de\/wp-json\/wp\/v2\/types\/product"}],"wp:featuredmedia":[{"embeddable":true,"href":"https:\/\/lucacastelli.com\/de\/wp-json\/wp\/v2\/media\/834709"}],"wp:attachment":[{"href":"https:\/\/lucacastelli.com\/de\/wp-json\/wp\/v2\/media?parent=834790"}],"wp:term":[{"taxonomy":"product_brand","embeddable":true,"href":"https:\/\/lucacastelli.com\/de\/wp-json\/wp\/v2\/product_brand?post=834790"},{"taxonomy":"product_cat","embeddable":true,"href":"https:\/\/lucacastelli.com\/de\/wp-json\/wp\/v2\/product_cat?post=834790"},{"taxonomy":"product_tag","embeddable":true,"href":"https:\/\/lucacastelli.com\/de\/wp-json\/wp\/v2\/product_tag?post=834790"}],"curies":[{"name":"wp","href":"https:\/\/api.w.org\/{rel}","templated":true}]}}