{"id":834711,"date":"2026-04-23T18:48:09","date_gmt":"2026-04-23T16:48:09","guid":{"rendered":"https:\/\/lucacastelli.com\/prodotto\/stihl-kma-140-r-ap-system\/"},"modified":"2026-04-23T18:48:09","modified_gmt":"2026-04-23T16:48:09","slug":"stihl-kma-140-r-ap-system","status":"publish","type":"product","link":"https:\/\/lucacastelli.com\/de\/produkt\/stihl-kma-140-r-ap-system\/","title":{"rendered":"STIHL KMA 140 R &#8211; AP-System"},"content":{"rendered":"<p>Akku-Kombimotor STIHL KMA 140 R: vielseitig und leistungsstark<br \/>\nDer Akku-Kombimotor STIHL KMA 140 R ist ideal f\u00fcr Gr\u00fcnpflegeprofis und kommunale Dienste, die maximale Flexibilit\u00e4t ben\u00f6tigen. Kompatibel mit allen STIHL Kombi-Werkzeugen (au\u00dfer FSB-KM), erm\u00f6glicht er einen einfachen Wechsel der Anwendung je nach Bedarf. <\/p>\n<p>Der leistungsstarke EC-Motor garantiert hohe Leistung, geringe Vibrationen und leisen Betrieb. Die Drehzahlregelung erfolgt direkt am ergonomischen Handgriff mit digitaler Bedieneinheit und 3 Geschwindigkeitsstufen f\u00fcr Energieeinsparung. <\/p>\n<p>Dank leisem Betrieb auch f\u00fcr l\u00e4rmempfindliche Bereiche geeignet. Ausgestattet mit Luftfilter mit Metallgitter f\u00fcr l\u00e4ngere Motorlebensdauer und spritzwassergesch\u00fctztem System mit IPX4-Zertifizierung. Werkzeuglos verstellbarer Rundgriff mit Schrittbegrenzer f\u00fcr sicheres und pr\u00e4zises Arbeiten.  <\/p>\n<p>&nbsp;<\/p>\n<p>&nbsp;<\/p>\n<table data-test-id=\"pdp-spec-tech-table\">\n<tbody>\n<tr>\n<td>Nennspannung<\/td>\n<td>36 V<\/td>\n<\/tr>\n<tr>\n<td>Akkusystem<\/td>\n<td>AP<\/td>\n<\/tr>\n<tr>\n<td>Ger\u00e4tegewicht ohne Akku<\/td>\n<td>3,3 kg<\/td>\n<\/tr>\n<tr>\n<td>L\u00e4nge bis zur Kupplungsmuffe<\/td>\n<td>93 cm<\/td>\n<\/tr>\n<\/tbody>\n<\/table>\n","protected":false},"excerpt":{"rendered":"<p>Akku-Kombimotor STIHL KMA 140 R: vielseitig und leistungsstark Der Akku-Kombimotor STIHL KMA 140 R ist ideal f\u00fcr Gr\u00fcnpflegeprofis und kommunale<\/p>\n","protected":false},"featured_media":834681,"template":"","meta":{"_seopress_robots_primary_cat":"","_seopress_titles_title":"","_seopress_titles_desc":"","_seopress_robots_index":""},"product_brand":[3554],"product_cat":[169,1639],"product_tag":[],"class_list":{"0":"post-834711","1":"product","2":"type-product","3":"status-publish","4":"has-post-thumbnail","6":"product_brand-stihl-de","7":"product_cat-maschinen","8":"product_cat-kombi-und-multi-systeme","9":"sws-gruppo-macchinari-de","10":"sws-conto-ricavi-merci-rivendita-macchinari-de","11":"sws-gruppo-iva-iva81-de","13":"first","14":"instock","15":"shipping-taxable","16":"purchasable","17":"product-type-simple"},"_links":{"self":[{"href":"https:\/\/lucacastelli.com\/de\/wp-json\/wp\/v2\/product\/834711","targetHints":{"allow":["GET"]}}],"collection":[{"href":"https:\/\/lucacastelli.com\/de\/wp-json\/wp\/v2\/product"}],"about":[{"href":"https:\/\/lucacastelli.com\/de\/wp-json\/wp\/v2\/types\/product"}],"wp:featuredmedia":[{"embeddable":true,"href":"https:\/\/lucacastelli.com\/de\/wp-json\/wp\/v2\/media\/834681"}],"wp:attachment":[{"href":"https:\/\/lucacastelli.com\/de\/wp-json\/wp\/v2\/media?parent=834711"}],"wp:term":[{"taxonomy":"product_brand","embeddable":true,"href":"https:\/\/lucacastelli.com\/de\/wp-json\/wp\/v2\/product_brand?post=834711"},{"taxonomy":"product_cat","embeddable":true,"href":"https:\/\/lucacastelli.com\/de\/wp-json\/wp\/v2\/product_cat?post=834711"},{"taxonomy":"product_tag","embeddable":true,"href":"https:\/\/lucacastelli.com\/de\/wp-json\/wp\/v2\/product_tag?post=834711"}],"curies":[{"name":"wp","href":"https:\/\/api.w.org\/{rel}","templated":true}]}}