{"id":832934,"date":"2026-04-21T09:13:52","date_gmt":"2026-04-21T07:13:52","guid":{"rendered":"https:\/\/lucacastelli.com\/prodotto\/helly-hansen-voss-wasserdichte-regenjacke\/"},"modified":"2026-04-21T09:13:52","modified_gmt":"2026-04-21T07:13:52","slug":"helly-hansen-voss-wasserdichte-regenjacke","status":"publish","type":"product","link":"https:\/\/lucacastelli.com\/de\/produkt\/helly-hansen-voss-wasserdichte-regenjacke\/","title":{"rendered":"HELLY HANSEN Voss wasserdichte Regenjacke"},"content":{"rendered":"<p>Die klassische Voss-Jacke ist aus vollst\u00e4ndig wind- und wasserdichtem PU-Gewebe mit Helox+-Technologie gefertigt, um vollst\u00e4ndigen Schutz vor Witterungseinfl\u00fcssen und grosse Bewegungsfreiheit dank 4-Wege-Stretch zu gew\u00e4hrleisten. Das leichte Helox+-Material ist darauf ausgelegt, Sie stundenlang trocken zu halten. <\/p>\n<p>Zusammensetzung:<\/p>\n<p>Hauptgewebe: 100% Polyester &#8211; 170 g\/m\u00b2, PU-beschichtet<\/p>\n<p>Pflegehinweise:<\/p>\n<p>Maschinenw\u00e4sche in warmem Wasser &#8211; 40 \u00b0C. Nicht bleichen. Nicht im Trockner trocknen. Nicht b\u00fcgeln. Nicht chemisch reinigen.    <\/p>\n<ul>\n<li>Wasserdichtes Gewebe und Konstruktion<\/li>\n<li>Vollst\u00e4ndiger Stretch<\/li>\n<li>Im Kragen verstaubare Kapuze<\/li>\n<li>Verstellbare Kapuze mit Kordelzug<\/li>\n<li>YKK\u00ae-Frontreissverschluss<\/li>\n<li>Eingrifftaschen<\/li>\n<li>Verstellbare B\u00fcndchen und Saum<\/li>\n<li>Reflektierende Elemente<\/li>\n<\/ul>\n","protected":false},"excerpt":{"rendered":"<p>Die klassische Voss-Jacke ist aus vollst\u00e4ndig wind- und wasserdichtem PU-Gewebe mit Helox+-Technologie gefertigt, um vollst\u00e4ndigen Schutz vor Witterungseinfl\u00fcssen und grosse<\/p>\n","protected":false},"featured_media":832854,"template":"","meta":{"_seopress_robots_primary_cat":"none","_seopress_titles_title":"","_seopress_titles_desc":"","_seopress_robots_index":""},"product_brand":[4686],"product_cat":[82,1382,974,975],"product_tag":[],"class_list":{"0":"post-832934","1":"product","2":"type-product","3":"status-publish","4":"has-post-thumbnail","6":"product_brand-helly-hansen-workwear-de","7":"product_cat-kleidung","8":"product_cat-arbeitskleidung","9":"product_cat-freizeitkleidung","10":"product_cat-herrenbekleidung","11":"sws-gruppo-abb-libero-de","12":"sws-conto-ricavi-merci-rivendita-abbigliamento-de","13":"sws-gruppo-iva-iva81-de","15":"first","16":"instock","17":"shipping-taxable","18":"purchasable","19":"product-type-simple"},"_links":{"self":[{"href":"https:\/\/lucacastelli.com\/de\/wp-json\/wp\/v2\/product\/832934","targetHints":{"allow":["GET"]}}],"collection":[{"href":"https:\/\/lucacastelli.com\/de\/wp-json\/wp\/v2\/product"}],"about":[{"href":"https:\/\/lucacastelli.com\/de\/wp-json\/wp\/v2\/types\/product"}],"wp:featuredmedia":[{"embeddable":true,"href":"https:\/\/lucacastelli.com\/de\/wp-json\/wp\/v2\/media\/832854"}],"wp:attachment":[{"href":"https:\/\/lucacastelli.com\/de\/wp-json\/wp\/v2\/media?parent=832934"}],"wp:term":[{"taxonomy":"product_brand","embeddable":true,"href":"https:\/\/lucacastelli.com\/de\/wp-json\/wp\/v2\/product_brand?post=832934"},{"taxonomy":"product_cat","embeddable":true,"href":"https:\/\/lucacastelli.com\/de\/wp-json\/wp\/v2\/product_cat?post=832934"},{"taxonomy":"product_tag","embeddable":true,"href":"https:\/\/lucacastelli.com\/de\/wp-json\/wp\/v2\/product_tag?post=832934"}],"curies":[{"name":"wp","href":"https:\/\/api.w.org\/{rel}","templated":true}]}}