{"id":832921,"date":"2026-04-21T09:11:55","date_gmt":"2026-04-21T07:11:55","guid":{"rendered":"https:\/\/lucacastelli.com\/prodotto\/helly-hansen-manchester-waterproof-rain-jacket\/"},"modified":"2026-04-21T09:11:55","modified_gmt":"2026-04-21T07:11:55","slug":"helly-hansen-manchester-waterproof-rain-jacket","status":"publish","type":"product","link":"https:\/\/lucacastelli.com\/de\/produkt\/helly-hansen-manchester-waterproof-rain-jacket\/","title":{"rendered":"HELLY HANSEN Manchester Waterproof Rain Jacket"},"content":{"rendered":"<p>Wenn Sie eine leichte und dennoch zu 100 % wasserdichte Jacke suchen, ist die Manchester Rain Jacket die perfekte L\u00f6sung. Dieses Kleidungsst\u00fcck ist mit der Helly Tech\u00ae Protection-Technologie ausgestattet, alle N\u00e4hte sind f\u00fcr garantierte Wasserdichtigkeit vollst\u00e4ndig versiegelt und eine \u00d6ffnung am R\u00fccken erm\u00f6glicht die Bel\u00fcftung, ohne dass Sie nass werden. <\/p>\n<p>Zusammensetzung:<\/p>\n<p>Obermaterial: 100 % Polyester \u2013 108 g\/m\u00b2<\/p>\n<p>Futter: 100 % Polyester<\/p>\n<p>Pflegehinweise:<\/p>\n<p>Maschinenw\u00e4sche in lauwarmem Wasser \u2013 40 \u00b0C. Nicht bleichen. Trocknen im Trockner bei niedriger Temperatur. B\u00fcgeln bei niedriger Temperatur. Nicht chemisch reinigen.    <\/p>\n<ul>\n<li>Helly Tech\u00ae Technologie<\/li>\n<li>Wasserdicht, winddicht und atmungsaktiv<\/li>\n<li>Vollst\u00e4ndig versiegelte Konstruktion<\/li>\n<li>YKK\u00ae-Rei\u00dfverschl\u00fcsse<\/li>\n<li>Front-Windschutzleiste<\/li>\n<li>Zwei Seitentaschen<\/li>\n<li>R\u00fccken\u00f6ffnung zur Bel\u00fcftung<\/li>\n<\/ul>\n","protected":false},"excerpt":{"rendered":"<p>Wenn Sie eine leichte und dennoch zu 100 % wasserdichte Jacke suchen, ist die Manchester Rain Jacket die perfekte L\u00f6sung.<\/p>\n","protected":false},"featured_media":832848,"template":"","meta":{"_seopress_robots_primary_cat":"","_seopress_titles_title":"","_seopress_titles_desc":"","_seopress_robots_index":""},"product_brand":[4686],"product_cat":[82,1382,974,975],"product_tag":[],"class_list":{"0":"post-832921","1":"product","2":"type-product","3":"status-publish","4":"has-post-thumbnail","6":"product_brand-helly-hansen-workwear-de","7":"product_cat-kleidung","8":"product_cat-arbeitskleidung","9":"product_cat-freizeitkleidung","10":"product_cat-herrenbekleidung","11":"sws-gruppo-abb-libero-de","12":"sws-conto-ricavi-merci-rivendita-abbigliamento-de","13":"sws-gruppo-iva-iva81-de","15":"first","16":"instock","17":"shipping-taxable","18":"purchasable","19":"product-type-simple"},"_links":{"self":[{"href":"https:\/\/lucacastelli.com\/de\/wp-json\/wp\/v2\/product\/832921","targetHints":{"allow":["GET"]}}],"collection":[{"href":"https:\/\/lucacastelli.com\/de\/wp-json\/wp\/v2\/product"}],"about":[{"href":"https:\/\/lucacastelli.com\/de\/wp-json\/wp\/v2\/types\/product"}],"wp:featuredmedia":[{"embeddable":true,"href":"https:\/\/lucacastelli.com\/de\/wp-json\/wp\/v2\/media\/832848"}],"wp:attachment":[{"href":"https:\/\/lucacastelli.com\/de\/wp-json\/wp\/v2\/media?parent=832921"}],"wp:term":[{"taxonomy":"product_brand","embeddable":true,"href":"https:\/\/lucacastelli.com\/de\/wp-json\/wp\/v2\/product_brand?post=832921"},{"taxonomy":"product_cat","embeddable":true,"href":"https:\/\/lucacastelli.com\/de\/wp-json\/wp\/v2\/product_cat?post=832921"},{"taxonomy":"product_tag","embeddable":true,"href":"https:\/\/lucacastelli.com\/de\/wp-json\/wp\/v2\/product_tag?post=832921"}],"curies":[{"name":"wp","href":"https:\/\/api.w.org\/{rel}","templated":true}]}}