{"id":832897,"date":"2026-04-21T09:21:44","date_gmt":"2026-04-21T07:21:44","guid":{"rendered":"https:\/\/lucacastelli.com\/prodotto\/helly-hansen-voss-waterproof-rain-coat\/"},"modified":"2026-04-21T09:21:44","modified_gmt":"2026-04-21T07:21:44","slug":"helly-hansen-voss-waterproof-rain-coat","status":"publish","type":"product","link":"https:\/\/lucacastelli.com\/de\/produkt\/helly-hansen-voss-waterproof-rain-coat\/","title":{"rendered":"HELLY HANSEN Voss Waterproof Rain Coat"},"content":{"rendered":"<p>Der Helly Hansen Voss Mantel ist ein klassischer Regenmantel, der Sie trocken h\u00e4lt und vor Regen sch\u00fctzt. Das absolut wind- und wasserdichte PU-Gewebe mit Helox+ Technologie bietet umfassenden Wetterschutz. Das leichte und elastische Helox+ PU-Material sorgt f\u00fcr extra Komfort, wenn Sie diese Jacke stundenlang tragen.  <\/p>\n<p>Zusammensetzung:<\/p>\n<p>Hauptgewebe: 100 % Polyester &#8211; 170 g\/m\u00b2, PU-beschichtet<\/p>\n<p>Pflegehinweise:<\/p>\n<p>Maschinenw\u00e4sche in lauwarmem Wasser &#8211; 40 \u00b0C. Nicht bleichen. Nicht im Trockner trocknen. Nicht b\u00fcgeln. Nicht chemisch reinigen.    <\/p>\n<ul>\n<li>EN 343 3,1<\/li>\n<li>Im Kragen verstaubare Kapuze<\/li>\n<li>Verstellbare Kapuze mit Kordelzug<\/li>\n<li>Verstellbare \u00c4rmelb\u00fcndchen mit Druckkn\u00f6pfen<\/li>\n<li>R\u00fcckenl\u00e4nge Mitte Gr\u00f6\u00dfe L: 118 cm<\/li>\n<li>Reflektierende Details<\/li>\n<\/ul>\n","protected":false},"excerpt":{"rendered":"<p>Der Helly Hansen Voss Mantel ist ein klassischer Regenmantel, der Sie trocken h\u00e4lt und vor Regen sch\u00fctzt. Das absolut wind-<\/p>\n","protected":false},"featured_media":832866,"template":"","meta":{"_seopress_robots_primary_cat":"none","_seopress_titles_title":"","_seopress_titles_desc":"","_seopress_robots_index":""},"product_brand":[4686],"product_cat":[82,1382,974,975],"product_tag":[],"class_list":{"0":"post-832897","1":"product","2":"type-product","3":"status-publish","4":"has-post-thumbnail","6":"product_brand-helly-hansen-workwear-de","7":"product_cat-kleidung","8":"product_cat-arbeitskleidung","9":"product_cat-freizeitkleidung","10":"product_cat-herrenbekleidung","11":"sws-gruppo-abb-libero-de","12":"sws-conto-ricavi-merci-rivendita-abbigliamento-de","13":"sws-gruppo-iva-iva81-de","15":"first","16":"instock","17":"shipping-taxable","18":"purchasable","19":"product-type-simple"},"_links":{"self":[{"href":"https:\/\/lucacastelli.com\/de\/wp-json\/wp\/v2\/product\/832897","targetHints":{"allow":["GET"]}}],"collection":[{"href":"https:\/\/lucacastelli.com\/de\/wp-json\/wp\/v2\/product"}],"about":[{"href":"https:\/\/lucacastelli.com\/de\/wp-json\/wp\/v2\/types\/product"}],"wp:featuredmedia":[{"embeddable":true,"href":"https:\/\/lucacastelli.com\/de\/wp-json\/wp\/v2\/media\/832866"}],"wp:attachment":[{"href":"https:\/\/lucacastelli.com\/de\/wp-json\/wp\/v2\/media?parent=832897"}],"wp:term":[{"taxonomy":"product_brand","embeddable":true,"href":"https:\/\/lucacastelli.com\/de\/wp-json\/wp\/v2\/product_brand?post=832897"},{"taxonomy":"product_cat","embeddable":true,"href":"https:\/\/lucacastelli.com\/de\/wp-json\/wp\/v2\/product_cat?post=832897"},{"taxonomy":"product_tag","embeddable":true,"href":"https:\/\/lucacastelli.com\/de\/wp-json\/wp\/v2\/product_tag?post=832897"}],"curies":[{"name":"wp","href":"https:\/\/api.w.org\/{rel}","templated":true}]}}