{"id":832883,"date":"2026-04-21T09:30:41","date_gmt":"2026-04-21T07:30:41","guid":{"rendered":"https:\/\/lucacastelli.com\/prodotto\/helly-hansen-addvis-hi-vis-regenjacke\/"},"modified":"2026-04-21T09:30:41","modified_gmt":"2026-04-21T07:30:41","slug":"helly-hansen-addvis-hi-vis-regenjacke","status":"publish","type":"product","link":"https:\/\/lucacastelli.com\/de\/produkt\/helly-hansen-addvis-hi-vis-regenjacke\/","title":{"rendered":"HELLY HANSEN Addvis Hi Vis Regenjacke"},"content":{"rendered":"<p>Die ADDVIS Regenjacke kombiniert Vielseitigkeit und Schutz mit einem Hi-Vis-Design. Passen Sie die Passform dank verstellbarem Saum, Manschetten und Kapuze an Ihren K\u00f6rperbau und die Wetterbedingungen an. Ein elastischer Kordelzug sorgt f\u00fcr besseren Schutz bei schlechtem Wetter, und die Kapuze kann bei Bedarf komplett abgenommen werden. Dank der doppelten Frontklappe bleiben Sie den ganzen Tag trocken. Diese Hi-Vis-Regenjacke erf\u00fcllt internationale Standards sowohl f\u00fcr Sichtbarkeit als auch f\u00fcr Niederschlagsschutz. Zu den hochwertigen Merkmalen geh\u00f6ren ein Kinnschutz am Frontrei\u00dfverschluss, Druckkn\u00f6pfe an den \u00c4rmeln und gesch\u00fctzte Taschen. Vom industriellen AMANN-Garn \u00fcber YKK\u00ae-Rei\u00dfverschl\u00fcsse bis hin zum Funktionsgewebe \u2013 die ADDVIS Regenjacke bietet Ihnen optimalen Schutz.      <\/p>\n<p>Zusammensetzung:<\/p>\n<p>Au\u00dfenmaterial: 100 % Polyurethan, 170 g\/m\u00b2<\/p>\n<p>Pflegehinweise:<\/p>\n<p>Klettverschl\u00fcsse vor dem Waschen schlie\u00dfen. Rei\u00dfverschl\u00fcsse vor dem Waschen schlie\u00dfen. Keinen Weichsp\u00fcler verwenden.   Mit \u00e4hnlichen Farben waschen. Maschinenw\u00e4sche bei 40 \u00b0C. Nicht bleichen. Nicht im Trockner trocknen. Nicht b\u00fcgeln. Nicht chemisch reinigen.    <\/p>\n<ul>\n<li>EN ISO 20471:2013:3<\/li>\n<li>EN 343:2019: 4, 1, X<\/li>\n<li>AMANN-Garne<\/li>\n<li>YKK\u00ae-Rei\u00dfverschluss<\/li>\n<li>Verstellbare Kapuze mit elastischem Kordelzug<\/li>\n<li>Abnehmbare Kapuze<\/li>\n<li>YKK\u00ae-Frontrei\u00dfverschluss mit Kinnschutz<\/li>\n<li>Doppelte Windschutzleiste vorne<\/li>\n<li>Eingrifftaschen<\/li>\n<li>Verstellbare \u00c4rmelb\u00fcndchen mit Druckkn\u00f6pfen<\/li>\n<li>Verstellbarer Saum<\/li>\n<\/ul>\n","protected":false},"excerpt":{"rendered":"<p>Die ADDVIS Regenjacke kombiniert Vielseitigkeit und Schutz mit einem Hi-Vis-Design. Passen Sie die Passform dank verstellbarem Saum, Manschetten und Kapuze<\/p>\n","protected":false},"featured_media":832872,"template":"","meta":{"_seopress_robots_primary_cat":"none","_seopress_titles_title":"","_seopress_titles_desc":"","_seopress_robots_index":""},"product_brand":[4686],"product_cat":[82,1382,974,975],"product_tag":[],"class_list":{"0":"post-832883","1":"product","2":"type-product","3":"status-publish","4":"has-post-thumbnail","6":"product_brand-helly-hansen-workwear-de","7":"product_cat-kleidung","8":"product_cat-arbeitskleidung","9":"product_cat-freizeitkleidung","10":"product_cat-herrenbekleidung","11":"sws-gruppo-abb-libero-de","12":"sws-conto-ricavi-merci-rivendita-abbigliamento-de","13":"sws-gruppo-iva-iva81-de","15":"first","16":"instock","17":"shipping-taxable","18":"purchasable","19":"product-type-simple"},"_links":{"self":[{"href":"https:\/\/lucacastelli.com\/de\/wp-json\/wp\/v2\/product\/832883","targetHints":{"allow":["GET"]}}],"collection":[{"href":"https:\/\/lucacastelli.com\/de\/wp-json\/wp\/v2\/product"}],"about":[{"href":"https:\/\/lucacastelli.com\/de\/wp-json\/wp\/v2\/types\/product"}],"wp:featuredmedia":[{"embeddable":true,"href":"https:\/\/lucacastelli.com\/de\/wp-json\/wp\/v2\/media\/832872"}],"wp:attachment":[{"href":"https:\/\/lucacastelli.com\/de\/wp-json\/wp\/v2\/media?parent=832883"}],"wp:term":[{"taxonomy":"product_brand","embeddable":true,"href":"https:\/\/lucacastelli.com\/de\/wp-json\/wp\/v2\/product_brand?post=832883"},{"taxonomy":"product_cat","embeddable":true,"href":"https:\/\/lucacastelli.com\/de\/wp-json\/wp\/v2\/product_cat?post=832883"},{"taxonomy":"product_tag","embeddable":true,"href":"https:\/\/lucacastelli.com\/de\/wp-json\/wp\/v2\/product_tag?post=832883"}],"curies":[{"name":"wp","href":"https:\/\/api.w.org\/{rel}","templated":true}]}}