{"id":832805,"date":"2026-04-20T20:26:49","date_gmt":"2026-04-20T18:26:49","guid":{"rendered":"https:\/\/lucacastelli.com\/prodotto\/haix-black-eagle-safety-410-c-gtx\/"},"modified":"2026-04-20T20:26:49","modified_gmt":"2026-04-20T18:26:49","slug":"haix-black-eagle-safety-410-c-gtx","status":"publish","type":"product","link":"https:\/\/lucacastelli.com\/de\/produkt\/haix-black-eagle-safety-410-c-gtx\/","title":{"rendered":"HAIX BLACK EAGLE Safety 410 C GTX"},"content":{"rendered":"<p>Obermaterial: Kombination aus Mikrofaser und extrem schnitt- und abriebfestem Textilmaterial. Innenfutter: GORE-TEX, wasserdicht, hoch atmungsaktiv, abriebfester Futterstoff, hoher Klimakomfort, insbesondere f\u00fcr flexiblen Wechseleinsatz im Innen- und Aussenbereich und bei w\u00e4rmeren Temperaturen. Einlegesohle: Komfortabel, d\u00e4mpfend, feuchtigkeitsableitend, separate Fersenschale sorgt f\u00fcr gute D\u00e4mpfung und Fussf\u00fchrung, \u201eAIRFLOW\u201c-Kan\u00e4le, \u201ePerfect-Fit\u201c-Markierung f\u00fcr eine optimale \u00dcberpr\u00fcfung der korrekten Schuhgr\u00f6sse.  XLR8: XLR8 Technologien zur Steigerung von Leistung, Kontrolle und Ausdauer. Reforce erzeugt eine gezielte Rotationsbewegung des Fersenbeins und richtet so das Fussgew\u00f6lbe wieder auf. Die adaptive Fersenhinterkappe passt sich mit der Zeit der individuellen Form des Fersenbeins an und verbindet dieses ideal mit dem Schuh. Beim Auftreten wird der Schuh so durch das Fersenbein kontrolliert. Die ausbalancierte Federung absorbiert den Aufprall, speichert Energie und gibt sie beim Abdruck gezielt zur\u00fcck. Der ergonomische Leisten erm\u00f6glicht es, dass sich der Fuss nat\u00fcrlich frei entfalten kann und zugleich der Schuh durch den Fuss optimal gef\u00fchrt wird.     Brandsohle: Ultra leicht, weich, d\u00e4mpfend, mit abriebfester und feuchtigkeitsabsorbierender Mikrofaserkaschierung. Durchtrittsschutz: Flexible, leichte, metallfreie und durchtritthemmende Sohleneinlage mit 20% Recyclinganteil. Laufsohle: Moderne und leichte Gummilaufsohle mit Strassen-\/Gel\u00e4ndeprofil mit einer PU Zwischensohle mit guten D\u00e4mpfungseigenschaften, hervorragenden Laufeigenschaften und sehr guter Isolation gegen W\u00e4rme und K\u00e4lte.  Die Gummilaufsohle ist rutschfest, abriebbest\u00e4ndig, nicht kreidend, antistatisch und kraftstoffbest\u00e4ndig. ESD: Elektrostatisch ableitf\u00e4hige Schuhe gepr\u00fcft nach EN IEC 61340-4-3:2018, EN IEC 61340-5-1:2016. Zehenschutzkappe: Anatomisch geformte, ultraleichte Schutzkappe aus glasfaserverst\u00e4rktem Kunststoff f\u00fcr h\u00f6chste Sicherheitsanforderungen. HAIX CO-System: Druckentlastung, D\u00e4mpfung, Korrektur der Fussstellung, K\u00f6rperaufrichtung, Muskelbalance. HAIX Smart Lacing: Leichtg\u00e4ngige und druckfreie Anpassung des Schuhes an den Fuss, Schnellverschluss und Schn\u00fcrsenkeltasche. HAIX Vario Wide Fit System: Durch 3 verschiedene Einlegesohlen kann der Schuh in der Weite individuell angepasst werden. Die Einlage in Rot (medium) wird mit dem Schuh geliefert, eine Einlegesohle in Gelb (wide) und Blau (narrow) muss separat bestellt werden. Sonstiges: Abriebfeste TPU-\u00dcberkappe, metallfrei, Anziehschlaufe, f\u00fcr orthop\u00e4dische Einlagen zertifiziert.      <\/p>\n<p>Sicher in jeder Wetterlage mit dem kn\u00f6chelhohen Multitalent Black Eagle 410.<\/p>\n<p>Schnellverschluss<br \/>\nCrafTex\/Mikrofaser\/Textil<br \/>\nwasserdicht durch GORE-TEX<\/p>\n","protected":false},"excerpt":{"rendered":"<p>Obermaterial: Kombination aus Mikrofaser und extrem schnitt- und abriebfestem Textilmaterial. Innenfutter: GORE-TEX, wasserdicht, hoch atmungsaktiv, abriebfester Futterstoff, hoher Klimakomfort, insbesondere<\/p>\n","protected":false},"featured_media":787383,"template":"","meta":{"_seopress_robots_primary_cat":"none","_seopress_titles_title":"","_seopress_titles_desc":"","_seopress_robots_index":""},"product_brand":[3640],"product_cat":[175,1424],"product_tag":[],"class_list":{"0":"post-832805","1":"product","2":"type-product","3":"status-publish","4":"has-post-thumbnail","6":"product_brand-haix-de","7":"product_cat-schuhe","8":"product_cat-arbeitsschuhe","9":"sws-gruppo-abb-libero-de","10":"sws-conto-ricavi-merci-rivendita-abbigliamento-de","11":"sws-gruppo-iva-iva81-de","13":"first","14":"instock","15":"shipping-taxable","16":"purchasable","17":"product-type-simple"},"_links":{"self":[{"href":"https:\/\/lucacastelli.com\/de\/wp-json\/wp\/v2\/product\/832805","targetHints":{"allow":["GET"]}}],"collection":[{"href":"https:\/\/lucacastelli.com\/de\/wp-json\/wp\/v2\/product"}],"about":[{"href":"https:\/\/lucacastelli.com\/de\/wp-json\/wp\/v2\/types\/product"}],"wp:featuredmedia":[{"embeddable":true,"href":"https:\/\/lucacastelli.com\/de\/wp-json\/wp\/v2\/media\/787383"}],"wp:attachment":[{"href":"https:\/\/lucacastelli.com\/de\/wp-json\/wp\/v2\/media?parent=832805"}],"wp:term":[{"taxonomy":"product_brand","embeddable":true,"href":"https:\/\/lucacastelli.com\/de\/wp-json\/wp\/v2\/product_brand?post=832805"},{"taxonomy":"product_cat","embeddable":true,"href":"https:\/\/lucacastelli.com\/de\/wp-json\/wp\/v2\/product_cat?post=832805"},{"taxonomy":"product_tag","embeddable":true,"href":"https:\/\/lucacastelli.com\/de\/wp-json\/wp\/v2\/product_tag?post=832805"}],"curies":[{"name":"wp","href":"https:\/\/api.w.org\/{rel}","templated":true}]}}