{"id":832726,"date":"2026-04-20T19:54:21","date_gmt":"2026-04-20T17:54:21","guid":{"rendered":"https:\/\/lucacastelli.com\/prodotto\/crazy-pant-acceleration-light\/"},"modified":"2026-04-20T19:54:21","modified_gmt":"2026-04-20T17:54:21","slug":"crazy-pant-acceleration-light","status":"publish","type":"product","link":"https:\/\/lucacastelli.com\/de\/produkt\/crazy-pant-acceleration-light\/","title":{"rendered":"CRAZY PANT ACCELERATION LIGHT"},"content":{"rendered":"<p>Produktbeschreibung<\/p>\n<p>Die Pant Acceleration ist f\u00fcr athletisches Trekking konzipiert und verk\u00f6rpert die Essenz des Fast-&amp;-Light-Konzepts am Berg. Sie kombiniert hochtechnische Materialien, fortschrittliche Konstruktionen und eine athletische Passform und bietet so hohe Leistung und einen markanten Stil. <\/p>\n<p>Die Hybridkonstruktion verwendet bi-elastische Gewebe, um ein maximales Gleichgewicht zwischen Schutz und Atmungsaktivit\u00e4t zu gew\u00e4hrleisten: Auf der Vorderseite bietet das Endurance Light-Gewebe Windschutz und eine wasserabweisende DWR-Behandlung, w\u00e4hrend die R\u00fcckseite aus der Stretch Series Leichtigkeit und Bel\u00fcftung bei intensivsten Aktivit\u00e4ten garantiert.<\/p>\n<p>Der neue elastische Bund, der im Vergleich zu den Vorg\u00e4ngerversionen verbessert wurde, garantiert Stabilit\u00e4t und Komfort, mit Regulierung durch einen internen Kordelzug.<\/p>\n<p>Hauptmerkmale<br \/>\nHybridkonstruktion mit Endurance Light (Schutz) und Stretch Series (Atmungsaktivit\u00e4t) Geweben<br \/>\nDWR-Behandlung f\u00fcr verbesserte Wasserabweisung<br \/>\nElastischer Bund mit Regulierung durch internen Kordelzug<br \/>\nLasergeschnittene Seitentaschen mit geklebten Reissverschl\u00fcssen<br \/>\nTasche auf dem rechten Oberschenkel mit Reissverschluss<br \/>\nVerst\u00e4rkte Bes\u00e4tze aus Rip-Stop-Gewebe<br \/>\nVerstellbarer Beinabschluss mit Knopf<br \/>\nGeklebter Saum f\u00fcr mehr Komfort<br \/>\nKontrastn\u00e4hte<br \/>\nReflektierende Logos f\u00fcr bessere Sichtbarkeit<br \/>\nIdeal f\u00fcr<br \/>\nSchnelles Trekking und hochintensive Outdoor-Aktivit\u00e4ten<br \/>\nTechnischer Einsatz im Gebirge<br \/>\nDynamische und variable Bedingungen<\/p>\n","protected":false},"excerpt":{"rendered":"<p>Produktbeschreibung Die Pant Acceleration ist f\u00fcr athletisches Trekking konzipiert und verk\u00f6rpert die Essenz des Fast-&amp;-Light-Konzepts am Berg. Sie kombiniert hochtechnische<\/p>\n","protected":false},"featured_media":832667,"template":"","meta":{"_seopress_robots_primary_cat":"","_seopress_titles_title":"","_seopress_titles_desc":"","_seopress_robots_index":""},"product_brand":[3614],"product_cat":[82,974,975],"product_tag":[],"class_list":{"0":"post-832726","1":"product","2":"type-product","3":"status-publish","4":"has-post-thumbnail","6":"product_brand-crazy-de","7":"product_cat-kleidung","8":"product_cat-freizeitkleidung","9":"product_cat-herrenbekleidung","10":"sws-gruppo-abb-libero-de","11":"sws-conto-ricavi-merci-rivendita-abbigliamento-de","12":"sws-gruppo-iva-iva81-de","14":"first","15":"instock","16":"shipping-taxable","17":"purchasable","18":"product-type-simple"},"_links":{"self":[{"href":"https:\/\/lucacastelli.com\/de\/wp-json\/wp\/v2\/product\/832726","targetHints":{"allow":["GET"]}}],"collection":[{"href":"https:\/\/lucacastelli.com\/de\/wp-json\/wp\/v2\/product"}],"about":[{"href":"https:\/\/lucacastelli.com\/de\/wp-json\/wp\/v2\/types\/product"}],"wp:featuredmedia":[{"embeddable":true,"href":"https:\/\/lucacastelli.com\/de\/wp-json\/wp\/v2\/media\/832667"}],"wp:attachment":[{"href":"https:\/\/lucacastelli.com\/de\/wp-json\/wp\/v2\/media?parent=832726"}],"wp:term":[{"taxonomy":"product_brand","embeddable":true,"href":"https:\/\/lucacastelli.com\/de\/wp-json\/wp\/v2\/product_brand?post=832726"},{"taxonomy":"product_cat","embeddable":true,"href":"https:\/\/lucacastelli.com\/de\/wp-json\/wp\/v2\/product_cat?post=832726"},{"taxonomy":"product_tag","embeddable":true,"href":"https:\/\/lucacastelli.com\/de\/wp-json\/wp\/v2\/product_tag?post=832726"}],"curies":[{"name":"wp","href":"https:\/\/api.w.org\/{rel}","templated":true}]}}