{"id":832707,"date":"2026-04-20T19:55:07","date_gmt":"2026-04-20T17:55:07","guid":{"rendered":"https:\/\/lucacastelli.com\/prodotto\/crazy-pant-viper-light\/"},"modified":"2026-04-20T19:55:07","modified_gmt":"2026-04-20T17:55:07","slug":"crazy-pant-viper-light","status":"publish","type":"product","link":"https:\/\/lucacastelli.com\/de\/produkt\/crazy-pant-viper-light\/","title":{"rendered":"CRAZY PANT VIPER LIGHT"},"content":{"rendered":"<p>Produktbeschreibung<\/p>\n<p>Der Pant Viper ist die technische Hose schlechthin, ein echtes Must-have f\u00fcr Trekking und Bergaktivit\u00e4ten. Entwickelt f\u00fcr H\u00f6chstleistungen, vereint er Strapazierf\u00e4higkeit, Komfort und einen markanten, modernen Stil. <\/p>\n<p>Gefertigt aus Lite-Guard-Gewebe, bi-elastisch und atmungsaktiv, garantiert er Bewegungsfreiheit und Komfort auch bei anspruchsvollsten Aktivit\u00e4ten. Die DWR-Behandlung (wasserabweisend) bietet Schutz vor leichter Feuchtigkeit und wechselnden Wetterbedingungen. <\/p>\n<p>Die verst\u00e4rkten Patches an den Knien sorgen f\u00fcr erh\u00f6hte Abriebfestigkeit und machen diese Hose ideal auch f\u00fcr intensive Nutzung.<\/p>\n<p>Hauptmerkmale<br \/>\nTechnisches Lite-Guard-Gewebe, elastisch, atmungsaktiv und strapazierf\u00e4hig<br \/>\nDWR-Behandlung f\u00fcr erh\u00f6hte Wasserabweisung<br \/>\nVerstellbarer Bund mit elastischer Kordel<br \/>\nHosenschlitz mit unsichtbarem Reissverschluss<br \/>\nZwei lasergeschnittene Seitentaschen mit verklebtem Reissverschluss<br \/>\nGes\u00e4sstasche mit unsichtbarem Reissverschluss<br \/>\nVerstellbarer Beinabschluss mit elastischer Kordel<br \/>\nVerst\u00e4rkte Abriebschutz-Patches an stark beanspruchten Stellen<br \/>\nKontrastfarbene N\u00e4hte<br \/>\nReflektierende Logos f\u00fcr bessere Sichtbarkeit<br \/>\nIdeal f\u00fcr<br \/>\nTrekking und technische Bergaktivit\u00e4ten<br \/>\nIntensive Outdoor-Nutzung<br \/>\nWechselnde Bedingungen und anspruchsvolles Gel\u00e4nde<\/p>\n","protected":false},"excerpt":{"rendered":"<p>Produktbeschreibung Der Pant Viper ist die technische Hose schlechthin, ein echtes Must-have f\u00fcr Trekking und Bergaktivit\u00e4ten. Entwickelt f\u00fcr H\u00f6chstleistungen, vereint<\/p>\n","protected":false},"featured_media":832676,"template":"","meta":{"_seopress_robots_primary_cat":"none","_seopress_titles_title":"","_seopress_titles_desc":"","_seopress_robots_index":""},"product_brand":[3614],"product_cat":[82,974,975],"product_tag":[],"class_list":{"0":"post-832707","1":"product","2":"type-product","3":"status-publish","4":"has-post-thumbnail","6":"product_brand-crazy-de","7":"product_cat-kleidung","8":"product_cat-freizeitkleidung","9":"product_cat-herrenbekleidung","10":"sws-gruppo-abb-libero-de","11":"sws-conto-ricavi-merci-rivendita-abbigliamento-de","12":"sws-gruppo-iva-iva81-de","14":"first","15":"instock","16":"shipping-taxable","17":"purchasable","18":"product-type-simple"},"_links":{"self":[{"href":"https:\/\/lucacastelli.com\/de\/wp-json\/wp\/v2\/product\/832707","targetHints":{"allow":["GET"]}}],"collection":[{"href":"https:\/\/lucacastelli.com\/de\/wp-json\/wp\/v2\/product"}],"about":[{"href":"https:\/\/lucacastelli.com\/de\/wp-json\/wp\/v2\/types\/product"}],"wp:featuredmedia":[{"embeddable":true,"href":"https:\/\/lucacastelli.com\/de\/wp-json\/wp\/v2\/media\/832676"}],"wp:attachment":[{"href":"https:\/\/lucacastelli.com\/de\/wp-json\/wp\/v2\/media?parent=832707"}],"wp:term":[{"taxonomy":"product_brand","embeddable":true,"href":"https:\/\/lucacastelli.com\/de\/wp-json\/wp\/v2\/product_brand?post=832707"},{"taxonomy":"product_cat","embeddable":true,"href":"https:\/\/lucacastelli.com\/de\/wp-json\/wp\/v2\/product_cat?post=832707"},{"taxonomy":"product_tag","embeddable":true,"href":"https:\/\/lucacastelli.com\/de\/wp-json\/wp\/v2\/product_tag?post=832707"}],"curies":[{"name":"wp","href":"https:\/\/api.w.org\/{rel}","templated":true}]}}