{"id":832706,"date":"2026-04-20T19:47:55","date_gmt":"2026-04-20T17:47:55","guid":{"rendered":"https:\/\/lucacastelli.com\/prodotto\/crazy-short-super\/"},"modified":"2026-04-20T19:47:55","modified_gmt":"2026-04-20T17:47:55","slug":"crazy-short-super","status":"publish","type":"product","link":"https:\/\/lucacastelli.com\/de\/produkt\/crazy-short-super\/","title":{"rendered":"CRAZY SHORT SUPER"},"content":{"rendered":"<p>Produktbeschreibung<\/p>\n<p>Die Short Denim Style geh\u00f6ren zu den markantesten Kleidungsst\u00fccken der CRAZY-Kollektion und zeichnen sich durch einen exklusiven Look im Jeans-Effekt aus, der sie einzigartig macht.<\/p>\n<p>Trotz der l\u00e4ssigen \u00c4sthetik handelt es sich um ein hochtechnisches Produkt: Gefertigt aus Stretch Series-Gewebe, bieten sie Leichtigkeit, Elastizit\u00e4t und maximalen Komfort, wodurch sie sich perfekt f\u00fcr Trekking und Freizeit eignen.<\/p>\n<p>Jedes Kleidungsst\u00fcck wird von Hand zugeschnitten, um die perfekte Kontinuit\u00e4t des Denim-Prints entlang der N\u00e4hte zu gew\u00e4hrleisten, was das Design zus\u00e4tzlich aufwertet.<\/p>\n<p>Der flache Elastikbund sorgt f\u00fcr eine bequeme Passform, w\u00e4hrend die Rei\u00dfverschlusstaschen Praktikabilit\u00e4t und Sicherheit w\u00e4hrend der Nutzung bieten.<\/p>\n<p>Hauptmerkmale<br \/>\nBielastisches, leichtes und weiches Stretch Series-Funktionsgewebe<br \/>\nExklusives Design mit komplett bedrucktem Jeans-Effekt (Denim)<br \/>\nHandgeschnittenes Kleidungsst\u00fcck f\u00fcr perfekte Ausrichtung der Drucke<br \/>\nVerstellbarer Bund mit internem elastischem Kordelzug<br \/>\nLasergeschnittene Seitentaschen mit geklebten Rei\u00dfverschl\u00fcssen<br \/>\nLasergeschnittene Ges\u00e4\u00dftasche mit geklebtem Rei\u00dfverschluss<br \/>\nLasergeschnittener Beinabschluss f\u00fcr mehr Komfort<br \/>\nLeichte und vielseitige Passform<br \/>\nIdeal f\u00fcr<br \/>\nLeichtes Trekking<br \/>\nFreizeit und t\u00e4glichen Gebrauch<br \/>\nOutdoor-Aktivit\u00e4ten unter sommerlichen Bedingungen<\/p>\n","protected":false},"excerpt":{"rendered":"<p>Produktbeschreibung Die Short Denim Style geh\u00f6ren zu den markantesten Kleidungsst\u00fccken der CRAZY-Kollektion und zeichnen sich durch einen exklusiven Look im<\/p>\n","protected":false},"featured_media":832661,"template":"","meta":{"_seopress_robots_primary_cat":"","_seopress_titles_title":"","_seopress_titles_desc":"","_seopress_robots_index":""},"product_brand":[3614],"product_cat":[82,974,975],"product_tag":[],"class_list":{"0":"post-832706","1":"product","2":"type-product","3":"status-publish","4":"has-post-thumbnail","6":"product_brand-crazy-de","7":"product_cat-kleidung","8":"product_cat-freizeitkleidung","9":"product_cat-herrenbekleidung","10":"sws-gruppo-abb-libero-de","11":"sws-conto-ricavi-merci-rivendita-abbigliamento-de","12":"sws-gruppo-iva-iva81-de","14":"first","15":"instock","16":"shipping-taxable","17":"purchasable","18":"product-type-simple"},"_links":{"self":[{"href":"https:\/\/lucacastelli.com\/de\/wp-json\/wp\/v2\/product\/832706","targetHints":{"allow":["GET"]}}],"collection":[{"href":"https:\/\/lucacastelli.com\/de\/wp-json\/wp\/v2\/product"}],"about":[{"href":"https:\/\/lucacastelli.com\/de\/wp-json\/wp\/v2\/types\/product"}],"wp:featuredmedia":[{"embeddable":true,"href":"https:\/\/lucacastelli.com\/de\/wp-json\/wp\/v2\/media\/832661"}],"wp:attachment":[{"href":"https:\/\/lucacastelli.com\/de\/wp-json\/wp\/v2\/media?parent=832706"}],"wp:term":[{"taxonomy":"product_brand","embeddable":true,"href":"https:\/\/lucacastelli.com\/de\/wp-json\/wp\/v2\/product_brand?post=832706"},{"taxonomy":"product_cat","embeddable":true,"href":"https:\/\/lucacastelli.com\/de\/wp-json\/wp\/v2\/product_cat?post=832706"},{"taxonomy":"product_tag","embeddable":true,"href":"https:\/\/lucacastelli.com\/de\/wp-json\/wp\/v2\/product_tag?post=832706"}],"curies":[{"name":"wp","href":"https:\/\/api.w.org\/{rel}","templated":true}]}}