{"id":832593,"date":"2025-08-07T15:15:07","date_gmt":"2025-08-07T13:15:07","guid":{"rendered":"https:\/\/lucacastelli.com\/prodotto\/milwaukee-werkstattwagen-toolguard-27-69-cm-mit-131-teiligem-werkzeugsatz\/"},"modified":"2025-08-07T15:15:07","modified_gmt":"2025-08-07T13:15:07","slug":"milwaukee-werkstattwagen-toolguard-27-69-cm-mit-131-teiligem-werkzeugsatz","status":"publish","type":"product","link":"https:\/\/lucacastelli.com\/de\/produkt\/milwaukee-werkstattwagen-toolguard-27-69-cm-mit-131-teiligem-werkzeugsatz\/","title":{"rendered":"MILWAUKEE Werkstattwagen TOOLGUARD 27&#8243; \/ 69 cm mit 131-teiligem Werkzeugsatz"},"content":{"rendered":"<p>NICHT ANZEIGEN<br \/>\nFilled Toolguard 27\u201d\/69 Universal<br \/>\n3 Schubladen mit den wichtigsten Werkzeugen; Schubladen mit 35 kg Tragkraft. Untere Schublade mit 70 kg Tragkraft; Einzelverriegelung verhindert versehentliches \u00d6ffnen; 125 mm Rollen (2 Bockrollen, 2 Lenkrollen, 1 Feststellbremse); Ratschen mit 90-Zahn-Mechanismus und 4\u00b0 R\u00fcckholwinkel f\u00fcr Arbeiten in engen R\u00e4umen; Ring-Maulschl\u00fcssel mit Ratsche und MAX BITE\u2122-Maul\u00f6ffnung zur Reduzierung von Abrutschen oder Durchdrehen; Schraubendreher mit komfortablem Tri-Lobe-Griff, optimiert f\u00fcr hohen Bedienkomfort und hohe Kraft\u00fcbertragung <\/p>\n<p>4932499182<br \/>\n4058546563462<\/p>\n","protected":false},"excerpt":{"rendered":"<p>Filled Toolguard 27\u201d\/69 Universal<\/p>\n","protected":false},"featured_media":592677,"template":"","meta":{"_seopress_robots_primary_cat":"none","_seopress_titles_title":"","_seopress_titles_desc":"","_seopress_robots_index":""},"product_brand":[3407],"product_cat":[5416,33],"product_tag":[3270],"class_list":{"0":"post-832593","1":"product","2":"type-product","3":"status-publish","4":"has-post-thumbnail","6":"product_brand-milwaukee","7":"product_cat-utensili-per-officina","8":"product_cat-attrezzature","9":"product_tag-import-milwau","10":"sws-conto-ricavi-merci-rivendita-macchinari-de","11":"sws-gruppo-iva-iva81-de","13":"first","14":"instock","15":"sale","16":"shipping-taxable","17":"purchasable","18":"product-type-simple"},"_links":{"self":[{"href":"https:\/\/lucacastelli.com\/de\/wp-json\/wp\/v2\/product\/832593","targetHints":{"allow":["GET"]}}],"collection":[{"href":"https:\/\/lucacastelli.com\/de\/wp-json\/wp\/v2\/product"}],"about":[{"href":"https:\/\/lucacastelli.com\/de\/wp-json\/wp\/v2\/types\/product"}],"wp:featuredmedia":[{"embeddable":true,"href":"https:\/\/lucacastelli.com\/de\/wp-json\/wp\/v2\/media\/592677"}],"wp:attachment":[{"href":"https:\/\/lucacastelli.com\/de\/wp-json\/wp\/v2\/media?parent=832593"}],"wp:term":[{"taxonomy":"product_brand","embeddable":true,"href":"https:\/\/lucacastelli.com\/de\/wp-json\/wp\/v2\/product_brand?post=832593"},{"taxonomy":"product_cat","embeddable":true,"href":"https:\/\/lucacastelli.com\/de\/wp-json\/wp\/v2\/product_cat?post=832593"},{"taxonomy":"product_tag","embeddable":true,"href":"https:\/\/lucacastelli.com\/de\/wp-json\/wp\/v2\/product_tag?post=832593"}],"curies":[{"name":"wp","href":"https:\/\/api.w.org\/{rel}","templated":true}]}}