{"id":832579,"date":"2025-08-07T15:19:25","date_gmt":"2025-08-07T13:19:25","guid":{"rendered":"https:\/\/lucacastelli.com\/prodotto\/milwaukee-kassette-geschmiedete-metallbohrer-aus-hss-g-kobalt-din-338\/"},"modified":"2025-08-07T15:19:25","modified_gmt":"2025-08-07T13:19:25","slug":"milwaukee-kassette-geschmiedete-metallbohrer-aus-hss-g-kobalt-din-338","status":"publish","type":"product","link":"https:\/\/lucacastelli.com\/de\/produkt\/milwaukee-kassette-geschmiedete-metallbohrer-aus-hss-g-kobalt-din-338\/","title":{"rendered":"MILWAUKEE Kassette geschmiedete Metallbohrer aus HSS-G KOBALT &#8211; DIN 338"},"content":{"rendered":"<p>Kassette geschmiedete Metallbohrer aus HSS-G KOBALT &#8211; DIN 338<br \/>\nM. Drill HSS-Co Set-8pc<br \/>\nGeschliffene HSS-Kobaltbohrer, besonders hitzebest\u00e4ndig und nach DIN 338 gefertigt. Blanke Ausf\u00fchrung;Schneiden mit 135-Grad-Schneidwinkel. Kein K\u00f6rner erforderlich;Der Kobaltanteil (5 %) verhindert \u00dcberhitzung des Bohrers;Spirale Typ N. Geeignet zum Bohren von Stahl, Gusseisen und Legierungen mit Zugfestigkeit bis 1000 N\/mm2, Holz, Kunststoff und Edelstahl;Geeignet zum Bohren von hochlegierten St\u00e4hlen und Metallen mit Zugfestigkeiten \u00fcber 1000 N\/mm\u00b2 wie hitze- und s\u00e4urebest\u00e4ndige St\u00e4hle und Edelstahl;Dreikantschaft ab Durchmesser 5 f\u00fcr besseren Halt;Farbe: bronze  <\/p>\n<p>4932499256<br \/>\n4058546564209<\/p>\n","protected":false},"excerpt":{"rendered":"<p>M. Drill HSS-Co Set-8pc<\/p>\n","protected":false},"featured_media":591294,"template":"","meta":{"_seopress_robots_primary_cat":"","_seopress_titles_title":"","_seopress_titles_desc":"","_seopress_robots_index":""},"product_brand":[3407],"product_cat":[5416,33],"product_tag":[3270],"class_list":{"0":"post-832579","1":"product","2":"type-product","3":"status-publish","4":"has-post-thumbnail","6":"product_brand-milwaukee","7":"product_cat-utensili-per-officina","8":"product_cat-attrezzature","9":"product_tag-import-milwau","10":"sws-conto-ricavi-merci-rivendita-macchinari-de","11":"sws-gruppo-iva-iva81-de","13":"first","14":"onbackorder","15":"shipping-taxable","16":"purchasable","17":"product-type-simple"},"_links":{"self":[{"href":"https:\/\/lucacastelli.com\/de\/wp-json\/wp\/v2\/product\/832579","targetHints":{"allow":["GET"]}}],"collection":[{"href":"https:\/\/lucacastelli.com\/de\/wp-json\/wp\/v2\/product"}],"about":[{"href":"https:\/\/lucacastelli.com\/de\/wp-json\/wp\/v2\/types\/product"}],"wp:featuredmedia":[{"embeddable":true,"href":"https:\/\/lucacastelli.com\/de\/wp-json\/wp\/v2\/media\/591294"}],"wp:attachment":[{"href":"https:\/\/lucacastelli.com\/de\/wp-json\/wp\/v2\/media?parent=832579"}],"wp:term":[{"taxonomy":"product_brand","embeddable":true,"href":"https:\/\/lucacastelli.com\/de\/wp-json\/wp\/v2\/product_brand?post=832579"},{"taxonomy":"product_cat","embeddable":true,"href":"https:\/\/lucacastelli.com\/de\/wp-json\/wp\/v2\/product_cat?post=832579"},{"taxonomy":"product_tag","embeddable":true,"href":"https:\/\/lucacastelli.com\/de\/wp-json\/wp\/v2\/product_tag?post=832579"}],"curies":[{"name":"wp","href":"https:\/\/api.w.org\/{rel}","templated":true}]}}