{"id":832578,"date":"2025-08-07T15:15:28","date_gmt":"2025-08-07T13:15:28","guid":{"rendered":"https:\/\/lucacastelli.com\/prodotto\/milwaukee-grosse-box-fuer-packout-organizer\/"},"modified":"2025-08-07T15:15:28","modified_gmt":"2025-08-07T13:15:28","slug":"milwaukee-grosse-box-fuer-packout-organizer","status":"publish","type":"product","link":"https:\/\/lucacastelli.com\/de\/produkt\/milwaukee-grosse-box-fuer-packout-organizer\/","title":{"rendered":"MILWAUKEE GROSSE BOX F\u00dcR PACKOUT ORGANIZER"},"content":{"rendered":"<p>GROSSE BOX F\u00dcR PACKOUT ORGANIZER<br \/>\nErsatz-Sortimentsbox f\u00fcr PACKOUT Organizer;Zur Aufbewahrung von Kleinteilen wie Eisenwaren, Befestigungselementen und Bits;Sto\u00dffestes Geh\u00e4use, entwickelt f\u00fcr den Einsatz unter harten Bedingungen;Zwei Beschriftungsfenster zur einfachen Identifizierung der Materialien auf der Baustelle;Herausnehmbare Trennwand<\/p>\n<p>4932500137<br \/>\n4058546573010<\/p>\n","protected":false},"excerpt":{"rendered":"<p>GROSSE BOX F\u00dcR PACKOUT ORGANIZER<\/p>\n","protected":false},"featured_media":593695,"template":"","meta":{"_seopress_robots_primary_cat":"","_seopress_titles_title":"","_seopress_titles_desc":"","_seopress_robots_index":""},"product_brand":[3407],"product_cat":[5416,33],"product_tag":[3270],"class_list":{"0":"post-832578","1":"product","2":"type-product","3":"status-publish","4":"has-post-thumbnail","6":"product_brand-milwaukee","7":"product_cat-utensili-per-officina","8":"product_cat-attrezzature","9":"product_tag-import-milwau","10":"sws-conto-ricavi-merci-rivendita-macchinari-de","11":"sws-gruppo-iva-iva81-de","13":"first","14":"onbackorder","15":"sale","16":"shipping-taxable","17":"purchasable","18":"product-type-simple"},"_links":{"self":[{"href":"https:\/\/lucacastelli.com\/de\/wp-json\/wp\/v2\/product\/832578","targetHints":{"allow":["GET"]}}],"collection":[{"href":"https:\/\/lucacastelli.com\/de\/wp-json\/wp\/v2\/product"}],"about":[{"href":"https:\/\/lucacastelli.com\/de\/wp-json\/wp\/v2\/types\/product"}],"wp:featuredmedia":[{"embeddable":true,"href":"https:\/\/lucacastelli.com\/de\/wp-json\/wp\/v2\/media\/593695"}],"wp:attachment":[{"href":"https:\/\/lucacastelli.com\/de\/wp-json\/wp\/v2\/media?parent=832578"}],"wp:term":[{"taxonomy":"product_brand","embeddable":true,"href":"https:\/\/lucacastelli.com\/de\/wp-json\/wp\/v2\/product_brand?post=832578"},{"taxonomy":"product_cat","embeddable":true,"href":"https:\/\/lucacastelli.com\/de\/wp-json\/wp\/v2\/product_cat?post=832578"},{"taxonomy":"product_tag","embeddable":true,"href":"https:\/\/lucacastelli.com\/de\/wp-json\/wp\/v2\/product_tag?post=832578"}],"curies":[{"name":"wp","href":"https:\/\/api.w.org\/{rel}","templated":true}]}}