{"id":832575,"date":"2025-08-07T15:20:15","date_gmt":"2025-08-07T13:20:15","guid":{"rendered":"https:\/\/lucacastelli.com\/prodotto\/milwaukee-standard-schleifpapier-ohne-loecher-klett-2\/"},"modified":"2025-08-07T15:20:15","modified_gmt":"2025-08-07T13:20:15","slug":"milwaukee-standard-schleifpapier-ohne-loecher-klett-2","status":"publish","type":"product","link":"https:\/\/lucacastelli.com\/de\/produkt\/milwaukee-standard-schleifpapier-ohne-loecher-klett-2\/","title":{"rendered":"MILWAUKEE Standard-Schleifpapier ohne L\u00f6cher &#8211; Klett"},"content":{"rendered":"<p>Standard-Schleifpapier ohne L\u00f6cher &#8211; Klett<br \/>\nSCHLEIFSCHEIBE STD 150 mm\/0 L\u00d6CHER K.100 &#8211; 50 Stk.<br \/>\nRobustes und rei\u00dffestes Aluminiumoxid-Papier f\u00fcr Anwendungen auf Holz und Metall;Guter Materialabtrag und Oberfl\u00e4chenvorbereitung;Geeignet f\u00fcr ROS 150 mm<\/p>\n<p>4932498930<br \/>\n4058546527990<\/p>\n","protected":false},"excerpt":{"rendered":"<p>SCHLEIFSCHEIBE STD 150 mm\/0 L\u00d6CHER K.100 &#8211; 50 Stk.<\/p>\n","protected":false},"featured_media":592210,"template":"","meta":{"_seopress_robots_primary_cat":"","_seopress_titles_title":"","_seopress_titles_desc":"","_seopress_robots_index":""},"product_brand":[3407],"product_cat":[5416,33],"product_tag":[3270],"class_list":{"0":"post-832575","1":"product","2":"type-product","3":"status-publish","4":"has-post-thumbnail","6":"product_brand-milwaukee","7":"product_cat-utensili-per-officina","8":"product_cat-attrezzature","9":"product_tag-import-milwau","10":"sws-conto-ricavi-merci-rivendita-macchinari-de","11":"sws-gruppo-iva-iva81-de","13":"first","14":"onbackorder","15":"sale","16":"shipping-taxable","17":"purchasable","18":"product-type-simple"},"_links":{"self":[{"href":"https:\/\/lucacastelli.com\/de\/wp-json\/wp\/v2\/product\/832575","targetHints":{"allow":["GET"]}}],"collection":[{"href":"https:\/\/lucacastelli.com\/de\/wp-json\/wp\/v2\/product"}],"about":[{"href":"https:\/\/lucacastelli.com\/de\/wp-json\/wp\/v2\/types\/product"}],"wp:featuredmedia":[{"embeddable":true,"href":"https:\/\/lucacastelli.com\/de\/wp-json\/wp\/v2\/media\/592210"}],"wp:attachment":[{"href":"https:\/\/lucacastelli.com\/de\/wp-json\/wp\/v2\/media?parent=832575"}],"wp:term":[{"taxonomy":"product_brand","embeddable":true,"href":"https:\/\/lucacastelli.com\/de\/wp-json\/wp\/v2\/product_brand?post=832575"},{"taxonomy":"product_cat","embeddable":true,"href":"https:\/\/lucacastelli.com\/de\/wp-json\/wp\/v2\/product_cat?post=832575"},{"taxonomy":"product_tag","embeddable":true,"href":"https:\/\/lucacastelli.com\/de\/wp-json\/wp\/v2\/product_tag?post=832575"}],"curies":[{"name":"wp","href":"https:\/\/api.w.org\/{rel}","templated":true}]}}