{"id":832568,"date":"2025-08-07T15:15:14","date_gmt":"2025-08-07T13:15:14","guid":{"rendered":"https:\/\/lucacastelli.com\/prodotto\/milwaukee-ovaler-werkzeugkorb-mit-taschen\/"},"modified":"2025-08-07T15:15:14","modified_gmt":"2025-08-07T13:15:14","slug":"milwaukee-ovaler-werkzeugkorb-mit-taschen","status":"publish","type":"product","link":"https:\/\/lucacastelli.com\/de\/produkt\/milwaukee-ovaler-werkzeugkorb-mit-taschen\/","title":{"rendered":"MILWAUKEE Ovaler Werkzeugkorb mit Taschen"},"content":{"rendered":"<p>Ovaler Werkzeugkorb mit Taschen<br \/>\nOVALER WERKZEUGKORB MIT TASCHEN<br \/>\nKonstruktion aus 1680D Ballistic-Material;2 Messertaschen;12 Taschen f\u00fcr optimale Organisation;Drainagel\u00f6cher zum Ablaufen von Wasser;2 langlebige vernickelte Messing\u00f6sen;2 D-Ringe an den Seiten;Tragegurt f\u00fcr einfachen Transport;Idealer Stauraum f\u00fcr Elektrowerkzeuge, Zubeh\u00f6r und Handwerkzeuge<\/p>\n<p>4932498655<br \/>\n4058546525248<\/p>\n","protected":false},"excerpt":{"rendered":"<p>OVALER WERKZEUGKORB MIT TASCHEN<\/p>\n","protected":false},"featured_media":597870,"template":"","meta":{"_seopress_robots_primary_cat":"","_seopress_titles_title":"","_seopress_titles_desc":"","_seopress_robots_index":""},"product_brand":[3407],"product_cat":[5416,33],"product_tag":[3270],"class_list":{"0":"post-832568","1":"product","2":"type-product","3":"status-publish","4":"has-post-thumbnail","6":"product_brand-milwaukee","7":"product_cat-utensili-per-officina","8":"product_cat-attrezzature","9":"product_tag-import-milwau","10":"sws-conto-ricavi-merci-rivendita-macchinari-de","11":"sws-gruppo-iva-iva81-de","13":"first","14":"onbackorder","15":"sale","16":"shipping-taxable","17":"purchasable","18":"product-type-simple"},"_links":{"self":[{"href":"https:\/\/lucacastelli.com\/de\/wp-json\/wp\/v2\/product\/832568","targetHints":{"allow":["GET"]}}],"collection":[{"href":"https:\/\/lucacastelli.com\/de\/wp-json\/wp\/v2\/product"}],"about":[{"href":"https:\/\/lucacastelli.com\/de\/wp-json\/wp\/v2\/types\/product"}],"wp:featuredmedia":[{"embeddable":true,"href":"https:\/\/lucacastelli.com\/de\/wp-json\/wp\/v2\/media\/597870"}],"wp:attachment":[{"href":"https:\/\/lucacastelli.com\/de\/wp-json\/wp\/v2\/media?parent=832568"}],"wp:term":[{"taxonomy":"product_brand","embeddable":true,"href":"https:\/\/lucacastelli.com\/de\/wp-json\/wp\/v2\/product_brand?post=832568"},{"taxonomy":"product_cat","embeddable":true,"href":"https:\/\/lucacastelli.com\/de\/wp-json\/wp\/v2\/product_cat?post=832568"},{"taxonomy":"product_tag","embeddable":true,"href":"https:\/\/lucacastelli.com\/de\/wp-json\/wp\/v2\/product_tag?post=832568"}],"curies":[{"name":"wp","href":"https:\/\/api.w.org\/{rel}","templated":true}]}}