{"id":832566,"date":"2025-08-07T15:15:13","date_gmt":"2025-08-07T13:15:13","guid":{"rendered":"https:\/\/lucacastelli.com\/prodotto\/milwaukee-werkzeugkorb\/"},"modified":"2025-08-07T15:15:13","modified_gmt":"2025-08-07T13:15:13","slug":"milwaukee-werkzeugkorb","status":"publish","type":"product","link":"https:\/\/lucacastelli.com\/de\/produkt\/milwaukee-werkzeugkorb\/","title":{"rendered":"MILWAUKEE Werkzeugkorb"},"content":{"rendered":"<p>Werkzeugkorb<br \/>\nWERKZEUGKORB<br \/>\nDrehbarer Metallkarabiner;Tragf\u00e4higkeit von 34 kg;Langlebiges Material;Drainagel\u00f6cher f\u00fcr den Wasserablauf;Verst\u00e4rkter Ring h\u00e4lt die Tasche offen<\/p>\n<p>4932498656<br \/>\n4058546525255<\/p>\n","protected":false},"excerpt":{"rendered":"<p>WERKZEUGKORB<\/p>\n","protected":false},"featured_media":597866,"template":"","meta":{"_seopress_robots_primary_cat":"","_seopress_titles_title":"","_seopress_titles_desc":"","_seopress_robots_index":""},"product_brand":[3407],"product_cat":[5416,33],"product_tag":[3270],"class_list":{"0":"post-832566","1":"product","2":"type-product","3":"status-publish","4":"has-post-thumbnail","6":"product_brand-milwaukee","7":"product_cat-utensili-per-officina","8":"product_cat-attrezzature","9":"product_tag-import-milwau","10":"sws-conto-ricavi-merci-rivendita-macchinari-de","11":"sws-gruppo-iva-iva81-de","13":"first","14":"onbackorder","15":"sale","16":"shipping-taxable","17":"purchasable","18":"product-type-simple"},"_links":{"self":[{"href":"https:\/\/lucacastelli.com\/de\/wp-json\/wp\/v2\/product\/832566","targetHints":{"allow":["GET"]}}],"collection":[{"href":"https:\/\/lucacastelli.com\/de\/wp-json\/wp\/v2\/product"}],"about":[{"href":"https:\/\/lucacastelli.com\/de\/wp-json\/wp\/v2\/types\/product"}],"wp:featuredmedia":[{"embeddable":true,"href":"https:\/\/lucacastelli.com\/de\/wp-json\/wp\/v2\/media\/597866"}],"wp:attachment":[{"href":"https:\/\/lucacastelli.com\/de\/wp-json\/wp\/v2\/media?parent=832566"}],"wp:term":[{"taxonomy":"product_brand","embeddable":true,"href":"https:\/\/lucacastelli.com\/de\/wp-json\/wp\/v2\/product_brand?post=832566"},{"taxonomy":"product_cat","embeddable":true,"href":"https:\/\/lucacastelli.com\/de\/wp-json\/wp\/v2\/product_cat?post=832566"},{"taxonomy":"product_tag","embeddable":true,"href":"https:\/\/lucacastelli.com\/de\/wp-json\/wp\/v2\/product_tag?post=832566"}],"curies":[{"name":"wp","href":"https:\/\/api.w.org\/{rel}","templated":true}]}}