{"id":832555,"date":"2025-08-07T15:15:18","date_gmt":"2025-08-07T13:15:18","guid":{"rendered":"https:\/\/lucacastelli.com\/prodotto\/milwaukee-haengende-werkzeugtasche-mittel\/"},"modified":"2025-08-07T15:15:18","modified_gmt":"2025-08-07T13:15:18","slug":"milwaukee-haengende-werkzeugtasche-mittel","status":"publish","type":"product","link":"https:\/\/lucacastelli.com\/de\/produkt\/milwaukee-haengende-werkzeugtasche-mittel\/","title":{"rendered":"MILWAUKEE H\u00e4ngende Werkzeugtasche, mittel"},"content":{"rendered":"<p>H\u00e4ngende Werkzeugtasche, mittel<br \/>\nH\u00c4NGENDE WERKZEUGTASCHE, MITTEL<br \/>\nLanglebige Vinyl-Konstruktion;Taschen in verschiedenen Gr\u00f6ssen f\u00fcr bessere Organisation;Hitzebest\u00e4ndiger Halter f\u00fcr Schlangenbohrer;Schnittfeste Taschen;Spezielle Tasche f\u00fcr Arbeitsleuchten;Magnete halten Steckschl\u00fcssel an ihrem Platz;Langlebige vernickelte Messing\u00f6sen;D-Ringe an der Vorderseite;Ablaufl\u00f6cher f\u00fcr Wasser<\/p>\n<p>4932498652<br \/>\n4058546525217<\/p>\n","protected":false},"excerpt":{"rendered":"<p>H\u00c4NGENDE WERKZEUGTASCHE, MITTEL<\/p>\n","protected":false},"featured_media":597878,"template":"","meta":{"_seopress_robots_primary_cat":"","_seopress_titles_title":"","_seopress_titles_desc":"","_seopress_robots_index":""},"product_brand":[3407],"product_cat":[5416,33],"product_tag":[3270],"class_list":{"0":"post-832555","1":"product","2":"type-product","3":"status-publish","4":"has-post-thumbnail","6":"product_brand-milwaukee","7":"product_cat-utensili-per-officina","8":"product_cat-attrezzature","9":"product_tag-import-milwau","10":"sws-conto-ricavi-merci-rivendita-macchinari-de","11":"sws-gruppo-iva-iva81-de","13":"first","14":"onbackorder","15":"sale","16":"shipping-taxable","17":"purchasable","18":"product-type-simple"},"_links":{"self":[{"href":"https:\/\/lucacastelli.com\/de\/wp-json\/wp\/v2\/product\/832555","targetHints":{"allow":["GET"]}}],"collection":[{"href":"https:\/\/lucacastelli.com\/de\/wp-json\/wp\/v2\/product"}],"about":[{"href":"https:\/\/lucacastelli.com\/de\/wp-json\/wp\/v2\/types\/product"}],"wp:featuredmedia":[{"embeddable":true,"href":"https:\/\/lucacastelli.com\/de\/wp-json\/wp\/v2\/media\/597878"}],"wp:attachment":[{"href":"https:\/\/lucacastelli.com\/de\/wp-json\/wp\/v2\/media?parent=832555"}],"wp:term":[{"taxonomy":"product_brand","embeddable":true,"href":"https:\/\/lucacastelli.com\/de\/wp-json\/wp\/v2\/product_brand?post=832555"},{"taxonomy":"product_cat","embeddable":true,"href":"https:\/\/lucacastelli.com\/de\/wp-json\/wp\/v2\/product_cat?post=832555"},{"taxonomy":"product_tag","embeddable":true,"href":"https:\/\/lucacastelli.com\/de\/wp-json\/wp\/v2\/product_tag?post=832555"}],"curies":[{"name":"wp","href":"https:\/\/api.w.org\/{rel}","templated":true}]}}