{"id":832554,"date":"2025-08-07T15:15:17","date_gmt":"2025-08-07T13:15:17","guid":{"rendered":"https:\/\/lucacastelli.com\/prodotto\/milwaukee-werkzeugtasche-zum-aufhaengen-gross\/"},"modified":"2025-08-07T15:15:17","modified_gmt":"2025-08-07T13:15:17","slug":"milwaukee-werkzeugtasche-zum-aufhaengen-gross","status":"publish","type":"product","link":"https:\/\/lucacastelli.com\/de\/produkt\/milwaukee-werkzeugtasche-zum-aufhaengen-gross\/","title":{"rendered":"MILWAUKEE Werkzeugtasche zum Aufh\u00e4ngen, gross"},"content":{"rendered":"<p>Werkzeugtasche zum Aufh\u00e4ngen, gross<br \/>\nWERKZEUGTASCHE ZUM AUFH\u00c4NGEN, GROSS<br \/>\nLanglebige Vinyl-Konstruktion;Taschen in verschiedenen Gr\u00f6ssen f\u00fcr bessere Organisation;Hitzebest\u00e4ndiger Halter f\u00fcr Schlangenbohrer;Klingenbest\u00e4ndige Taschen;Spezielles Fach f\u00fcr Arbeitsleuchten;Magnete halten Steckschl\u00fcssel an ihrem Platz;Langlebige vernickelte Messing\u00f6sen;D-Ringe an der Vorderseite;Drainagel\u00f6cher zum Ablaufen von Wasser<\/p>\n<p>4932498653<br \/>\n4058546525224<\/p>\n","protected":false},"excerpt":{"rendered":"<p>WERKZEUGTASCHE ZUM AUFH\u00c4NGEN, GROSS<\/p>\n","protected":false},"featured_media":597874,"template":"","meta":{"_seopress_robots_primary_cat":"","_seopress_titles_title":"","_seopress_titles_desc":"","_seopress_robots_index":""},"product_brand":[3407],"product_cat":[5416,33],"product_tag":[3270],"class_list":{"0":"post-832554","1":"product","2":"type-product","3":"status-publish","4":"has-post-thumbnail","6":"product_brand-milwaukee","7":"product_cat-utensili-per-officina","8":"product_cat-attrezzature","9":"product_tag-import-milwau","10":"sws-conto-ricavi-merci-rivendita-macchinari-de","11":"sws-gruppo-iva-iva81-de","13":"first","14":"onbackorder","15":"sale","16":"shipping-taxable","17":"purchasable","18":"product-type-simple"},"_links":{"self":[{"href":"https:\/\/lucacastelli.com\/de\/wp-json\/wp\/v2\/product\/832554","targetHints":{"allow":["GET"]}}],"collection":[{"href":"https:\/\/lucacastelli.com\/de\/wp-json\/wp\/v2\/product"}],"about":[{"href":"https:\/\/lucacastelli.com\/de\/wp-json\/wp\/v2\/types\/product"}],"wp:featuredmedia":[{"embeddable":true,"href":"https:\/\/lucacastelli.com\/de\/wp-json\/wp\/v2\/media\/597874"}],"wp:attachment":[{"href":"https:\/\/lucacastelli.com\/de\/wp-json\/wp\/v2\/media?parent=832554"}],"wp:term":[{"taxonomy":"product_brand","embeddable":true,"href":"https:\/\/lucacastelli.com\/de\/wp-json\/wp\/v2\/product_brand?post=832554"},{"taxonomy":"product_cat","embeddable":true,"href":"https:\/\/lucacastelli.com\/de\/wp-json\/wp\/v2\/product_cat?post=832554"},{"taxonomy":"product_tag","embeddable":true,"href":"https:\/\/lucacastelli.com\/de\/wp-json\/wp\/v2\/product_tag?post=832554"}],"curies":[{"name":"wp","href":"https:\/\/api.w.org\/{rel}","templated":true}]}}