{"id":832533,"date":"2025-08-07T15:15:22","date_gmt":"2025-08-07T13:15:22","guid":{"rendered":"https:\/\/lucacastelli.com\/prodotto\/milwaukee-installateur-handwerkzeugkoffer\/"},"modified":"2025-08-07T15:15:22","modified_gmt":"2025-08-07T13:15:22","slug":"milwaukee-installateur-handwerkzeugkoffer","status":"publish","type":"product","link":"https:\/\/lucacastelli.com\/de\/produkt\/milwaukee-installateur-handwerkzeugkoffer\/","title":{"rendered":"MILWAUKEE Installateur-Handwerkzeugkoffer"},"content":{"rendered":"<p>Installateur-Handwerkzeugkoffer<br \/>\nVDE-gepr\u00fcfte Seitenschneider mit diagonaler Schneide 160 mm; Getestet mit 10.000 V und garantiert f\u00fcr 1.000 V, Getestet bei -40\u00b0, DIN ISO 5746, DIN EN\/IEC 60900; Die Stahlklingen sind vollst\u00e4ndig geschmiedet, geh\u00e4rtet und angelassen f\u00fcr maximale Haltbarkeit. Die nicht reflektierende grau-titanfarbene Oberfl\u00e4chenveredelung bietet maximale Korrosionsbest\u00e4ndigkeit; Induktionsgeh\u00e4rtete Schneiden zum Schneiden auch h\u00e4rtester Materialien; Pr\u00e4zises und flexibles Gelenk f\u00fcr maximale Kraft\u00fcbertragung f\u00fcr m\u00fcheloses Arbeiten; Ergonomischer Griff mit Softgrip f\u00fcr mehr Komfort und Halt; VDE-gepr\u00fcfte Seitenschneider 200 mm; Getestet mit 10.000 V und garantiert f\u00fcr 1.000 V, Getestet bei -40\u00b0, DIN ISO 5746, DIN EN\/IEC 60900; Die Stahlklingen sind vollst\u00e4ndig geschmiedet, geh\u00e4rtet und angelassen f\u00fcr maximale Haltbarkeit. Die nicht reflektierende grau-titanfarbene Oberfl\u00e4chenveredelung bietet maximale Korrosionsbest\u00e4ndigkeit; Induktionsgeh\u00e4rtete Schneiden zum Schneiden auch h\u00e4rtester Materialien; Pr\u00e4zises und flexibles Gelenk f\u00fcr maximale Kraft\u00fcbertragung f\u00fcr m\u00fcheloses Arbeiten; Ergonomischer Griff mit Softgrip f\u00fcr mehr Komfort und Halt; VDE-gepr\u00fcfte Flachzange 205 mm; Getestet mit 10.000 V und garantiert f\u00fcr 1.000 V, Getestet bei -40\u00b0, DIN ISO 5746, DIN EN\/IEC 60900; Die Stahlklingen sind vollst\u00e4ndig geschmiedet, geh\u00e4rtet und angelassen f\u00fcr maximale Haltbarkeit. Die nicht reflektierende grau-titanfarbene Oberfl\u00e4chenveredelung bietet maximale Korrosionsbest\u00e4ndigkeit; Induktionsgeh\u00e4rtete Schneiden zum Schneiden auch h\u00e4rtester Materialien; Pr\u00e4zises und flexibles Gelenk f\u00fcr maximale Kraft\u00fcbertragung f\u00fcr m\u00fcheloses Arbeiten; Ergonomischer Griff mit Softgrip f\u00fcr mehr Komfort und Halt; VDE-gepr\u00fcfte Kombizange 180 mm; Getestet mit 10.000 V und garantiert f\u00fcr 1.000 V, Getestet bei -40\u00b0, DIN ISO 5746, DIN EN\/IEC 60900; Die Stahlklingen sind vollst\u00e4ndig geschmiedet, geh\u00e4rtet und angelassen f\u00fcr maximale Haltbarkeit.    Die nicht reflektierende grau-titanfarbene Oberfl\u00e4chenveredelung bietet maximale Korrosionsbest\u00e4ndigkeit; Induktionsgeh\u00e4rtete Schneiden zum Schneiden auch h\u00e4rtester Materialien; Pr\u00e4zises und flexibles Gelenk f\u00fcr maximale Kraft\u00fcbertragung f\u00fcr m\u00fcheloses Arbeiten; Ergonomischer Griff mit Softgrip f\u00fcr mehr Komfort und Halt; Wasserpumpenzange 250 mm; Doppelt verzahnte Backen f\u00fcr maximalen Halt; Induktionsgeh\u00e4rtete Backen mit selbstverriegelnder Sperre gegen Abrutschen; Integrierter Nagelhalter; Das Design garantiert hohe Festigkeit und Greifkraft; Taste f\u00fcr schnelle und pr\u00e4zise Einstellungen; Finger an jedem Rasterpunkt gesch\u00fctzt; VDE-gepr\u00fcfter Tri-Lobe-Schraubendreher SL 0,4 x 2,5 x 75 mm; Getestet bis 10.000 V und garantiert bis 1.000 V; Schlanker Durchmesser f\u00fcr Zugang zu Anwendungen in engen R\u00e4umen; Komfortabler dreiseitiger Griff, optimiert f\u00fcr maximalen Benutzerkomfort und Hochdrehmomentanwendungen; Lasergravur oben f\u00fcr schnelle Modellidentifikation; Dreiseitiges Anti-Roll-Design f\u00fcr bessere Kraft\u00fcbertragung; \u00d6se zum Befestigen des Schraubendrehers an Sicherheitsschlaufen; VDE-gepr\u00fcfter Tri-Lobe-Schraubendreher SL 0,6 x 3,5 x 100 mm; Getestet bis 10.000 V und garantiert bis 1.000 V; Schlanker Durchmesser f\u00fcr Zugang zu Anwendungen in engen R\u00e4umen; Komfortabler dreiseitiger Griff, optimiert f\u00fcr maximalen Benutzerkomfort und Hochdrehmomentanwendungen; Lasergravur oben f\u00fcr schnelle Modellidentifikation; Dreiseitiges Anti-Roll-Design f\u00fcr bessere Kraft\u00fcbertragung; \u00d6se zum Befestigen des Schraubendrehers an Sicherheitsschlaufen; VDE-gepr\u00fcfter Tri-Lobe-Schraubendreher SL 1,2 x 6,5 x 150 mm; Getestet bis 10.000 V und garantiert bis 1.000 V; Schlanker Durchmesser f\u00fcr Zugang zu Anwendungen in engen R\u00e4umen; Komfortabler dreiseitiger Griff, optimiert f\u00fcr maximalen Benutzerkomfort und Hochdrehmomentanwendungen; Lasergravur oben f\u00fcr schnelle Modellidentifikation; Dreiseitiges Anti-Roll-Design f\u00fcr bessere Kraft\u00fcbertragung; \u00d6se zum Befestigen des Schraubendrehers an Sicherheitsschlaufen; Spannungspr\u00fcfer SL 0,5 x 3 x 65 mm; Getestet bis 10.000 V und garantiert bis 1.000 V; Schlanker Durchmesser f\u00fcr Zugang zu Anwendungen in engen R\u00e4umen; Komfortabler dreiseitiger Griff, optimiert f\u00fcr maximalen Benutzerkomfort und Hochdrehmomentanwendungen; Lasergravur oben f\u00fcr schnelle Modellidentifikation; Dreiseitiges Anti-Roll-Design f\u00fcr bessere Kraft\u00fcbertragung; \u00d6se zum Befestigen des Schraubendrehers an Sicherheitsschlaufen; Tri-Lobe-Mei\u00dfelschraubendreher-Set 2-teilig PH\/SL; Metallabdeckung oben, sofort einsatzbereit; Metallkern; Sechskantschaft; Komfortabler Griff; Das Set enth\u00e4lt: Mei\u00dfelschraubendreher PH2 \/ SL7.9; Metrisches Innensechskantschl\u00fcssel-Set 9-teilig; Drehbares und verriegelbares Etui f\u00fcr einfachen Zugang zu den Schl\u00fcsseln; Kugelkopf f\u00fcr Schraubenzugang bis 30\u00b0; Durchmesser auf Etui aufgedruckt f\u00fcr einfache Identifikation; Vorbereitung f\u00fcr Absturzsicherungsschlaufe; Das Set enth\u00e4lt: Innensechskantschl\u00fcssel 1,5, 2, 2,5, 3, 4, 5, 6, 8, 10 mm; MAX BITE Ratschenkombischl\u00fcssel 13 mm; 144-Zahn-Ratsche mit 2,5\u00b0 Schwenkwinkel f\u00fcr Arbeiten in engsten R\u00e4umen; Doppelte Sperrklinke f\u00fcr langlebigen und dauerhaften Mechanismus; Die MAX BITE\u2122-\u00d6ffnung reduziert Abrundung und Abplatzung; Abgerundeter I-Beam-Griff f\u00fcr komfortablen Halt; Lasersiebdruck mit Tinte nachbearbeitet f\u00fcr bessere Sichtbarkeit; Verchromte Ausf\u00fchrung; MAX BITE Ratschenkombischl\u00fcssel 17 mm; 144-Zahn-Ratsche mit 2,5\u00b0 Schwenkwinkel f\u00fcr Arbeiten in engsten R\u00e4umen; Doppelte Sperrklinke f\u00fcr langlebigen und dauerhaften Mechanismus; Die MAX BITE\u2122-\u00d6ffnung reduziert Abrundung und Abplatzung; Abgerundeter I-Beam-Griff f\u00fcr komfortablen Halt; Lasersiebdruck mit Tinte nachbearbeitet f\u00fcr bessere Sichtbarkeit; Verchromte Ausf\u00fchrung; MAX BITE Ratschenkombischl\u00fcssel 19 mm; 144-Zahn-Ratsche mit 2,5\u00b0 Schwenkwinkel f\u00fcr Arbeiten in engsten R\u00e4umen; Doppelte Sperrklinke f\u00fcr langlebigen und dauerhaften Mechanismus; Die MAX BITE\u2122-\u00d6ffnung reduziert Abrundung und Abplatzung; Abgerundeter I-Beam-Griff f\u00fcr komfortablen Halt; Lasersiebdruck mit Tinte nachbearbeitet f\u00fcr bessere Sichtbarkeit; Verchromte Ausf\u00fchrung; MAX BITE Ratschenkombischl\u00fcssel 10 mm; 144-Zahn-Ratsche mit 2,5\u00b0 Schwenkwinkel f\u00fcr Arbeiten in engsten R\u00e4umen; Doppelte Sperrklinke f\u00fcr langlebigen und dauerhaften Mechanismus; Die MAX BITE\u2122-\u00d6ffnung reduziert Abrundung und Abplatzung; Abgerundeter I-Beam-Griff f\u00fcr komfortablen Halt; Lasersiebdruck mit Tinte nachbearbeitet f\u00fcr bessere Sichtbarkeit; Verchromte Ausf\u00fchrung; Klappschl\u00fcssel-Set; 8 Klappschl\u00fcssel f\u00fcr einfachen und sicheren Zugang; Ma\u00dfe in hohem Kontrast aufgedruckt f\u00fcr einfache und schnelle Identifikation; Ergonomischer Griff f\u00fcr komfortablen und sicheren Halt; Metallgeh\u00e4use f\u00fcr h\u00f6here Festigkeit; Das Set enth\u00e4lt: Klappschl\u00fcssel T9, T10, T15, T20, T25, T27, T30, T40; Automatische Abisolierzange 0,2\u201316 mm\u00b2; Abisolieren aller g\u00e4ngigen Rund- und Flachkabel. Abisolierf\u00e4higkeit f\u00fcr Standard-Rundkabel mit Durchmesser von 6 mm bis 13 mm. Standard-Flachkabel bis zu einer Breite von 18 mm; Automatischer Wechsel vom Rund- zum L\u00e4ngsschnitt; Abisolierf\u00e4higkeit f\u00fcr alle Standarddr\u00e4hte mit Gr\u00f6\u00dfen von 0,5 mm\u00b2, 0,8 mm\u00b2, 1,5 mm\u00b2, 2,5 mm\u00b2, 4 mm\u00b2, 6 mm\u00b2; Schnitttiefe einfach einstellbar von 0 bis 3 mm; Integrierter \u00d6senbieger zum Biegen von Leitern zu \u00d6sen; Ergonomischer Griff f\u00fcr rutschfreie Anwendung; Schlosserhammer aus Fiberglas 300 g; Verst\u00e4rkter Glasfaserstiel; Langlebiger Griff und maximaler Halt; Verst\u00e4rkter Kopf f\u00fcr h\u00f6here Haltbarkeit; Perfekte Balance; DIN 1041; Metrisches 1\/4-Zoll-Ratschen-, Steckschl\u00fcssel- und Griff-Set 38-teilig; 90-Zahn-Design mit 4 Grad Bogendrehung f\u00fcr maximale Zug\u00e4nglichkeit in engen R\u00e4umen; FOUR FLAT\u2122-Design gegen Herunterfallen; Durchmesser seitlich aufgedruckt f\u00fcr einfache Erkennung; Komfortabler Griff f\u00fcr maximalen Komfort und Hochdrehmomentanwendungen; SHOCKWAVE\u2122-Bits; Das Set enth\u00e4lt: 1\/4-Zoll-Ratsche, 1\/4-Zoll-Tri-Lobe-Schraubendrehergriff, 1\/4-Zoll-Standardsteckschl\u00fcssel: 5,5 mm, 6 mm, 7 mm, 8 mm, 9 mm, 10 mm, 11 mm, 12 mm, 13 mm, 14 mm, 1\/4-Zoll-Verl\u00e4ngerungen: 76 mm, 152 mm, SHOCKWAVE\u2122-Schlagfeste Bits: SL 4.  5, SL 5.5, SL 6.5, PH1, PH2, PH3, PZ1, PZ2, PZ3, HEX 3, HEX 4, HEX 5, HEX 6, HEX 8, TX 10, TX 15, TX 20, TX 25, TX 27, TX 30, TX40, Kardangelenk, SHOCKWAVE\u2122-Adapter 1\/4 Zoll Sechskant auf 1\/4 Zoll Vierkant; FASTBACK Universal-Klappmesser; Vereinfachtes \u00d6ffnen \u00fcber entsprechende Taste; Der integrierte Drahtschneider erm\u00f6glicht das Schneiden ohne \u00d6ffnen des Messers; \u00dcber Taste ist der Klingenwechsel schnell und einfach f\u00fcr maximale Schneidleistung; Integrierter Kabelsch\u00e4ler; Schlankes Geh\u00e4use und Befestigungsclip; G\u00fcrtelclip; Constant HD Kupferrohrschneider 3,2\u201342 mm; Die Kupferrohrschneider sind f\u00fcr einfachere und sauberere Schnitte konzipiert; Das 4-Rollen-Design bietet pr\u00e4zise Schnitte und verhindert ein Verrutschen des zu schneidenden Rohrs; Die verchromten Rollen bieten h\u00f6here Best\u00e4ndigkeit gegen Rost und Korrosion; Schneller Einstellmechanismus; Die Klinge erm\u00f6glicht schnelles und einfaches Entgraten; Integrierte Ersatzklinge&lt;\/li&gt; &lt;\/ul&gt;<\/p>\n<p>4932499467<br \/>\n4058546566319<\/p>\n","protected":false},"excerpt":{"rendered":"<p>Installateur-Handwerkzeugkoffer<\/p>\n","protected":false},"featured_media":593195,"template":"","meta":{"_seopress_robots_primary_cat":"","_seopress_titles_title":"","_seopress_titles_desc":"","_seopress_robots_index":""},"product_brand":[3407],"product_cat":[5416,33],"product_tag":[3270],"class_list":{"0":"post-832533","1":"product","2":"type-product","3":"status-publish","4":"has-post-thumbnail","6":"product_brand-milwaukee","7":"product_cat-utensili-per-officina","8":"product_cat-attrezzature","9":"product_tag-import-milwau","10":"sws-conto-ricavi-merci-rivendita-macchinari-de","11":"sws-gruppo-iva-iva81-de","13":"first","14":"onbackorder","15":"sale","16":"shipping-taxable","17":"purchasable","18":"product-type-simple"},"_links":{"self":[{"href":"https:\/\/lucacastelli.com\/de\/wp-json\/wp\/v2\/product\/832533","targetHints":{"allow":["GET"]}}],"collection":[{"href":"https:\/\/lucacastelli.com\/de\/wp-json\/wp\/v2\/product"}],"about":[{"href":"https:\/\/lucacastelli.com\/de\/wp-json\/wp\/v2\/types\/product"}],"wp:featuredmedia":[{"embeddable":true,"href":"https:\/\/lucacastelli.com\/de\/wp-json\/wp\/v2\/media\/593195"}],"wp:attachment":[{"href":"https:\/\/lucacastelli.com\/de\/wp-json\/wp\/v2\/media?parent=832533"}],"wp:term":[{"taxonomy":"product_brand","embeddable":true,"href":"https:\/\/lucacastelli.com\/de\/wp-json\/wp\/v2\/product_brand?post=832533"},{"taxonomy":"product_cat","embeddable":true,"href":"https:\/\/lucacastelli.com\/de\/wp-json\/wp\/v2\/product_cat?post=832533"},{"taxonomy":"product_tag","embeddable":true,"href":"https:\/\/lucacastelli.com\/de\/wp-json\/wp\/v2\/product_tag?post=832533"}],"curies":[{"name":"wp","href":"https:\/\/api.w.org\/{rel}","templated":true}]}}