{"id":832531,"date":"2025-08-07T15:14:51","date_gmt":"2025-08-07T13:14:51","guid":{"rendered":"https:\/\/lucacastelli.com\/prodotto\/milwaukee-basis-sortiment-fuer-werkstattwagen-170-teilig\/"},"modified":"2025-08-07T15:14:51","modified_gmt":"2025-08-07T13:14:51","slug":"milwaukee-basis-sortiment-fuer-werkstattwagen-170-teilig","status":"publish","type":"product","link":"https:\/\/lucacastelli.com\/de\/produkt\/milwaukee-basis-sortiment-fuer-werkstattwagen-170-teilig\/","title":{"rendered":"MILWAUKEE Basis-Sortiment f\u00fcr Werkstattwagen &#8211; 170-teilig"},"content":{"rendered":"<p>Basis-Sortiment f\u00fcr Werkstattwagen &#8211; 170-teilig<br \/>\nBASIS-SORTIMENT IN THERMOFORM-EINLAGEN &#8211; 170 STK.<br \/>\nIdealer Mix aus innovativen Handwerkzeugen f\u00fcr Wartung und Reparatur, organisiert in hochwertigen Schaumstoffeinlagen; Ratsche mit 90 Z\u00e4hnen und 4\u00b0 R\u00fcckholwinkel; MAX BITE\u2122 Ring-Maulschl\u00fcssel reduzieren Verschlei\u00df und Abrunden; Schraubendreher mit Drei-Fl\u00e4chen-Griff, optimiert f\u00fcr maximalen Benutzerkomfort und Anwendungen mit hohem Drehmoment; Laser-gravierte Gr\u00f6\u00dfen f\u00fcr einfache und schnelle Identifizierung sowie roter Hintergrund zum schnellen Erkennen fehlender Werkzeuge<\/p>\n<p>4932499473<br \/>\n4058546566371<\/p>\n","protected":false},"excerpt":{"rendered":"<p>BASIS-SORTIMENT IN THERMOFORM-EINLAGEN &#8211; 170 STK.<\/p>\n","protected":false},"featured_media":592682,"template":"","meta":{"_seopress_robots_primary_cat":"","_seopress_titles_title":"","_seopress_titles_desc":"","_seopress_robots_index":""},"product_brand":[3407],"product_cat":[5416,33],"product_tag":[3270],"class_list":{"0":"post-832531","1":"product","2":"type-product","3":"status-publish","4":"has-post-thumbnail","6":"product_brand-milwaukee","7":"product_cat-utensili-per-officina","8":"product_cat-attrezzature","9":"product_tag-import-milwau","10":"sws-conto-ricavi-merci-rivendita-macchinari-de","11":"sws-gruppo-iva-iva81-de","13":"first","14":"onbackorder","15":"sale","16":"shipping-taxable","17":"purchasable","18":"product-type-simple"},"_links":{"self":[{"href":"https:\/\/lucacastelli.com\/de\/wp-json\/wp\/v2\/product\/832531","targetHints":{"allow":["GET"]}}],"collection":[{"href":"https:\/\/lucacastelli.com\/de\/wp-json\/wp\/v2\/product"}],"about":[{"href":"https:\/\/lucacastelli.com\/de\/wp-json\/wp\/v2\/types\/product"}],"wp:featuredmedia":[{"embeddable":true,"href":"https:\/\/lucacastelli.com\/de\/wp-json\/wp\/v2\/media\/592682"}],"wp:attachment":[{"href":"https:\/\/lucacastelli.com\/de\/wp-json\/wp\/v2\/media?parent=832531"}],"wp:term":[{"taxonomy":"product_brand","embeddable":true,"href":"https:\/\/lucacastelli.com\/de\/wp-json\/wp\/v2\/product_brand?post=832531"},{"taxonomy":"product_cat","embeddable":true,"href":"https:\/\/lucacastelli.com\/de\/wp-json\/wp\/v2\/product_cat?post=832531"},{"taxonomy":"product_tag","embeddable":true,"href":"https:\/\/lucacastelli.com\/de\/wp-json\/wp\/v2\/product_tag?post=832531"}],"curies":[{"name":"wp","href":"https:\/\/api.w.org\/{rel}","templated":true}]}}