{"id":832530,"date":"2025-08-07T15:15:11","date_gmt":"2025-08-07T13:15:11","guid":{"rendered":"https:\/\/lucacastelli.com\/prodotto\/milwaukee-werkzeugwagen-mit-7-schubladen-standard\/"},"modified":"2025-08-07T15:15:11","modified_gmt":"2025-08-07T13:15:11","slug":"milwaukee-werkzeugwagen-mit-7-schubladen-standard","status":"publish","type":"product","link":"https:\/\/lucacastelli.com\/de\/produkt\/milwaukee-werkzeugwagen-mit-7-schubladen-standard\/","title":{"rendered":"MILWAUKEE Werkzeugwagen mit 7 Schubladen &#8211; Standard"},"content":{"rendered":"<p>Werkzeugwagen mit 7 Schubladen &#8211; Standard<br \/>\nTOOLGUARD 27in\/69cm STEEL CAB. 1PC<br \/>\nSchubladen mit 35 kg Tragkraft (statisch); Unterste Schublade mit 50 kg Tragkraft (statisch); Kippschutz erm\u00f6glicht das \u00d6ffnen von nur 1 Schublade gleichzeitig; Jede Schublade ist mit rutschfester Matte ausgestattet; Versenkte ABS-Arbeitsfl\u00e4che mit Schraubendreherbohrungen und zus\u00e4tzlichen F\u00e4chern; Gelochte Seitenverkleidung auf beiden Seiten f\u00fcr Haken und Werkzeughalter; Abnehmbare Seitenablagen; Metallteiler in der untersten Schublade f\u00fcr bessere Organisation; Industrielle 125 mm R\u00e4der mit weicher Oberfl\u00e4che f\u00fcr leichtes Rollen (2x fest, 2x schwenkbar mit 1x Bremse); Mit bereits montierten R\u00e4dern geliefert; Gesamttragf\u00e4higkeit 625 kg<\/p>\n<p>4932498252<br \/>\n4058546521219<\/p>\n","protected":false},"excerpt":{"rendered":"<p>TOOLGUARD 27in\/69cm STEEL CAB. 1PC<\/p>\n","protected":false},"featured_media":592655,"template":"","meta":{"_seopress_robots_primary_cat":"","_seopress_titles_title":"","_seopress_titles_desc":"","_seopress_robots_index":""},"product_brand":[3407],"product_cat":[5416,33],"product_tag":[3270],"class_list":{"0":"post-832530","1":"product","2":"type-product","3":"status-publish","4":"has-post-thumbnail","6":"product_brand-milwaukee","7":"product_cat-utensili-per-officina","8":"product_cat-attrezzature","9":"product_tag-import-milwau","10":"sws-conto-ricavi-merci-rivendita-macchinari-de","11":"sws-gruppo-iva-iva81-de","13":"first","14":"onbackorder","15":"sale","16":"shipping-taxable","17":"purchasable","18":"product-type-simple"},"_links":{"self":[{"href":"https:\/\/lucacastelli.com\/de\/wp-json\/wp\/v2\/product\/832530","targetHints":{"allow":["GET"]}}],"collection":[{"href":"https:\/\/lucacastelli.com\/de\/wp-json\/wp\/v2\/product"}],"about":[{"href":"https:\/\/lucacastelli.com\/de\/wp-json\/wp\/v2\/types\/product"}],"wp:featuredmedia":[{"embeddable":true,"href":"https:\/\/lucacastelli.com\/de\/wp-json\/wp\/v2\/media\/592655"}],"wp:attachment":[{"href":"https:\/\/lucacastelli.com\/de\/wp-json\/wp\/v2\/media?parent=832530"}],"wp:term":[{"taxonomy":"product_brand","embeddable":true,"href":"https:\/\/lucacastelli.com\/de\/wp-json\/wp\/v2\/product_brand?post=832530"},{"taxonomy":"product_cat","embeddable":true,"href":"https:\/\/lucacastelli.com\/de\/wp-json\/wp\/v2\/product_cat?post=832530"},{"taxonomy":"product_tag","embeddable":true,"href":"https:\/\/lucacastelli.com\/de\/wp-json\/wp\/v2\/product_tag?post=832530"}],"curies":[{"name":"wp","href":"https:\/\/api.w.org\/{rel}","templated":true}]}}