{"id":832522,"date":"2025-08-07T15:15:23","date_gmt":"2025-08-07T13:15:23","guid":{"rendered":"https:\/\/lucacastelli.com\/prodotto\/milwaukee-elektriker-handwerkzeugkoffer\/"},"modified":"2025-08-07T15:15:23","modified_gmt":"2025-08-07T13:15:23","slug":"milwaukee-elektriker-handwerkzeugkoffer","status":"publish","type":"product","link":"https:\/\/lucacastelli.com\/de\/produkt\/milwaukee-elektriker-handwerkzeugkoffer\/","title":{"rendered":"MILWAUKEE Elektriker-Handwerkzeugkoffer"},"content":{"rendered":"<p>Elektriker-Handwerkzeugkoffer<br \/>\nVDE-gepr\u00fcfter Seitenschneider 160 mm; Gepr\u00fcft bei 10.000 V und garantiert bis 1.000 V, gepr\u00fcft bei -40\u00b0, DIN ISO 5746, DIN EN\/IEC 60900; Die Stahlklingen sind f\u00fcr maximale Lebensdauer vollst\u00e4ndig geschmiedet, geh\u00e4rtet und angelassen. Die nicht reflektierende Titangrau-Oberfl\u00e4chenbeschichtung sorgt f\u00fcr maximale Korrosionsbest\u00e4ndigkeit; Induktionsgeh\u00e4rtete Schneiden zum Schneiden selbst h\u00e4rtester Materialien; Pr\u00e4zises und flexibles Gelenk f\u00fcr maximale Kraft\u00fcbertragung f\u00fcr leichtes und m\u00fcheloses Arbeiten; Ergonomischer Griff mit Softgrip f\u00fcr mehr Komfort und Griffigkeit; VDE-gepr\u00fcfter Seitenschneider 200 mm; Gepr\u00fcft bei 10.000 V und garantiert bis 1.000 V, gepr\u00fcft bei -40\u00b0, DIN ISO 5746, DIN EN\/IEC 60900; Die Stahlklingen sind f\u00fcr maximale Lebensdauer vollst\u00e4ndig geschmiedet, geh\u00e4rtet und angelassen. Die nicht reflektierende Titangrau-Oberfl\u00e4chenbeschichtung sorgt f\u00fcr maximale Korrosionsbest\u00e4ndigkeit; Induktionsgeh\u00e4rtete Schneiden zum Schneiden selbst h\u00e4rtester Materialien; Pr\u00e4zises und flexibles Gelenk f\u00fcr maximale Kraft\u00fcbertragung f\u00fcr leichtes und m\u00fcheloses Arbeiten; Ergonomischer Griff mit Softgrip f\u00fcr mehr Komfort und Griffigkeit; VDE-gepr\u00fcfte 45-Grad-Flachrundzange 205 mm; Gepr\u00fcft bei 10.000 V und garantiert bis 1.000 V, gepr\u00fcft bei -40\u00b0, DIN ISO 5746, DIN EN\/IEC 60900; Die Stahlklingen sind f\u00fcr maximale Lebensdauer vollst\u00e4ndig geschmiedet, geh\u00e4rtet und angelassen. Die nicht reflektierende Titangrau-Oberfl\u00e4chenbeschichtung sorgt f\u00fcr maximale Korrosionsbest\u00e4ndigkeit; Induktionsgeh\u00e4rtete Schneiden zum Schneiden selbst h\u00e4rtester Materialien; Pr\u00e4zises und flexibles Gelenk f\u00fcr maximale Kraft\u00fcbertragung f\u00fcr leichtes und m\u00fcheloses Arbeiten; Ergonomischer Griff mit Softgrip f\u00fcr mehr Komfort und Griffigkeit; VDE-gepr\u00fcfte Kombizange 180 mm; Gepr\u00fcft bei 10.000 V und garantiert bis 1.000 V, gepr\u00fcft bei -40\u00b0, DIN ISO 5746, DIN EN\/IEC 60900; Die Stahlklingen sind f\u00fcr maximale Lebensdauer vollst\u00e4ndig geschmiedet, geh\u00e4rtet und angelassen. Die nicht reflektierende Titangrau-Oberfl\u00e4chenbeschichtung sorgt f\u00fcr maximale Korrosionsbest\u00e4ndigkeit; Induktionsgeh\u00e4rtete Schneiden zum Schneiden selbst h\u00e4rtester Materialien; Pr\u00e4zises und flexibles Gelenk f\u00fcr maximale Kraft\u00fcbertragung f\u00fcr leichtes und m\u00fcheloses Arbeiten; Ergonomischer Griff mit Softgrip f\u00fcr mehr Komfort und Griffigkeit; VDE-gepr\u00fcfte Wasserpumpenzange 240 mm; Gepr\u00fcft bei 10.000 V und garantiert bis 1.000 V, gepr\u00fcft bei -40\u00b0, DIN ISO 5746, DIN EN\/IEC 60900; Die Stahlklingen sind f\u00fcr maximale Lebensdauer vollst\u00e4ndig geschmiedet, geh\u00e4rtet und angelassen.     Die nicht reflektierende Titangrau-Oberfl\u00e4chenbeschichtung sorgt f\u00fcr maximale Korrosionsbest\u00e4ndigkeit; Induktionsh\u00e4rtung f\u00fcr maximale Griffigkeit und Lebensdauer; Pr\u00e4zises und flexibles Gelenk f\u00fcr maximale Kraft\u00fcbertragung f\u00fcr leichtes und m\u00fcheloses Arbeiten; Ergonomischer Griff mit Softgrip f\u00fcr mehr Komfort und Griffigkeit; VDE-gepr\u00fcfter Tri-Lobe-Schraubendreher SL 0,4 x 2,5 x 75 mm; Gepr\u00fcft bis 10.000 V und garantiert bis 1.000 V; Schlanker Durchmesser f\u00fcr den Zugang bei Anwendungen in engen R\u00e4umen; Komfortabler Dreikantgriff, optimiert f\u00fcr maximalen Benutzerkomfort und Anwendungen mit hohem Drehmoment; Lasergravur auf der Oberseite zur schnellen Identifizierung des Modells; 3-seitiges Anti-Roll-Design f\u00fcr bessere Kraft\u00fcbertragung; Loch zur Befestigung des Schraubendrehers an Sicherungsschlaufen; VDE-gepr\u00fcfter Tri-Lobe-Schraubendreher SL 0,6 x 3,5 x 100 mm; Gepr\u00fcft bis 10.000 V und garantiert bis 1.000 V; Schlanker Durchmesser f\u00fcr den Zugang bei Anwendungen in engen R\u00e4umen; Komfortabler Dreikantgriff, optimiert f\u00fcr maximalen Benutzerkomfort und Anwendungen mit hohem Drehmoment; Lasergravur auf der Oberseite zur schnellen Identifizierung des Modells; 3-seitiges Anti-Roll-Design f\u00fcr bessere Kraft\u00fcbertragung; Loch zur Befestigung des Schraubendrehers an Sicherungsschlaufen; VDE-gepr\u00fcfter Tri-Lobe-Schraubendreher SL 1,2 x 6,5 x 150 mm; Gepr\u00fcft bis 10.000 V und garantiert bis 1.000 V; Schlanker Durchmesser f\u00fcr den Zugang bei Anwendungen in engen R\u00e4umen; Komfortabler Dreikantgriff, optimiert f\u00fcr maximalen Benutzerkomfort und Anwendungen mit hohem Drehmoment; Lasergravur auf der Oberseite zur schnellen Identifizierung des Modells; 3-seitiges Anti-Roll-Design f\u00fcr bessere Kraft\u00fcbertragung; Loch zur Befestigung des Schraubendrehers an Sicherungsschlaufen; Spannungspr\u00fcfer SL 0,5 x 3 x 65 mm; Gepr\u00fcft bis 10.000 V und garantiert bis 1.000 V; Schlanker Durchmesser f\u00fcr den Zugang bei Anwendungen in engen R\u00e4umen; Komfortabler Dreikantgriff, optimiert f\u00fcr maximalen Benutzerkomfort und Anwendungen mit hohem Drehmoment; Lasergravur auf der Oberseite zur schnellen Identifizierung des Modells; 3-seitiges Anti-Roll-Design f\u00fcr bessere Kraft\u00fcbertragung; Loch zur Befestigung des Schraubendrehers an Sicherungsschlaufen; Automatische Abisolierzange 0,2 &#8211; 16 mm\u00b2; Vollautomatische und selbstjustierende Abisolierzange f\u00fcr alle Dr\u00e4hte von 0,2 mm\u00b2 bis 16 mm\u00b2; Einstellbarer L\u00e4ngenanschlag von 5 mm bis 25 mm f\u00fcr pr\u00e4zises Arbeiten; Integrierter Seitenschneider zum Schneiden von Dr\u00e4hten bis zu 3 mm Cu\/Al; Das schlanke Kopfdesign erm\u00f6glicht einen leichteren Zugang zu schwierigen Bereichen; Zwei-Komponenten-Griffdesign f\u00fcr komfortable Handhabung und maximale Kraft\u00fcbertragung; Verriegelungsmechanismus f\u00fcr sichere und platzsparende Aufbewahrung; Integriertes Namensschild im Griff zur Personalisierung des Werkzeugs; Vorrichtung f\u00fcr Absturzsicherung, einfache Verwendung mit dem Milwaukee-Sicherungsschlaufen-Sortiment f\u00fcr den Einsatz in der H\u00f6he; Kabelentmanteler mit Schleppklinge f\u00fcr Rundkabel von 4 bis 28 mm; Erh\u00f6hte Abisolierkapazit\u00e4t f\u00fcr alle Standard-Rundkabel mit einem Durchmesser von 4 mm bis 28 mm; Das Einstellrad hilft bei der Einstellung der Schnitttiefe; Automatischer Wechsel von Rund- auf L\u00e4ngsschnitt; Integrierte Hakenklinge f\u00fcr mehr Vielseitigkeit. Die Schutzkappe auf der Klinge reduziert das Verletzungsrisiko; Zwei-Komponenten-Griff f\u00fcr komfortable und rutschfeste Anwendung; 9-teiliges metrisches Innensechskantschl\u00fcssel-Set; Drehbarer und verriegelbarer Halter f\u00fcr einfachen Zugriff auf die Schl\u00fcssel; Kugelkopf f\u00fcr einen Schraubenzugriff bis zu 30\u00b0; Auf dem Halter eingepr\u00e4gte Durchmesser zur einfachen Identifizierung; Vorrichtung f\u00fcr Absturzsicherung; Set-Inhalt: Innensechskantschl\u00fcssel 1,5, 2, 2,5, 3, 4, 5, 6, 8, 10 mm; Schlosserhammer 300 g; Hickorystiel f\u00fcr h\u00f6here Vibrationsfestigkeit; Verst\u00e4rkter Kopf f\u00fcr l\u00e4ngere Lebensdauer; Perfekte Balance; DIN 1041; Minibox-Wasserwaage 10 cm; Wasserwaage mit Aluminium-Rechteckprofil, leicht und kompakt f\u00fcr einfache Aufbewahrung; Sto\u00dffeste und UV-best\u00e4ndige Acryl-Libelle; Sto\u00dfabsorbierende Endkappen; Genauigkeit 0,029\u00b0 (0,0005 Zoll\/in, 0,5 mm\/m) in Standardposition; Genauigkeitsgrad durch eine unabh\u00e4ngige Stelle (VPA) zertifiziert; FASTBACK Universalklappmesser; Einfaches \u00d6ffnen per Knopfdruck; Der integrierte Drahtschneider erm\u00f6glicht das Schneiden, ohne das Messer \u00f6ffnen zu m\u00fcssen; Schneller und einfacher Klingenwechsel per Knopfdruck f\u00fcr maximale Schneideffizienz; Integrierter Abisolierer; Schlanker K\u00f6rper und G\u00fcrtelclip; G\u00fcrtelclip; VDE-gepr\u00fcfter Tri-Lobe-Schraubendreher PZ\/SL1 x 80 mm; Gepr\u00fcft bis 10.000 V und garantiert bis 1.000 V; Schlanker Durchmesser f\u00fcr den Zugang bei Anwendungen in engen R\u00e4umen; Komfortabler Dreikantgriff, optimiert f\u00fcr maximalen Benutzerkomfort und Anwendungen mit hohem Drehmoment; Lasergravur auf der Oberseite zur schnellen Identifizierung des Modells; 3-seitiges Anti-Roll-Design f\u00fcr bessere Kraft\u00fcbertragung; Loch zur Befestigung des Schraubendrehers an Sicherungsschlaufen; 38-teiliges metrisches 1\/4-Zoll-Ratschen-, Steckschl\u00fcssel- und Griff-Set; 90-Z\u00e4hne-Design mit 4 Grad Schwenkwinkel f\u00fcr maximale Zug\u00e4nglichkeit in engen R\u00e4umen; FOUR FLAT\u2122 Anti-Roll-Design; Seitlich eingepr\u00e4gte Durchmesser zur einfachen Erkennung; Komfortabler Griff f\u00fcr maximalen Komfort und Anwendungen mit hohem Drehmoment; SHOCKWAVE\u2122 Bits; Set-Inhalt: 1\/4-Zoll-Ratsche, 1\/4-Zoll-Tri-Lobe-Schraubendrehergriff, 1\/4-Zoll-Standard-Steckschl\u00fcssel: 5,5 mm, 6 mm, 7 mm, 8 mm, 9 mm, 10 mm, 11 mm, 12 mm, 13 mm, 14 mm, 1\/4-Zoll-Verl\u00e4ngerungen: 76 mm, 152 mm, SHOCKWAVE\u2122 schlagfeste Bits: SL 4,5, SL 5,5, SL 6,5, PH1, PH2, PH3, PZ1, PZ2, PZ3, HEX 3, HEX 4, HEX 5, HEX 6, HEX 8, TX 10, TX 15, TX 20, TX 25, TX 27, TX 30, TX 40, Kardangelenk, SHOCKWAVE\u2122 Adapter 1\/4-Zoll-Sechskant auf 1\/4-Zoll-Vierkant&lt;\/li&gt; &lt;\/ul &gt;<\/p>\n<p>4932499466<br \/>\n4058546566302<\/p>\n","protected":false},"excerpt":{"rendered":"<p>Elektriker-Handwerkzeugkoffer<\/p>\n","protected":false},"featured_media":593170,"template":"","meta":{"_seopress_robots_primary_cat":"","_seopress_titles_title":"","_seopress_titles_desc":"","_seopress_robots_index":""},"product_brand":[3407],"product_cat":[5416,33],"product_tag":[3270],"class_list":{"0":"post-832522","1":"product","2":"type-product","3":"status-publish","4":"has-post-thumbnail","6":"product_brand-milwaukee","7":"product_cat-utensili-per-officina","8":"product_cat-attrezzature","9":"product_tag-import-milwau","10":"sws-conto-ricavi-merci-rivendita-macchinari-de","11":"sws-gruppo-iva-iva81-de","13":"first","14":"onbackorder","15":"sale","16":"shipping-taxable","17":"purchasable","18":"product-type-simple"},"_links":{"self":[{"href":"https:\/\/lucacastelli.com\/de\/wp-json\/wp\/v2\/product\/832522","targetHints":{"allow":["GET"]}}],"collection":[{"href":"https:\/\/lucacastelli.com\/de\/wp-json\/wp\/v2\/product"}],"about":[{"href":"https:\/\/lucacastelli.com\/de\/wp-json\/wp\/v2\/types\/product"}],"wp:featuredmedia":[{"embeddable":true,"href":"https:\/\/lucacastelli.com\/de\/wp-json\/wp\/v2\/media\/593170"}],"wp:attachment":[{"href":"https:\/\/lucacastelli.com\/de\/wp-json\/wp\/v2\/media?parent=832522"}],"wp:term":[{"taxonomy":"product_brand","embeddable":true,"href":"https:\/\/lucacastelli.com\/de\/wp-json\/wp\/v2\/product_brand?post=832522"},{"taxonomy":"product_cat","embeddable":true,"href":"https:\/\/lucacastelli.com\/de\/wp-json\/wp\/v2\/product_cat?post=832522"},{"taxonomy":"product_tag","embeddable":true,"href":"https:\/\/lucacastelli.com\/de\/wp-json\/wp\/v2\/product_tag?post=832522"}],"curies":[{"name":"wp","href":"https:\/\/api.w.org\/{rel}","templated":true}]}}