{"id":832376,"date":"2025-08-07T11:53:22","date_gmt":"2025-08-07T09:53:22","guid":{"rendered":"https:\/\/lucacastelli.com\/prodotto\/milwaukee-schlagnuesse-fuer-bahnen\/"},"modified":"2025-08-07T11:53:22","modified_gmt":"2025-08-07T09:53:22","slug":"milwaukee-schlagnuesse-fuer-bahnen","status":"publish","type":"product","link":"https:\/\/lucacastelli.com\/de\/produkt\/milwaukee-schlagnuesse-fuer-bahnen\/","title":{"rendered":"MILWAUKEE Schlagn\u00fcsse f\u00fcr BAHNEN"},"content":{"rendered":"<p>Schlagn\u00fcsse f\u00fcr BAHNEN<br \/>\n1&#8243; MASCH.-EINSATZ 22&#215;29 mm KURZ\/RECHTECKIG<br \/>\nSHOCKWAVE\u2122 IMPACT DUTY Stahl (Chrom-Molybd\u00e4n) ist ein hochwertiger Stahl, der optimale Festigkeit und Langlebigkeit bietet; Das spezielle Design erm\u00f6glicht die Drehmoment\u00fcbertragung auf die Flanken der Mutter und nicht auf die Ecken; Lasergravierte Markierungen f\u00fcr eine einfache Identifizierung; Perfekte Gr\u00f6\u00dfe f\u00fcr Schienenschrauben<\/p>\n<p>4932499126<br \/>\n4058546529956<\/p>\n","protected":false},"excerpt":{"rendered":"<p>1&#8243; MASCH.-EINSATZ 22&#215;29 mm KURZ\/RECHTECKIG<\/p>\n","protected":false},"featured_media":597717,"template":"","meta":{"_seopress_robots_primary_cat":"","_seopress_titles_title":"","_seopress_titles_desc":"","_seopress_robots_index":""},"product_brand":[3407],"product_cat":[29,514,549,550],"product_tag":[3270],"class_list":{"0":"post-832376","1":"product","2":"type-product","3":"status-publish","4":"has-post-thumbnail","6":"product_brand-milwaukee","7":"product_cat-macchinari","8":"product_cat-altri-dispositivi","9":"product_cat-trapani-e-avvitatori","10":"product_cat-accessori-per-trapani-ed-avvitatori","11":"product_tag-import-milwau","12":"sws-conto-ricavi-merci-rivendita-macchinari-de","13":"sws-gruppo-iva-iva81-de","15":"first","16":"onbackorder","17":"sale","18":"shipping-taxable","19":"purchasable","20":"product-type-simple"},"_links":{"self":[{"href":"https:\/\/lucacastelli.com\/de\/wp-json\/wp\/v2\/product\/832376","targetHints":{"allow":["GET"]}}],"collection":[{"href":"https:\/\/lucacastelli.com\/de\/wp-json\/wp\/v2\/product"}],"about":[{"href":"https:\/\/lucacastelli.com\/de\/wp-json\/wp\/v2\/types\/product"}],"wp:featuredmedia":[{"embeddable":true,"href":"https:\/\/lucacastelli.com\/de\/wp-json\/wp\/v2\/media\/597717"}],"wp:attachment":[{"href":"https:\/\/lucacastelli.com\/de\/wp-json\/wp\/v2\/media?parent=832376"}],"wp:term":[{"taxonomy":"product_brand","embeddable":true,"href":"https:\/\/lucacastelli.com\/de\/wp-json\/wp\/v2\/product_brand?post=832376"},{"taxonomy":"product_cat","embeddable":true,"href":"https:\/\/lucacastelli.com\/de\/wp-json\/wp\/v2\/product_cat?post=832376"},{"taxonomy":"product_tag","embeddable":true,"href":"https:\/\/lucacastelli.com\/de\/wp-json\/wp\/v2\/product_tag?post=832376"}],"curies":[{"name":"wp","href":"https:\/\/api.w.org\/{rel}","templated":true}]}}