{"id":832374,"date":"2025-08-07T11:53:24","date_gmt":"2025-08-07T09:53:24","guid":{"rendered":"https:\/\/lucacastelli.com\/prodotto\/milwaukee-maschinensteckschluessel-fuer-eisenbahnen-5\/"},"modified":"2025-08-07T11:53:24","modified_gmt":"2025-08-07T09:53:24","slug":"milwaukee-maschinensteckschluessel-fuer-eisenbahnen-5","status":"publish","type":"product","link":"https:\/\/lucacastelli.com\/de\/produkt\/milwaukee-maschinensteckschluessel-fuer-eisenbahnen-5\/","title":{"rendered":"MILWAUKEE Maschinensteckschl\u00fcssel f\u00fcr EISENBAHNEN"},"content":{"rendered":"<p>Maschinensteckschl\u00fcssel f\u00fcr EISENBAHNEN<br \/>\nMASCHINENSTECKSCHL. 1&#8243; 21&#215;28 mm LANG\/RECHTECKIG<br \/>\nDer SHOCKWAVE\u2122 IMPACT DUTY aus Stahl (Chrom-Molybd\u00e4n) ist ein hochwertiger Stahl, der optimale Festigkeit und Haltbarkeit bietet;Das spezifische Design erm\u00f6glicht die \u00dcbertragung des Drehmoments auf die Fl\u00e4chen der Mutter und nicht auf die Ecken;Lasergravierte Markierungen f\u00fcr einfache Identifikation;Perfekte Passform f\u00fcr Schienenbolzen<\/p>\n<p>4932499125<br \/>\n4058546529949<\/p>\n","protected":false},"excerpt":{"rendered":"<p>MASCHINENSTECKSCHL. 1&#8243; 21&#215;28 mm LANG\/RECHTECKIG<\/p>\n","protected":false},"featured_media":597721,"template":"","meta":{"_seopress_robots_primary_cat":"","_seopress_titles_title":"","_seopress_titles_desc":"","_seopress_robots_index":""},"product_brand":[3407],"product_cat":[29,514,549,550],"product_tag":[3270],"class_list":{"0":"post-832374","1":"product","2":"type-product","3":"status-publish","4":"has-post-thumbnail","6":"product_brand-milwaukee","7":"product_cat-macchinari","8":"product_cat-altri-dispositivi","9":"product_cat-trapani-e-avvitatori","10":"product_cat-accessori-per-trapani-ed-avvitatori","11":"product_tag-import-milwau","12":"sws-conto-ricavi-merci-rivendita-macchinari-de","13":"sws-gruppo-iva-iva81-de","15":"first","16":"onbackorder","17":"sale","18":"shipping-taxable","19":"purchasable","20":"product-type-simple"},"_links":{"self":[{"href":"https:\/\/lucacastelli.com\/de\/wp-json\/wp\/v2\/product\/832374","targetHints":{"allow":["GET"]}}],"collection":[{"href":"https:\/\/lucacastelli.com\/de\/wp-json\/wp\/v2\/product"}],"about":[{"href":"https:\/\/lucacastelli.com\/de\/wp-json\/wp\/v2\/types\/product"}],"wp:featuredmedia":[{"embeddable":true,"href":"https:\/\/lucacastelli.com\/de\/wp-json\/wp\/v2\/media\/597721"}],"wp:attachment":[{"href":"https:\/\/lucacastelli.com\/de\/wp-json\/wp\/v2\/media?parent=832374"}],"wp:term":[{"taxonomy":"product_brand","embeddable":true,"href":"https:\/\/lucacastelli.com\/de\/wp-json\/wp\/v2\/product_brand?post=832374"},{"taxonomy":"product_cat","embeddable":true,"href":"https:\/\/lucacastelli.com\/de\/wp-json\/wp\/v2\/product_cat?post=832374"},{"taxonomy":"product_tag","embeddable":true,"href":"https:\/\/lucacastelli.com\/de\/wp-json\/wp\/v2\/product_tag?post=832374"}],"curies":[{"name":"wp","href":"https:\/\/api.w.org\/{rel}","templated":true}]}}