{"id":832372,"date":"2025-08-07T12:19:44","date_gmt":"2025-08-07T10:19:44","guid":{"rendered":"https:\/\/lucacastelli.com\/prodotto\/milwaukee-hd-seitenschneider\/"},"modified":"2025-08-07T12:19:44","modified_gmt":"2025-08-07T10:19:44","slug":"milwaukee-hd-seitenschneider","status":"publish","type":"product","link":"https:\/\/lucacastelli.com\/de\/produkt\/milwaukee-hd-seitenschneider\/","title":{"rendered":"MILWAUKEE HD-Seitenschneider"},"content":{"rendered":"<p>HD-SEITENSCHNEIDER 1000 V 180 mm<br \/>\nGepr\u00fcft bei 10.000 V und garantiert bis 1000 V, gepr\u00fcft bei -40\u00b0, DIN ISO 5746, DIN EN\/IEC 60900; Die Stahlklingen sind f\u00fcr maximale Lebensdauer vollst\u00e4ndig geschmiedet, geh\u00e4rtet und angelassen. Nicht reflektierende Titangrau-Oberfl\u00e4chenveredelung, maximale Korrosionsbest\u00e4ndigkeit; Induktiv geh\u00e4rtete Schneiden zum Schneiden selbst h\u00e4rtester Materialien; Pr\u00e4zises und flexibles Gelenk f\u00fcr maximale Kraft\u00fcbertragung f\u00fcr leichtes und m\u00fcheloses Arbeiten; Ergonomischer Griff mit Softgrip f\u00fcr mehr Komfort und Griffigkeit <\/p>\n<p>4932464569<br \/>\n4058546225148<\/p>\n","protected":false},"excerpt":{"rendered":"<p>HD-SEITENSCHNEIDER 1000 V 180 mm<\/p>\n","protected":false},"featured_media":529427,"template":"","meta":{"_seopress_robots_primary_cat":"","_seopress_titles_title":"","_seopress_titles_desc":"","_seopress_robots_index":""},"product_brand":[3407],"product_cat":[5416,33,537],"product_tag":[3270],"class_list":{"0":"post-832372","1":"product","2":"type-product","3":"status-publish","4":"has-post-thumbnail","6":"product_brand-milwaukee","7":"product_cat-utensili-per-officina","8":"product_cat-attrezzature","9":"product_cat-attrezzatura-da-lavoro","10":"product_tag-import-milwau","11":"sws-conto-ricavi-merci-rivendita-macchinari-de","12":"sws-gruppo-iva-iva81-de","14":"first","15":"onbackorder","16":"sale","17":"shipping-taxable","18":"purchasable","19":"product-type-simple"},"_links":{"self":[{"href":"https:\/\/lucacastelli.com\/de\/wp-json\/wp\/v2\/product\/832372","targetHints":{"allow":["GET"]}}],"collection":[{"href":"https:\/\/lucacastelli.com\/de\/wp-json\/wp\/v2\/product"}],"about":[{"href":"https:\/\/lucacastelli.com\/de\/wp-json\/wp\/v2\/types\/product"}],"wp:featuredmedia":[{"embeddable":true,"href":"https:\/\/lucacastelli.com\/de\/wp-json\/wp\/v2\/media\/529427"}],"wp:attachment":[{"href":"https:\/\/lucacastelli.com\/de\/wp-json\/wp\/v2\/media?parent=832372"}],"wp:term":[{"taxonomy":"product_brand","embeddable":true,"href":"https:\/\/lucacastelli.com\/de\/wp-json\/wp\/v2\/product_brand?post=832372"},{"taxonomy":"product_cat","embeddable":true,"href":"https:\/\/lucacastelli.com\/de\/wp-json\/wp\/v2\/product_cat?post=832372"},{"taxonomy":"product_tag","embeddable":true,"href":"https:\/\/lucacastelli.com\/de\/wp-json\/wp\/v2\/product_tag?post=832372"}],"curies":[{"name":"wp","href":"https:\/\/api.w.org\/{rel}","templated":true}]}}