{"id":832361,"date":"2025-08-07T12:19:49","date_gmt":"2025-08-07T10:19:49","guid":{"rendered":"https:\/\/lucacastelli.com\/prodotto\/milwaukee-haken-4\/"},"modified":"2025-08-07T12:19:49","modified_gmt":"2025-08-07T10:19:49","slug":"milwaukee-haken-4","status":"publish","type":"product","link":"https:\/\/lucacastelli.com\/de\/produkt\/milwaukee-haken-4\/","title":{"rendered":"MILWAUKEE Haken"},"content":{"rendered":"<p>HAKEN MIT 45\u00b0-WINKELSPITZE<br \/>\nAus widerstandsf\u00e4higem Metall gefertigt und verchromt f\u00fcr erh\u00f6hten Rostschutz;Der verchromte Metallteil reduziert Korrosion und gew\u00e4hrleistet einen besseren Schutz gegen Rost;Der gummierte Griff erh\u00f6ht die Kontrolle und den Komfort w\u00e4hrend der Anwendung;Lieferung in einem leicht zu \u00f6ffnenden Beh\u00e4lter<\/p>\n<p>4932480573<br \/>\n4058546408589<\/p>\n","protected":false},"excerpt":{"rendered":"<p>HAKEN MIT 45\u00b0-WINKELSPITZE<\/p>\n","protected":false},"featured_media":597782,"template":"","meta":{"_seopress_robots_primary_cat":"","_seopress_titles_title":"","_seopress_titles_desc":"","_seopress_robots_index":""},"product_brand":[3656],"product_cat":[5529,150,1396],"product_tag":[3272],"class_list":{"0":"post-832361","1":"product","2":"type-product","3":"status-publish","4":"has-post-thumbnail","6":"product_brand-milwaukee-de","7":"product_cat-workshop-tools","8":"product_cat-ausrustung","9":"product_cat-arbeitsausrustung","10":"product_tag-import-milwau-de","11":"sws-conto-ricavi-merci-rivendita-macchinari-de","12":"sws-gruppo-iva-iva81-de","14":"first","15":"onbackorder","16":"sale","17":"shipping-taxable","18":"purchasable","19":"product-type-simple"},"_links":{"self":[{"href":"https:\/\/lucacastelli.com\/de\/wp-json\/wp\/v2\/product\/832361","targetHints":{"allow":["GET"]}}],"collection":[{"href":"https:\/\/lucacastelli.com\/de\/wp-json\/wp\/v2\/product"}],"about":[{"href":"https:\/\/lucacastelli.com\/de\/wp-json\/wp\/v2\/types\/product"}],"wp:featuredmedia":[{"embeddable":true,"href":"https:\/\/lucacastelli.com\/de\/wp-json\/wp\/v2\/media\/597782"}],"wp:attachment":[{"href":"https:\/\/lucacastelli.com\/de\/wp-json\/wp\/v2\/media?parent=832361"}],"wp:term":[{"taxonomy":"product_brand","embeddable":true,"href":"https:\/\/lucacastelli.com\/de\/wp-json\/wp\/v2\/product_brand?post=832361"},{"taxonomy":"product_cat","embeddable":true,"href":"https:\/\/lucacastelli.com\/de\/wp-json\/wp\/v2\/product_cat?post=832361"},{"taxonomy":"product_tag","embeddable":true,"href":"https:\/\/lucacastelli.com\/de\/wp-json\/wp\/v2\/product_tag?post=832361"}],"curies":[{"name":"wp","href":"https:\/\/api.w.org\/{rel}","templated":true}]}}