{"id":832292,"date":"2025-08-07T12:33:16","date_gmt":"2025-08-07T10:33:16","guid":{"rendered":"https:\/\/lucacastelli.com\/prodotto\/milwaukee-1-4%cb%9d-steckschluesseleinsaetze-5\/"},"modified":"2025-08-07T12:33:16","modified_gmt":"2025-08-07T10:33:16","slug":"milwaukee-1-4%cb%9d-steckschluesseleinsaetze-5","status":"publish","type":"product","link":"https:\/\/lucacastelli.com\/de\/produkt\/milwaukee-1-4%cb%9d-steckschluesseleinsaetze-5\/","title":{"rendered":"MILWAUKEE 1\/4\u02dd Steckschl\u00fcsseleins\u00e4tze"},"content":{"rendered":"<p>HANDSTECKSCHL\u00dcSSEL 1\/4 5 mm &#8211; KURZ<br \/>\nFOUR FLAT\u2122-Design verhindert Wegrollen;Maximaler Halt dank FOUR FLAT\u2122-Design;Aufgedruckte Durchmesser f\u00fcr einfache Identifikation;Verchromte Ausf\u00fchrung<\/p>\n<p>4932478312<br \/>\n4058546345037<\/p>\n","protected":false},"excerpt":{"rendered":"<p>HANDSTECKSCHL\u00dcSSEL 1\/4 5 mm &#8211; KURZ<\/p>\n","protected":false},"featured_media":550351,"template":"","meta":{"_seopress_robots_primary_cat":"","_seopress_titles_title":"","_seopress_titles_desc":"","_seopress_robots_index":""},"product_brand":[3656],"product_cat":[5529,150,1396],"product_tag":[3272],"class_list":{"0":"post-832292","1":"product","2":"type-product","3":"status-publish","4":"has-post-thumbnail","6":"product_brand-milwaukee-de","7":"product_cat-workshop-tools","8":"product_cat-ausrustung","9":"product_cat-arbeitsausrustung","10":"product_tag-import-milwau-de","11":"sws-conto-ricavi-merci-rivendita-macchinari-de","12":"sws-gruppo-iva-iva81-de","14":"first","15":"onbackorder","16":"sale","17":"shipping-taxable","18":"purchasable","19":"product-type-simple"},"_links":{"self":[{"href":"https:\/\/lucacastelli.com\/de\/wp-json\/wp\/v2\/product\/832292","targetHints":{"allow":["GET"]}}],"collection":[{"href":"https:\/\/lucacastelli.com\/de\/wp-json\/wp\/v2\/product"}],"about":[{"href":"https:\/\/lucacastelli.com\/de\/wp-json\/wp\/v2\/types\/product"}],"wp:featuredmedia":[{"embeddable":true,"href":"https:\/\/lucacastelli.com\/de\/wp-json\/wp\/v2\/media\/550351"}],"wp:attachment":[{"href":"https:\/\/lucacastelli.com\/de\/wp-json\/wp\/v2\/media?parent=832292"}],"wp:term":[{"taxonomy":"product_brand","embeddable":true,"href":"https:\/\/lucacastelli.com\/de\/wp-json\/wp\/v2\/product_brand?post=832292"},{"taxonomy":"product_cat","embeddable":true,"href":"https:\/\/lucacastelli.com\/de\/wp-json\/wp\/v2\/product_cat?post=832292"},{"taxonomy":"product_tag","embeddable":true,"href":"https:\/\/lucacastelli.com\/de\/wp-json\/wp\/v2\/product_tag?post=832292"}],"curies":[{"name":"wp","href":"https:\/\/api.w.org\/{rel}","templated":true}]}}