{"id":832253,"date":"2025-08-07T12:19:45","date_gmt":"2025-08-07T10:19:45","guid":{"rendered":"https:\/\/lucacastelli.com\/prodotto\/milwaukee-haken-3\/"},"modified":"2025-08-07T12:19:45","modified_gmt":"2025-08-07T10:19:45","slug":"milwaukee-haken-3","status":"publish","type":"product","link":"https:\/\/lucacastelli.com\/de\/produkt\/milwaukee-haken-3\/","title":{"rendered":"MILWAUKEE Haken"},"content":{"rendered":"<p>90\u00b0-WINKELHAKEN<br \/>\nAus robustem Metall gefertigt und verchromt f\u00fcr erh\u00f6hten Rostschutz; Der verchromte Metallteil reduziert Korrosion und garantiert einen besseren Schutz gegen Rost; Der gummierte Griff erh\u00f6ht die Kontrolle und den Komfort w\u00e4hrend der Anwendung; Geliefert in einem leicht zu \u00f6ffnenden Beh\u00e4lter<\/p>\n<p>4932480572<br \/>\n4058546408572<\/p>\n","protected":false},"excerpt":{"rendered":"<p>90\u00b0-WINKELHAKEN<\/p>\n","protected":false},"featured_media":552499,"template":"","meta":{"_seopress_robots_primary_cat":"","_seopress_titles_title":"","_seopress_titles_desc":"","_seopress_robots_index":""},"product_brand":[3407],"product_cat":[5416,33,537],"product_tag":[3270],"class_list":{"0":"post-832253","1":"product","2":"type-product","3":"status-publish","4":"has-post-thumbnail","6":"product_brand-milwaukee","7":"product_cat-utensili-per-officina","8":"product_cat-attrezzature","9":"product_cat-attrezzatura-da-lavoro","10":"product_tag-import-milwau","11":"sws-conto-ricavi-merci-rivendita-macchinari-de","12":"sws-gruppo-iva-iva81-de","14":"first","15":"onbackorder","16":"sale","17":"shipping-taxable","18":"purchasable","19":"product-type-simple"},"_links":{"self":[{"href":"https:\/\/lucacastelli.com\/de\/wp-json\/wp\/v2\/product\/832253","targetHints":{"allow":["GET"]}}],"collection":[{"href":"https:\/\/lucacastelli.com\/de\/wp-json\/wp\/v2\/product"}],"about":[{"href":"https:\/\/lucacastelli.com\/de\/wp-json\/wp\/v2\/types\/product"}],"wp:featuredmedia":[{"embeddable":true,"href":"https:\/\/lucacastelli.com\/de\/wp-json\/wp\/v2\/media\/552499"}],"wp:attachment":[{"href":"https:\/\/lucacastelli.com\/de\/wp-json\/wp\/v2\/media?parent=832253"}],"wp:term":[{"taxonomy":"product_brand","embeddable":true,"href":"https:\/\/lucacastelli.com\/de\/wp-json\/wp\/v2\/product_brand?post=832253"},{"taxonomy":"product_cat","embeddable":true,"href":"https:\/\/lucacastelli.com\/de\/wp-json\/wp\/v2\/product_cat?post=832253"},{"taxonomy":"product_tag","embeddable":true,"href":"https:\/\/lucacastelli.com\/de\/wp-json\/wp\/v2\/product_tag?post=832253"}],"curies":[{"name":"wp","href":"https:\/\/api.w.org\/{rel}","templated":true}]}}