{"id":832246,"date":"2025-08-07T11:53:17","date_gmt":"2025-08-07T09:53:17","guid":{"rendered":"https:\/\/lucacastelli.com\/prodotto\/milwaukee-maschinensteckschluessel-fuer-eisenbahnen-3\/"},"modified":"2025-08-07T11:53:17","modified_gmt":"2025-08-07T09:53:17","slug":"milwaukee-maschinensteckschluessel-fuer-eisenbahnen-3","status":"publish","type":"product","link":"https:\/\/lucacastelli.com\/de\/produkt\/milwaukee-maschinensteckschluessel-fuer-eisenbahnen-3\/","title":{"rendered":"MILWAUKEE Maschinensteckschl\u00fcssel f\u00fcr EISENBAHNEN"},"content":{"rendered":"<p>Maschinensteckschl\u00fcssel f\u00fcr EISENBAHNEN<br \/>\nMASCH-STECKSCHL. 1 1-1\/8 &#8211; KURZ\/BI-QUAD<br \/>\nDer SHOCKWAVE\u2122 IMPACT DUTY aus Stahl (Chrom-Molybd\u00e4n) ist ein hochwertiger Stahl, der optimale Festigkeit und Haltbarkeit bietet;Das spezielle Design erm\u00f6glicht die \u00dcbertragung des Drehmoments auf die Fl\u00e4chen der Mutter und nicht auf die Ecken;Lasergravierte Markierungen f\u00fcr einfache Identifizierung;Perfekte Passform f\u00fcr Schienenbolzen<\/p>\n<p>4932499148<br \/>\n4058546530174<\/p>\n","protected":false},"excerpt":{"rendered":"<p>MASCH-STECKSCHL. 1 1-1\/8 &#8211; KURZ\/BI-QUAD<\/p>\n","protected":false},"featured_media":591323,"template":"","meta":{"_seopress_robots_primary_cat":"","_seopress_titles_title":"","_seopress_titles_desc":"","_seopress_robots_index":""},"product_brand":[3656],"product_cat":[169,1454,1553,1554],"product_tag":[3272],"class_list":{"0":"post-832246","1":"product","2":"type-product","3":"status-publish","4":"has-post-thumbnail","6":"product_brand-milwaukee-de","7":"product_cat-maschinen","8":"product_cat-andere-gerate","9":"product_cat-bohrer-und-schraubendreher","10":"product_cat-zubehor-fur-bohrmaschinen-und-schraubendreher","11":"product_tag-import-milwau-de","12":"sws-conto-ricavi-merci-rivendita-macchinari-de","13":"sws-gruppo-iva-iva81-de","15":"first","16":"onbackorder","17":"sale","18":"shipping-taxable","19":"purchasable","20":"product-type-simple"},"_links":{"self":[{"href":"https:\/\/lucacastelli.com\/de\/wp-json\/wp\/v2\/product\/832246","targetHints":{"allow":["GET"]}}],"collection":[{"href":"https:\/\/lucacastelli.com\/de\/wp-json\/wp\/v2\/product"}],"about":[{"href":"https:\/\/lucacastelli.com\/de\/wp-json\/wp\/v2\/types\/product"}],"wp:featuredmedia":[{"embeddable":true,"href":"https:\/\/lucacastelli.com\/de\/wp-json\/wp\/v2\/media\/591323"}],"wp:attachment":[{"href":"https:\/\/lucacastelli.com\/de\/wp-json\/wp\/v2\/media?parent=832246"}],"wp:term":[{"taxonomy":"product_brand","embeddable":true,"href":"https:\/\/lucacastelli.com\/de\/wp-json\/wp\/v2\/product_brand?post=832246"},{"taxonomy":"product_cat","embeddable":true,"href":"https:\/\/lucacastelli.com\/de\/wp-json\/wp\/v2\/product_cat?post=832246"},{"taxonomy":"product_tag","embeddable":true,"href":"https:\/\/lucacastelli.com\/de\/wp-json\/wp\/v2\/product_tag?post=832246"}],"curies":[{"name":"wp","href":"https:\/\/api.w.org\/{rel}","templated":true}]}}