{"id":832241,"date":"2025-08-07T12:19:41","date_gmt":"2025-08-07T10:19:41","guid":{"rendered":"https:\/\/lucacastelli.com\/prodotto\/milwaukee-seitenschneider-200-mm\/"},"modified":"2025-08-07T12:19:41","modified_gmt":"2025-08-07T10:19:41","slug":"milwaukee-seitenschneider-200-mm","status":"publish","type":"product","link":"https:\/\/lucacastelli.com\/de\/produkt\/milwaukee-seitenschneider-200-mm\/","title":{"rendered":"MILWAUKEE Seitenschneider 200 mm"},"content":{"rendered":"<p>SEITENSCHNEIDER 200 mm<br \/>\nOptimale Hebelwirkung f\u00fcr m\u00fcheloses Arbeiten;Induktionsgeh\u00e4rtete Schneiden erm\u00f6glichen b\u00fcndiges Schneiden von Dr\u00e4hten;Abgerundete Kopfkanten;Nicht reflektierendes Kopfdesign und maximale Korrosionsbest\u00e4ndigkeit;Weicher Zwei-Komponenten-Griff f\u00fcr komfortables Handling;Material am Griffende verhindert Abrutschen;\u00d6se f\u00fcr Absturzsicherung <\/p>\n<p>4932492464<br \/>\n4058546418311<\/p>\n","protected":false},"excerpt":{"rendered":"<p>SEITENSCHNEIDER 200 mm <\/p>\n","protected":false},"featured_media":556660,"template":"","meta":{"_seopress_robots_primary_cat":"","_seopress_titles_title":"","_seopress_titles_desc":"","_seopress_robots_index":""},"product_brand":[3407],"product_cat":[5416,33,537],"product_tag":[3270],"class_list":{"0":"post-832241","1":"product","2":"type-product","3":"status-publish","4":"has-post-thumbnail","6":"product_brand-milwaukee","7":"product_cat-utensili-per-officina","8":"product_cat-attrezzature","9":"product_cat-attrezzatura-da-lavoro","10":"product_tag-import-milwau","11":"sws-conto-ricavi-merci-rivendita-macchinari-de","12":"sws-gruppo-iva-iva81-de","14":"first","15":"onbackorder","16":"sale","17":"shipping-taxable","18":"purchasable","19":"product-type-simple"},"_links":{"self":[{"href":"https:\/\/lucacastelli.com\/de\/wp-json\/wp\/v2\/product\/832241","targetHints":{"allow":["GET"]}}],"collection":[{"href":"https:\/\/lucacastelli.com\/de\/wp-json\/wp\/v2\/product"}],"about":[{"href":"https:\/\/lucacastelli.com\/de\/wp-json\/wp\/v2\/types\/product"}],"wp:featuredmedia":[{"embeddable":true,"href":"https:\/\/lucacastelli.com\/de\/wp-json\/wp\/v2\/media\/556660"}],"wp:attachment":[{"href":"https:\/\/lucacastelli.com\/de\/wp-json\/wp\/v2\/media?parent=832241"}],"wp:term":[{"taxonomy":"product_brand","embeddable":true,"href":"https:\/\/lucacastelli.com\/de\/wp-json\/wp\/v2\/product_brand?post=832241"},{"taxonomy":"product_cat","embeddable":true,"href":"https:\/\/lucacastelli.com\/de\/wp-json\/wp\/v2\/product_cat?post=832241"},{"taxonomy":"product_tag","embeddable":true,"href":"https:\/\/lucacastelli.com\/de\/wp-json\/wp\/v2\/product_tag?post=832241"}],"curies":[{"name":"wp","href":"https:\/\/api.w.org\/{rel}","templated":true}]}}