{"id":832237,"date":"2025-08-07T12:19:42","date_gmt":"2025-08-07T10:19:42","guid":{"rendered":"https:\/\/lucacastelli.com\/prodotto\/milwaukee-kraft-seitenschneider-hd\/"},"modified":"2025-08-07T12:19:42","modified_gmt":"2025-08-07T10:19:42","slug":"milwaukee-kraft-seitenschneider-hd","status":"publish","type":"product","link":"https:\/\/lucacastelli.com\/de\/produkt\/milwaukee-kraft-seitenschneider-hd\/","title":{"rendered":"MILWAUKEE Kraft-Seitenschneider HD"},"content":{"rendered":"<p>KRAFT-SEITENSCHNEIDER HD 1000V 200 mm<br \/>\nGetestet mit 10.000 V und garantiert f\u00fcr 1000 V, Getestet bei -40\u00b0, DIN ISO 5746, DIN EN\/IEC 60900; Die Stahlklingen sind vollst\u00e4ndig geschmiedet, geh\u00e4rtet und angelassen f\u00fcr maximale Haltbarkeit. Die nicht reflektierende graue Titan-Oberfl\u00e4chenveredelung bietet maximale Korrosionsbest\u00e4ndigkeit; Induktionsgeh\u00e4rtete Schneiden zum Schneiden auch h\u00e4rtester Materialien; Pr\u00e4zises und flexibles Gelenk f\u00fcr maximale Kraft\u00fcbertragung f\u00fcr m\u00fcheloses Arbeiten; Ergonomischer Griff mit Softgrip f\u00fcr mehr Komfort und Halt <\/p>\n<p>4932464570<br \/>\n4058546225155<\/p>\n","protected":false},"excerpt":{"rendered":"<p>KRAFT-SEITENSCHNEIDER HD 1000V 200 mm<\/p>\n","protected":false},"featured_media":529432,"template":"","meta":{"_seopress_robots_primary_cat":"","_seopress_titles_title":"","_seopress_titles_desc":"","_seopress_robots_index":""},"product_brand":[3407],"product_cat":[5416,33,537],"product_tag":[3270],"class_list":{"0":"post-832237","1":"product","2":"type-product","3":"status-publish","4":"has-post-thumbnail","6":"product_brand-milwaukee","7":"product_cat-utensili-per-officina","8":"product_cat-attrezzature","9":"product_cat-attrezzatura-da-lavoro","10":"product_tag-import-milwau","11":"sws-conto-ricavi-merci-rivendita-macchinari-de","12":"sws-gruppo-iva-iva81-de","14":"first","15":"onbackorder","16":"sale","17":"shipping-taxable","18":"purchasable","19":"product-type-simple"},"_links":{"self":[{"href":"https:\/\/lucacastelli.com\/de\/wp-json\/wp\/v2\/product\/832237","targetHints":{"allow":["GET"]}}],"collection":[{"href":"https:\/\/lucacastelli.com\/de\/wp-json\/wp\/v2\/product"}],"about":[{"href":"https:\/\/lucacastelli.com\/de\/wp-json\/wp\/v2\/types\/product"}],"wp:featuredmedia":[{"embeddable":true,"href":"https:\/\/lucacastelli.com\/de\/wp-json\/wp\/v2\/media\/529432"}],"wp:attachment":[{"href":"https:\/\/lucacastelli.com\/de\/wp-json\/wp\/v2\/media?parent=832237"}],"wp:term":[{"taxonomy":"product_brand","embeddable":true,"href":"https:\/\/lucacastelli.com\/de\/wp-json\/wp\/v2\/product_brand?post=832237"},{"taxonomy":"product_cat","embeddable":true,"href":"https:\/\/lucacastelli.com\/de\/wp-json\/wp\/v2\/product_cat?post=832237"},{"taxonomy":"product_tag","embeddable":true,"href":"https:\/\/lucacastelli.com\/de\/wp-json\/wp\/v2\/product_tag?post=832237"}],"curies":[{"name":"wp","href":"https:\/\/api.w.org\/{rel}","templated":true}]}}