{"id":832235,"date":"2025-08-07T12:19:40","date_gmt":"2025-08-07T10:19:40","guid":{"rendered":"https:\/\/lucacastelli.com\/prodotto\/milwaukee-seitenschneider-160-mm\/"},"modified":"2025-08-07T12:19:40","modified_gmt":"2025-08-07T10:19:40","slug":"milwaukee-seitenschneider-160-mm","status":"publish","type":"product","link":"https:\/\/lucacastelli.com\/de\/produkt\/milwaukee-seitenschneider-160-mm\/","title":{"rendered":"MILWAUKEE Seitenschneider 160 mm"},"content":{"rendered":"<p>SEITENSCHNEIDER 160 mm<br \/>\nAusgezeichnete Hebelwirkung f\u00fcr m\u00fcheloses Arbeiten;Abgerundete Kopfkanten;Nicht reflektierendes Kopfdesign und maximale Korrosionsbest\u00e4ndigkeit;Weicher Zwei-Komponenten-Griff f\u00fcr komfortables Handling;Material am Griffende verhindert Abrutschen;Induktionsgeh\u00e4rtete Schneiden erm\u00f6glichen das Schneiden von harten und weichen Dr\u00e4hten;\u00d6se f\u00fcr Absturzsicherung <\/p>\n<p>4932492463<br \/>\n4058546418304<\/p>\n","protected":false},"excerpt":{"rendered":"<p>SEITENSCHNEIDER 160 mm <\/p>\n","protected":false},"featured_media":556651,"template":"","meta":{"_seopress_robots_primary_cat":"","_seopress_titles_title":"","_seopress_titles_desc":"","_seopress_robots_index":""},"product_brand":[3407],"product_cat":[5416,33,537],"product_tag":[3270],"class_list":{"0":"post-832235","1":"product","2":"type-product","3":"status-publish","4":"has-post-thumbnail","6":"product_brand-milwaukee","7":"product_cat-utensili-per-officina","8":"product_cat-attrezzature","9":"product_cat-attrezzatura-da-lavoro","10":"product_tag-import-milwau","11":"sws-conto-ricavi-merci-rivendita-macchinari-de","12":"sws-gruppo-iva-iva81-de","14":"first","15":"onbackorder","16":"sale","17":"shipping-taxable","18":"purchasable","19":"product-type-simple"},"_links":{"self":[{"href":"https:\/\/lucacastelli.com\/de\/wp-json\/wp\/v2\/product\/832235","targetHints":{"allow":["GET"]}}],"collection":[{"href":"https:\/\/lucacastelli.com\/de\/wp-json\/wp\/v2\/product"}],"about":[{"href":"https:\/\/lucacastelli.com\/de\/wp-json\/wp\/v2\/types\/product"}],"wp:featuredmedia":[{"embeddable":true,"href":"https:\/\/lucacastelli.com\/de\/wp-json\/wp\/v2\/media\/556651"}],"wp:attachment":[{"href":"https:\/\/lucacastelli.com\/de\/wp-json\/wp\/v2\/media?parent=832235"}],"wp:term":[{"taxonomy":"product_brand","embeddable":true,"href":"https:\/\/lucacastelli.com\/de\/wp-json\/wp\/v2\/product_brand?post=832235"},{"taxonomy":"product_cat","embeddable":true,"href":"https:\/\/lucacastelli.com\/de\/wp-json\/wp\/v2\/product_cat?post=832235"},{"taxonomy":"product_tag","embeddable":true,"href":"https:\/\/lucacastelli.com\/de\/wp-json\/wp\/v2\/product_tag?post=832235"}],"curies":[{"name":"wp","href":"https:\/\/api.w.org\/{rel}","templated":true}]}}