{"id":832215,"date":"2025-08-07T12:32:02","date_gmt":"2025-08-07T10:32:02","guid":{"rendered":"https:\/\/lucacastelli.com\/prodotto\/milwaukee-3-8-metrische-magnet-zuendkerzensteck-schluessel-einsatz-208-mm\/"},"modified":"2025-08-07T12:32:02","modified_gmt":"2025-08-07T10:32:02","slug":"milwaukee-3-8-metrische-magnet-zuendkerzensteck-schluessel-einsatz-208-mm","status":"publish","type":"product","link":"https:\/\/lucacastelli.com\/de\/produkt\/milwaukee-3-8-metrische-magnet-zuendkerzensteck-schluessel-einsatz-208-mm\/","title":{"rendered":"MILWAUKEE 3\/8&#8243; METRISCHE MAGNET-Z\u00dcNDKERZENSTECK SCHL\u00dcSSEL-EINSATZ 20,8 mm"},"content":{"rendered":"<p>3\/8&#8243; METRISCHE MAGNET-Z\u00dcNDKERZENSTECK SCHL\u00dcSSEL-EINSATZ 20,8 mm<br \/>\nMagnet- oder Gummieinsatz verhindert Verschlei\u00df und erm\u00f6glicht sicheren Halt;Gepr\u00e4gte Abmessungen f\u00fcr schnelle und einfache Identifizierung;Ger\u00e4ndelter Bereich f\u00fcr besseren Fingergrip;Bohrung erm\u00f6glicht das Sichern der Steckschl\u00fcssel-Einsatz<\/p>\n<p>4932480678<br \/>\n4058546409630<\/p>\n","protected":false},"excerpt":{"rendered":"<p>3\/8&#8243; METRISCHE MAGNET-Z\u00dcNDKERZENSTECK SCHL\u00dcSSEL-EINSATZ 20,8 mm<\/p>\n","protected":false},"featured_media":553443,"template":"","meta":{"_seopress_robots_primary_cat":"","_seopress_titles_title":"","_seopress_titles_desc":"","_seopress_robots_index":""},"product_brand":[3656],"product_cat":[5529,150,1396],"product_tag":[3272],"class_list":{"0":"post-832215","1":"product","2":"type-product","3":"status-publish","4":"has-post-thumbnail","6":"product_brand-milwaukee-de","7":"product_cat-workshop-tools","8":"product_cat-ausrustung","9":"product_cat-arbeitsausrustung","10":"product_tag-import-milwau-de","11":"sws-conto-ricavi-merci-rivendita-macchinari-de","12":"sws-gruppo-iva-iva81-de","14":"first","15":"onbackorder","16":"sale","17":"shipping-taxable","18":"purchasable","19":"product-type-simple"},"_links":{"self":[{"href":"https:\/\/lucacastelli.com\/de\/wp-json\/wp\/v2\/product\/832215","targetHints":{"allow":["GET"]}}],"collection":[{"href":"https:\/\/lucacastelli.com\/de\/wp-json\/wp\/v2\/product"}],"about":[{"href":"https:\/\/lucacastelli.com\/de\/wp-json\/wp\/v2\/types\/product"}],"wp:featuredmedia":[{"embeddable":true,"href":"https:\/\/lucacastelli.com\/de\/wp-json\/wp\/v2\/media\/553443"}],"wp:attachment":[{"href":"https:\/\/lucacastelli.com\/de\/wp-json\/wp\/v2\/media?parent=832215"}],"wp:term":[{"taxonomy":"product_brand","embeddable":true,"href":"https:\/\/lucacastelli.com\/de\/wp-json\/wp\/v2\/product_brand?post=832215"},{"taxonomy":"product_cat","embeddable":true,"href":"https:\/\/lucacastelli.com\/de\/wp-json\/wp\/v2\/product_cat?post=832215"},{"taxonomy":"product_tag","embeddable":true,"href":"https:\/\/lucacastelli.com\/de\/wp-json\/wp\/v2\/product_tag?post=832215"}],"curies":[{"name":"wp","href":"https:\/\/api.w.org\/{rel}","templated":true}]}}