{"id":832200,"date":"2025-08-07T12:31:53","date_gmt":"2025-08-07T10:31:53","guid":{"rendered":"https:\/\/lucacastelli.com\/prodotto\/milwaukee-zubehoer-fuer-werkzeugsicherungen\/"},"modified":"2025-08-07T12:31:53","modified_gmt":"2025-08-07T10:31:53","slug":"milwaukee-zubehoer-fuer-werkzeugsicherungen","status":"publish","type":"product","link":"https:\/\/lucacastelli.com\/de\/produkt\/milwaukee-zubehoer-fuer-werkzeugsicherungen\/","title":{"rendered":"MILWAUKEE Zubeh\u00f6r f\u00fcr Werkzeugsicherungen"},"content":{"rendered":"<p>SCHLAUFE MIT D-RING 2,25 kg<br \/>\nHohe Vielseitigkeit \u2013 Zubeh\u00f6r zum Anschluss von Werkzeugen kann hinzugef\u00fcgt werden; Einfaches und vielseitiges Verbindungssystem f\u00fcr alle Arten von Werkzeugen; Starke und sichere Befestigung; Leistungsgerecht f\u00fcr harte Baustellenbedingungen<\/p>\n<p>4932471431<br \/>\n4058546290597<\/p>\n","protected":false},"excerpt":{"rendered":"<p>SCHLAUFE MIT D-RING 2,25 kg<\/p>\n","protected":false},"featured_media":536690,"template":"","meta":{"_seopress_robots_primary_cat":"","_seopress_titles_title":"","_seopress_titles_desc":"","_seopress_robots_index":""},"product_brand":[3656],"product_cat":[5529,150,1396],"product_tag":[3272],"class_list":{"0":"post-832200","1":"product","2":"type-product","3":"status-publish","4":"has-post-thumbnail","6":"product_brand-milwaukee-de","7":"product_cat-workshop-tools","8":"product_cat-ausrustung","9":"product_cat-arbeitsausrustung","10":"product_tag-import-milwau-de","11":"sws-conto-ricavi-merci-rivendita-macchinari-de","12":"sws-gruppo-iva-iva81-de","14":"first","15":"onbackorder","16":"sale","17":"shipping-taxable","18":"purchasable","19":"product-type-simple"},"_links":{"self":[{"href":"https:\/\/lucacastelli.com\/de\/wp-json\/wp\/v2\/product\/832200","targetHints":{"allow":["GET"]}}],"collection":[{"href":"https:\/\/lucacastelli.com\/de\/wp-json\/wp\/v2\/product"}],"about":[{"href":"https:\/\/lucacastelli.com\/de\/wp-json\/wp\/v2\/types\/product"}],"wp:featuredmedia":[{"embeddable":true,"href":"https:\/\/lucacastelli.com\/de\/wp-json\/wp\/v2\/media\/536690"}],"wp:attachment":[{"href":"https:\/\/lucacastelli.com\/de\/wp-json\/wp\/v2\/media?parent=832200"}],"wp:term":[{"taxonomy":"product_brand","embeddable":true,"href":"https:\/\/lucacastelli.com\/de\/wp-json\/wp\/v2\/product_brand?post=832200"},{"taxonomy":"product_cat","embeddable":true,"href":"https:\/\/lucacastelli.com\/de\/wp-json\/wp\/v2\/product_cat?post=832200"},{"taxonomy":"product_tag","embeddable":true,"href":"https:\/\/lucacastelli.com\/de\/wp-json\/wp\/v2\/product_tag?post=832200"}],"curies":[{"name":"wp","href":"https:\/\/api.w.org\/{rel}","templated":true}]}}