{"id":832199,"date":"2025-08-07T12:31:57","date_gmt":"2025-08-07T10:31:57","guid":{"rendered":"https:\/\/lucacastelli.com\/prodotto\/milwaukee-kompakter-messerschaerfer\/"},"modified":"2025-08-07T12:31:57","modified_gmt":"2025-08-07T10:31:57","slug":"milwaukee-kompakter-messerschaerfer","status":"publish","type":"product","link":"https:\/\/lucacastelli.com\/de\/produkt\/milwaukee-kompakter-messerschaerfer\/","title":{"rendered":"MILWAUKEE Kompakter Messersch\u00e4rfer"},"content":{"rendered":"<p>MESSERSCH\u00c4RFER<br \/>\nDrei verschiedene Sch\u00e4rfstile &#8220;grob&#8221;, &#8220;fein&#8221; und f\u00fcr Wellenschliffklingen.;Finger\u00f6ffnung f\u00fcr sicheren Halt w\u00e4hrend der Anwendung.;Magnet f\u00fcr einfache Aufbewahrung.;Hochkontrast-Siebdruck auf Vorder- und R\u00fcckseite zur einfachen Identifizierung der Anwendung.;Vielseitig, f\u00fcr Messer und Scheren geeignet.;Vorbereitung f\u00fcr Absturzsicherungsschlaufe.<\/p>\n<p>4932478562<br \/>\n4058546347550<\/p>\n","protected":false},"excerpt":{"rendered":"<p>MESSERSCH\u00c4RFER<\/p>\n","protected":false},"featured_media":541189,"template":"","meta":{"_seopress_robots_primary_cat":"","_seopress_titles_title":"","_seopress_titles_desc":"","_seopress_robots_index":""},"product_brand":[3407],"product_cat":[5416,33,537],"product_tag":[3270],"class_list":{"0":"post-832199","1":"product","2":"type-product","3":"status-publish","4":"has-post-thumbnail","6":"product_brand-milwaukee","7":"product_cat-utensili-per-officina","8":"product_cat-attrezzature","9":"product_cat-attrezzatura-da-lavoro","10":"product_tag-import-milwau","11":"sws-conto-ricavi-merci-rivendita-macchinari-de","12":"sws-gruppo-iva-iva81-de","14":"first","15":"onbackorder","16":"sale","17":"shipping-taxable","18":"purchasable","19":"product-type-simple"},"_links":{"self":[{"href":"https:\/\/lucacastelli.com\/de\/wp-json\/wp\/v2\/product\/832199","targetHints":{"allow":["GET"]}}],"collection":[{"href":"https:\/\/lucacastelli.com\/de\/wp-json\/wp\/v2\/product"}],"about":[{"href":"https:\/\/lucacastelli.com\/de\/wp-json\/wp\/v2\/types\/product"}],"wp:featuredmedia":[{"embeddable":true,"href":"https:\/\/lucacastelli.com\/de\/wp-json\/wp\/v2\/media\/541189"}],"wp:attachment":[{"href":"https:\/\/lucacastelli.com\/de\/wp-json\/wp\/v2\/media?parent=832199"}],"wp:term":[{"taxonomy":"product_brand","embeddable":true,"href":"https:\/\/lucacastelli.com\/de\/wp-json\/wp\/v2\/product_brand?post=832199"},{"taxonomy":"product_cat","embeddable":true,"href":"https:\/\/lucacastelli.com\/de\/wp-json\/wp\/v2\/product_cat?post=832199"},{"taxonomy":"product_tag","embeddable":true,"href":"https:\/\/lucacastelli.com\/de\/wp-json\/wp\/v2\/product_tag?post=832199"}],"curies":[{"name":"wp","href":"https:\/\/api.w.org\/{rel}","templated":true}]}}