{"id":832197,"date":"2025-08-07T12:32:03","date_gmt":"2025-08-07T10:32:03","guid":{"rendered":"https:\/\/lucacastelli.com\/prodotto\/milwaukee-bit-adapter-1-4%cb%9d-vierkant\/"},"modified":"2025-08-07T12:32:03","modified_gmt":"2025-08-07T10:32:03","slug":"milwaukee-bit-adapter-1-4%cb%9d-vierkant","status":"publish","type":"product","link":"https:\/\/lucacastelli.com\/de\/produkt\/milwaukee-bit-adapter-1-4%cb%9d-vierkant\/","title":{"rendered":"MILWAUKEE Bit-Adapter 1\/4\u02dd Vierkant"},"content":{"rendered":"<p>BIT-ADAPTER 1\/4&#8243; VIERKANT &#8211; 1\/4&#8243; SECHSKANT<br \/>\nFederring zur sicheren Fixierung des Bits; Verchromte Oberfl\u00e4che f\u00fcr besseren Rostschutz; 1\/4&#8243;-Sechskantaufnahme f\u00fcr die g\u00e4ngigsten Bit-Gr\u00f6\u00dfen<\/p>\n<p>4932493961<br \/>\n4058546511210<\/p>\n","protected":false},"excerpt":{"rendered":"<p>BIT-ADAPTER 1\/4&#8243; VIERKANT &#8211; 1\/4&#8243; SECHSKANT<\/p>\n","protected":false},"featured_media":564721,"template":"","meta":{"_seopress_robots_primary_cat":"","_seopress_titles_title":"","_seopress_titles_desc":"","_seopress_robots_index":""},"product_brand":[3656],"product_cat":[1396,150,5529],"product_tag":[3272],"class_list":{"0":"post-832197","1":"product","2":"type-product","3":"status-publish","4":"has-post-thumbnail","6":"product_brand-milwaukee-de","7":"product_cat-arbeitsausrustung","8":"product_cat-ausrustung","9":"product_cat-workshop-tools","10":"product_tag-import-milwau-de","11":"sws-conto-ricavi-merci-rivendita-macchinari-de","12":"sws-gruppo-iva-iva81-de","14":"first","15":"onbackorder","16":"sale","17":"shipping-taxable","18":"purchasable","19":"product-type-simple"},"_links":{"self":[{"href":"https:\/\/lucacastelli.com\/de\/wp-json\/wp\/v2\/product\/832197","targetHints":{"allow":["GET"]}}],"collection":[{"href":"https:\/\/lucacastelli.com\/de\/wp-json\/wp\/v2\/product"}],"about":[{"href":"https:\/\/lucacastelli.com\/de\/wp-json\/wp\/v2\/types\/product"}],"wp:featuredmedia":[{"embeddable":true,"href":"https:\/\/lucacastelli.com\/de\/wp-json\/wp\/v2\/media\/564721"}],"wp:attachment":[{"href":"https:\/\/lucacastelli.com\/de\/wp-json\/wp\/v2\/media?parent=832197"}],"wp:term":[{"taxonomy":"product_brand","embeddable":true,"href":"https:\/\/lucacastelli.com\/de\/wp-json\/wp\/v2\/product_brand?post=832197"},{"taxonomy":"product_cat","embeddable":true,"href":"https:\/\/lucacastelli.com\/de\/wp-json\/wp\/v2\/product_cat?post=832197"},{"taxonomy":"product_tag","embeddable":true,"href":"https:\/\/lucacastelli.com\/de\/wp-json\/wp\/v2\/product_tag?post=832197"}],"curies":[{"name":"wp","href":"https:\/\/api.w.org\/{rel}","templated":true}]}}