{"id":832155,"date":"2025-08-07T20:12:34","date_gmt":"2025-08-07T18:12:34","guid":{"rendered":"https:\/\/lucacastelli.com\/prodotto\/milwaukee-schleifpapier-fuer-deltaschleifer-multifunktionswerkzeug-93-x-93-mm-6\/"},"modified":"2025-08-07T20:12:34","modified_gmt":"2025-08-07T18:12:34","slug":"milwaukee-schleifpapier-fuer-deltaschleifer-multifunktionswerkzeug-93-x-93-mm-6","status":"publish","type":"product","link":"https:\/\/lucacastelli.com\/de\/produkt\/milwaukee-schleifpapier-fuer-deltaschleifer-multifunktionswerkzeug-93-x-93-mm-6\/","title":{"rendered":"MILWAUKEE Schleifpapier f\u00fcr Deltaschleifer \/ Multifunktionswerkzeug 93 x 93 mm"},"content":{"rendered":"<p>SCHLEIFPAPIER DELTA STD 100&#215;147 mm\/7L K180-10 Stk.<br \/>\nRobustes und widerstandsf\u00e4higes Korund-Schleifpapier f\u00fcr Anwendungen auf Holz und Metall; guter Materialabtrag und gute Oberfl\u00e4chenvorbereitung<\/p>\n<p>4932492771<br \/>\n4058546476427<\/p>\n","protected":false},"excerpt":{"rendered":"<p>SCHLEIFPAPIER DELTA STD 100&#215;147 mm\/7L K180-10 Stk.<\/p>\n","protected":false},"featured_media":558459,"template":"","meta":{"_seopress_robots_primary_cat":"","_seopress_titles_title":"","_seopress_titles_desc":"","_seopress_robots_index":""},"product_brand":[3407],"product_cat":[5416,33],"product_tag":[3270],"class_list":{"0":"post-832155","1":"product","2":"type-product","3":"status-publish","4":"has-post-thumbnail","6":"product_brand-milwaukee","7":"product_cat-utensili-per-officina","8":"product_cat-attrezzature","9":"product_tag-import-milwau","10":"sws-conto-ricavi-merci-rivendita-macchinari-de","11":"sws-gruppo-iva-iva81-de","13":"first","14":"onbackorder","15":"sale","16":"shipping-taxable","17":"purchasable","18":"product-type-simple"},"_links":{"self":[{"href":"https:\/\/lucacastelli.com\/de\/wp-json\/wp\/v2\/product\/832155","targetHints":{"allow":["GET"]}}],"collection":[{"href":"https:\/\/lucacastelli.com\/de\/wp-json\/wp\/v2\/product"}],"about":[{"href":"https:\/\/lucacastelli.com\/de\/wp-json\/wp\/v2\/types\/product"}],"wp:featuredmedia":[{"embeddable":true,"href":"https:\/\/lucacastelli.com\/de\/wp-json\/wp\/v2\/media\/558459"}],"wp:attachment":[{"href":"https:\/\/lucacastelli.com\/de\/wp-json\/wp\/v2\/media?parent=832155"}],"wp:term":[{"taxonomy":"product_brand","embeddable":true,"href":"https:\/\/lucacastelli.com\/de\/wp-json\/wp\/v2\/product_brand?post=832155"},{"taxonomy":"product_cat","embeddable":true,"href":"https:\/\/lucacastelli.com\/de\/wp-json\/wp\/v2\/product_cat?post=832155"},{"taxonomy":"product_tag","embeddable":true,"href":"https:\/\/lucacastelli.com\/de\/wp-json\/wp\/v2\/product_tag?post=832155"}],"curies":[{"name":"wp","href":"https:\/\/api.w.org\/{rel}","templated":true}]}}